{"id":920,"date":"2024-06-08T15:54:11","date_gmt":"2024-06-08T13:54:11","guid":{"rendered":"https:\/\/frauenarztbellheim.de\/?page_id=920"},"modified":"2025-07-08T09:11:23","modified_gmt":"2025-07-08T07:11:23","slug":"amprenta","status":"publish","type":"page","link":"https:\/\/frauenarztbellheim.de\/de\/amprenta\/","title":{"rendered":"Impressum"},"content":{"rendered":"<div class=\"wpb-content-wrapper\"><div class=\"vc_row wpb_row vc_row-fluid\"><div class=\"wpb_column vc_column_container vc_col-sm-12\"><div class=\"vc_column-inner\" ><div class=\"wpb_wrapper\"><div class=\"vc_empty_space\"   style=\"height: 50px\"><span class=\"vc_empty_space_inner\"><\/span><\/div><div class=\"dt-sc-title     with-desc\"><h2>Impressum<\/h2><span><img decoding=\"async\" src=\"https:\/\/frauenarztbellheim.de\/wp-content\/uploads\/2024\/03\/servicii.png\" alt=\"\" style=\"background-color:;\"><\/span><\/div><div class=\"vc_empty_space\"   style=\"height: 50px\"><span class=\"vc_empty_space_inner\"><\/span><\/div><\/div><\/div><\/div><\/div><div class=\"vc_row wpb_row vc_row-fluid\"><div class=\"wpb_column vc_column_container vc_col-sm-12\"><div class=\"vc_column-inner\" ><div class=\"wpb_wrapper\">\n\t<div class=\"wpb_text_column wpb_content_element\" >\n\t\t<div class=\"wpb_wrapper\">\n\t\t\t<p style=\"text-align: center;\">Praxisbezeichnung:<\/p>\n<p style=\"text-align: center;\">Frauen\u00e4rztin, Gyn\u00e4kologie und Geburtshilfe<br \/>\nDr. Niculescu Ana-Maria<br \/>\nTelefon: 07272\/73637<br \/>\nFax: 07272\/9725440<br \/>\n<a href=\"https:\/\/frauenarztbellheim.de\/de\/\" target=\"_blank\" rel=\"noopener\">www.frauenarztbellheim.de\/de\/<\/a><br \/>\n<a href=\"mailto:info@frauenarztbellheim.de\">info@frauenarztbellheim.de<\/a><\/p>\n<p style=\"text-align: center;\">Kontaktdaten:<\/p>\n<p style=\"text-align: center;\">Albert-Schweitzer-Stra\u00dfe 28, 76756 Bellheim<\/p>\n<p style=\"text-align: center;\">Steuernummer:<br \/>\nFinanzamt Speyer<\/p>\n<p style=\"text-align: center;\">Gesetzliche Berufsbezeichnung:<br \/>\n\u00c4rztin, Fach\u00e4rztin f\u00fcr Gyn\u00e4kologie und Geburtshilfe<\/p>\n<p style=\"text-align: center;\">Staat in dem die Berufsbezeichnung erworben wurde:<br \/>\nDeutschland<\/p>\n<p style=\"text-align: center;\">Inhaltlich Verantwortlicher gem\u00e4\u00df \u00a7 55 RStV:<br \/>\nDr. Niculescu Ana-Maria<\/p>\n<p style=\"text-align: center;\">Zust\u00e4ndige Aufsichtsbeh\u00f6rde:<\/p>\n<p style=\"text-align: center;\">Kassen\u00e4rztliche Vereinigung Rheinland-Pfalz<br \/>\nMaximilianstr 22, 67433 Neustadt<\/p>\n<p style=\"text-align: center;\">Zust\u00e4ndige Kammer<\/p>\n<p style=\"text-align: center;\">Landes\u00e4rztekammer Rheinland-Pfalz<\/p>\n<p style=\"text-align: center;\">K\u00f6rperschaft des \u00f6ffentlichen Rechts<br \/>\nPostfach 2926<br \/>\n55019 Mainz<\/p>\n\n\t\t<\/div>\n\t<\/div>\n<\/div><\/div><\/div><\/div><div class=\"vc_row wpb_row vc_row-fluid\"><div class=\"wpb_column vc_column_container vc_col-sm-12\"><div class=\"vc_column-inner\" ><div class=\"wpb_wrapper\"><div class=\"vc_empty_space\"   style=\"height: 50px\"><span class=\"vc_empty_space_inner\"><\/span><\/div><div class='intro-text'><h3>Haben Sie noch Fragen? Diskutieren Sie mit uns<\/h3><a href=\"https:\/\/frauenarztbellheim.de\/de\/contact\/\" target=\"_self\" title=\"Kontakt\" class=\"dt-sc-button medium fully-rounded-border with-icon icon-right\">Kontakt<span class='fab fa-accessible-icon'> <\/span><\/a><\/div><\/div><\/div><\/div><\/div>\n<\/div>","protected":false},"excerpt":{"rendered":"Amprenta Titlul practicii: Ginecolog, ginecologie \u0219i obstetric\u0103 Dr. Niculescu Ana-Maria Telefon: 07272\/73637 Fax: 07272\/9725440 www.frauenarztbellheim.de\/de\/ info@frauenarztbellheim.de Detalii de contact: Albert-Schweitzer-Stra\u00dfe 28, 76756 Bellheim Num\u0103r de identificare fiscal\u0103: Biroul de taxe [...]","protected":false},"author":1,"featured_media":0,"parent":0,"menu_order":0,"comment_status":"closed","ping_status":"closed","template":"","meta":{"footnotes":""},"_links":{"self":[{"href":"https:\/\/frauenarztbellheim.de\/de\/wp-json\/wp\/v2\/pages\/920"}],"collection":[{"href":"https:\/\/frauenarztbellheim.de\/de\/wp-json\/wp\/v2\/pages"}],"about":[{"href":"https:\/\/frauenarztbellheim.de\/de\/wp-json\/wp\/v2\/types\/page"}],"author":[{"embeddable":true,"href":"https:\/\/frauenarztbellheim.de\/de\/wp-json\/wp\/v2\/users\/1"}],"replies":[{"embeddable":true,"href":"https:\/\/frauenarztbellheim.de\/de\/wp-json\/wp\/v2\/comments?post=920"}],"version-history":[{"count":8,"href":"https:\/\/frauenarztbellheim.de\/de\/wp-json\/wp\/v2\/pages\/920\/revisions"}],"predecessor-version":[{"id":1114,"href":"https:\/\/frauenarztbellheim.de\/de\/wp-json\/wp\/v2\/pages\/920\/revisions\/1114"}],"wp:attachment":[{"href":"https:\/\/frauenarztbellheim.de\/de\/wp-json\/wp\/v2\/media?parent=920"}],"curies":[{"name":"wp","href":"https:\/\/api.w.org\/{rel}","templated":true}]}}