{"id":907,"date":"2024-05-24T18:15:28","date_gmt":"2024-05-24T16:15:28","guid":{"rendered":"https:\/\/frauenarztbellheim.de\/?page_id=907"},"modified":"2024-05-26T13:04:19","modified_gmt":"2024-05-26T11:04:19","slug":"politica-de-confidentialitate","status":"publish","type":"page","link":"https:\/\/frauenarztbellheim.de\/de\/politica-de-confidentialitate\/","title":{"rendered":"Datenschutzbestimmungen"},"content":{"rendered":"<div class=\"wpb-content-wrapper\"><div class=\"vc_row wpb_row vc_row-fluid\"><div class=\"wpb_column vc_column_container vc_col-sm-12\"><div class=\"vc_column-inner\" ><div class=\"wpb_wrapper\"><div class=\"vc_empty_space\"   style=\"height: 50px\"><span class=\"vc_empty_space_inner\"><\/span><\/div><div class=\"dt-sc-title     with-desc\"><h2>Datenschutzbestimmungen<\/h2><span><img decoding=\"async\" src=\"https:\/\/frauenarztbellheim.de\/wp-content\/uploads\/2024\/03\/servicii.png\" alt=\"\" style=\"background-color:;\"><\/span><h3><\/h3><\/div><div class=\"vc_empty_space\"   style=\"height: 25px\"><span class=\"vc_empty_space_inner\"><\/span><\/div><\/div><\/div><\/div><\/div><div class=\"vc_row wpb_row vc_row-fluid\"><div class=\"wpb_column vc_column_container vc_col-sm-12\"><div class=\"vc_column-inner\" ><div class=\"wpb_wrapper\">\n\t<div class=\"wpb_text_column wpb_content_element\" >\n\t\t<div class=\"wpb_wrapper\">\n\t\t\t<p><strong><span style=\"color: #ff99cc;\">ALLGEMEINES<\/span><\/strong><br \/>\nDie Praxis von Dr.-medic. Ana-Maria Niculescu misst dem Schutz Ihrer pers\u00f6nlichen Daten und Ihrer Privatsph\u00e4re gro\u00dfe Bedeutung bei. Wir versichern Ihnen, dass unsere Verarbeitungst\u00e4tigkeiten stets \u201emindestens\u201c der geltenden Rechtslage entsprechen. Welche personenbezogenen Daten wir im Rahmen unserer Verarbeitungst\u00e4tigkeiten im Einzelnen erheben, speichern und verarbeiten und welche Rechte Sie in diesem Zusammenhang haben, k\u00f6nnen Sie der folgenden Datenschutzerkl\u00e4rung entnehmen. Sie entspricht in vollem Umfang der General Data Protection Regulation (GDPR).\n\n\u00dcbersetzt mit DeepL.com (kostenlose Version)<\/p>\n<p>Wenn Sie Fragen zu dieser Datenschutzerkl\u00e4rung haben, wenden Sie sich bitte an die in den rechtlichen Hinweisen genannte Person.<\/p>\n<p><strong><span style=\"color: #ff99cc;\">ANWENDUNGSBEREICH<\/span><\/strong><br \/>\nDiese Datenschutzerkl\u00e4rung informiert Sie als Nutzer (nachfolgend \u201eNutzer\u201c) unserer Website \u00fcber die Art, den Umfang und den Zweck der Verarbeitung Ihrer personenbezogenen Daten durch uns (nachfolgend \u201eAnbieter\u201c), die Frauenarztpraxis Dr. Ana Maria Niculescu, Gutenberg Str. 6 29, D-76761 R\u00fclzheim, Telefon +49 (0) 07272-73637, E-Mail office@praxis-niculescu.de.<\/p>\n<p><span style=\"color: #ff99cc;\"><strong>DEFINITIONEN<\/strong><\/span><br \/>\nBez\u00fcglich der im Zusammenhang mit dieser Datenschutzerkl\u00e4rung verwendeten Begriffe wie \u201epersonenbezogene Daten\u201c oder \u201eVerarbeitung\u201c personenbezogener Daten verweisen wir auf die Definitionen in Artikel 4 der Datenschutz-Grundverordnung.<\/p>\n<p><span style=\"color: #ff99cc;\"><strong>GRUNDLEGENDE INFORMATIONEN ZUM DATENSCHUTZ<\/strong><\/span><br \/>\nDer Datenschutz dient allgemein dem Schutz personenbezogener Daten.<br \/>\nPersonenbezogene Daten sind Informationen, die zur Identifizierung eines bestimmten Nutzers verwendet werden k\u00f6nnen. Dazu geh\u00f6ren Ihr Name, Ihre E-Mail-Adresse oder Ihre Telefonnummer.<\/p>\n<p><span style=\"color: #ff99cc;\"><strong>RECHTSGRUNDLAGE F\u00dcR DIE DATENVERARBEITUNG<\/strong><\/span><br \/>\nDie Rechtsgrundlage f\u00fcr die Datenverarbeitung f\u00fcr dieses Anbieterangebot findet sich im Bundesdatenschutzgesetz - neu<br \/>\n(BDSG-Neu) \u0219i \u00een Legea privind telemedia (TMG)<\/p>\n<p><span style=\"color: #ff99cc;\"><strong>VERSCHL\u00dcSSELUNG DES DATENVERKEHRS<\/strong><\/span><br \/>\nAus Sicherheitsgr\u00fcnden und zum Schutz der \u00dcbertragung vertraulicher Inhalte verwenden wir eine SSL- oder TLS-Verschl\u00fcsselung. Dazu stellen wir ein Zertifikat zur Verf\u00fcgung, das an dem \u201es\u201c in der Protokollangabe der Internetadresse https:\/\/www.praxis-niculescu.de und an dem Vorh\u00e4ngeschloss-Symbol in der Navigationszeile des Internetbrowsers zu erkennen ist. Wenn die Verschl\u00fcsselung aktiviert ist, kann der Datenverkehr zwischen dem Nutzer, dem ISP und dem Anbieter nicht von Dritten mitgelesen werden.<\/p>\n<p><span style=\"color: #ff99cc;\"><strong>ZUGRIFF AUF DATENPROTOKOLL\/SERVERDATEIEN<\/strong><\/span><br \/>\nDer Anbieter - oder in seinem Auftrag sein Internet Service Provider - verarbeitet Daten \u00fcber jeden Zugriff auf die Website in Server-Logfiles. Zu den wesentlichen Daten geh\u00f6ren Name des abgerufenen Internetangebots, Datum und Uhrzeit des Abrufs, Angaben zu den abgerufenen Dateien, \u00fcbertragene Datenmenge, Meldung \u00fcber erfolgreichen Abruf, Typ des Internetbrowsers einschlie\u00dflich Version, das Betriebssystem des Nutzers, Referrer URL (die zuvor besuchte Seite), IP-Adresse und der anfragende Provider.<\/p>\n<p>Der Anbieter verwendet die Zugriffsdaten nur f\u00fcr statistische Auswertungen zum Zweck der Bereitstellung, Auswertung und Optimierung des Angebotes auf der Grundlage seiner berechtigten Interessen im Sinne des Art. 6 Abs. 1 lit. f. 1 f. GDPR i.V.m. Art. 6 Abs. 1 f. GDPR. GDPR i.V.m. Art. 28 GDPR.<\/p>\n<p>Wir verwenden die Zugangsdaten nur f\u00fcr statistische Analysen und k\u00f6nnen sie nicht bestimmten Personen zuordnen. Eine Zusammenf\u00fchrung dieser Daten mit anderen Datenquellen wird nicht vorgenommen, die Daten werden zudem nach einer statistischen Auswertung gel\u00f6scht.<\/p>\n<p>Dar\u00fcber hinausgehende personenbezogene Daten wie Ihr Name, Ihre Anschrift, Telefonnummer oder E-Mail-Adresse werden nicht erfasst, es sei denn, diese Angaben werden von Ihnen freiwillig gemacht, z. B. bei der Bestellung eines Rezepts oder der Vereinbarung eines Termins.<br \/>\nSafari: https:\/\/support.apple.com\/kb\/ph21411?locale=de_DE<br \/>\nChrome: https:\/\/support.google.com\/chrome\/answer\/95647?hl=de&amp;hlrm=en<br \/>\nInternet Explorer: https:\/\/support.microsoft.com\/de-de\/help\/17442\/windows-internet-explorer-delete-manage-cookies<br \/>\nFirefox: https:\/\/support.mozilla.org\/de\/kb\/cookies-erlauben-und-ablehnen<br \/>\nOpera: http:\/\/help.opera.com\/Windows\/10.20\/de\/cookies.html<\/p>\n<p>Es wird darauf hingewiesen, dass die Nutzung und insbesondere die Nutzbarkeit dieser Website ohne Cookies eingeschr\u00e4nkt sein kann.<\/p>\n<p><span style=\"color: #ff99cc;\"><strong>KONTAKT HERSTELLEN<\/strong><\/span><br \/>\nBei der Kontaktaufnahme mit dem Anbieter, z.B. per E-Mail oder ggf. \u00fcber das Rezeptanforderungsformular\/Terminanfrageformular, werden personenbezogene Daten ausschlie\u00dflich zum Zweck der Beantwortung\/Bearbeitung der Anfrage verarbeitet. Welche Daten im Falle eines Kontaktformulars verarbeitet werden, ist aus den Feldern des jeweiligen Kontaktformulars ersichtlich.<\/p>\n<p>Rechtsgrundlage f\u00fcr die Verarbeitung personenbezogener Daten im Rahmen der Kontaktaufnahme ist das berechtigte Interesse des Anbieters an der Beantwortung\/Bearbeitung der Anfrage gem\u00e4\u00df Art. 6 Abs. 1 f. 1 f. GDPR. GDPR, sowie die damit verbundene technische Administration.<\/p>\n<p><span style=\"color: #ff99cc;\"><strong>INTEGRATION VON DIENSTEN UND INHALTEN DRITTER<\/strong><\/span><\/p>\n<p>Auf Grundlage der berechtigten Interessen gem\u00e4\u00df Art. 6 Abs. 1 f. 1 f. GDPR verwendet der Anbieter Inhalte oder Serviceangebote (nachfolgend \u201eTool\u201c genannt) von Drittanbietern. Es kann daher vorkommen, dass auf dieser Website Tools von Drittanbietern wie WordPress-Plugins oder Schriftarten, Karten von Google Maps, Videos von YouTube, RSS-Feeds oder Grafiken von anderen Websites eingebunden werden. Dies setzt immer voraus, dass die Anbieter dieser Inhalte (nachfolgend Drittanbieter\u201c genannt) die IP-Adresse des Nutzers erkennen, denn: Ohne die IP-Adresse k\u00f6nnten sie die Inhalte nicht an den Internetbrowser des Nutzers senden. Der Anbieter bem\u00fcht sich, nur solche Tools zu verwenden, deren jeweilige Anbieter die IP-Adresse lediglich zur Auslieferung der Inhalte verwenden, hat aber keinen Einfluss darauf, ob der Drittanbieter die IP-Adresse z.B. f\u00fcr statistische Zwecke speichert oder nicht.<br \/>\nWenn dies bekannt ist, wird der Nutzer dar\u00fcber informiert.<\/p>\n<p><span style=\"color: #ff99cc;\"><strong>GOOGLE-ANALYSEN<\/strong><\/span><br \/>\nAufgrund des berechtigten Interesses des Anbieters an der Optimierung und Analyse unseres Onlineangebotes im Sinne des Art. 6 Abs. 1 lit. f. 1 lit. f. GDPR, benutzt diese Website den Dienst \u201eGoogle Analytics\u201c der Google Inc. GDPR, den Dienst \u201eGoogle Analytics\u201c, der von der Google Inc.<br \/>\n(1600 Amphitheatre Parkway Mountain View, CA 94043, SUA).<br \/>\nDer Dienst (Google Analytics) verwendet \u201eCookies\u201c - Textdateien, die auf Ihrem Endger\u00e4t gespeichert werden. Die durch Cookies gesammelten Informationen werden in der Regel an einen Google-Server in den USA gesendet und dort gespeichert.<\/p>\n<p>Google LLC h\u00e4lt sich an die europ\u00e4ischen Datenschutzgesetze und ist unter dem Privacy-Shield-Abkommen zertifiziert:<br \/>\nhttps:\/\/www.privacyshield.gov\/participant?id=a2zt000000001L5AAI&#038;status=Active<br \/>\nAuf dieser Website wird die IP-Anonymisierung verwendet. Nur in Einzelf\u00e4llen wird die volle IP-Adresse zun\u00e4chst an einen Server von Google in den USA \u00fcbertragen und dort gek\u00fcrzt. Durch diese K\u00fcrzung wird der Personenbezug zu Ihrer IP-Adresse aufgehoben. Die vom Browser \u00fcbermittelte Nutzer-IP-Adresse wird nicht mit anderen von Google gespeicherten Daten zusammengef\u00fchrt.<\/p>\n<p>Im Rahmen der vertraglichen Datenvereinbarung, die wir als Betreiber der Website mit der Google Inc. geschlossen haben, nutzt Google die gesammelten Informationen, um die Nutzung der Website und die Website-Aktivit\u00e4ten auszuwerten und um mit der Internetnutzung verbundene Dienstleistungen zu erbringen.<\/p>\n<p>Die von Google in unserem Auftrag gesammelten Daten werden verwendet, um die Nutzung unseres Online-Angebots durch die einzelnen Nutzer zu analysieren, z. B. zur Erstellung von Berichten \u00fcber die Website-Aktivit\u00e4ten, um unser Online-Angebot zu verbessern.<\/p>\n<p>Sie k\u00f6nnen das Speichern von Cookies auf Ihrem Ger\u00e4t verhindern, indem Sie die entsprechenden Einstellungen in Ihrem Browser vornehmen. Es kann nicht garantiert werden, dass Sie alle Funktionen dieser Website ohne Einschr\u00e4nkungen nutzen k\u00f6nnen, wenn Ihr Browser keine Cookies zul\u00e4sst.<\/p>\n<p>Sie k\u00f6nnen auch ein Browser-Plugin verwenden, um zu verhindern, dass die von Cookies gesammelten Informationen (einschlie\u00dflich Ihrer IP-Adresse) an Google Inc. gesendet werden. und deren Nutzung durch Google Inc. zu verhindern. Der folgende Link f\u00fchrt Sie zu dem entsprechenden Plugin:<br \/>\nhttps:\/\/tools.google.com\/dlpage\/gaoptout?hl=de<\/p>\n<p>Alternativ k\u00f6nnen Sie auf diesen Link klicken (WICHTIG: Abmeldelink eingeben), um zu verhindern, dass Google Analytics auf dieser Website Daten \u00fcber Sie erfasst. Wenn Sie auf den obigen Link klicken, laden Sie einen \u201eOpt-out-Cookie\u201c herunter. Ihr Browser muss daher die Speicherung von Cookies zulassen. Wenn Sie Ihre Cookies regelm\u00e4\u00dfig l\u00f6schen, m\u00fcssen Sie den Link bei jedem Besuch dieser Website erneut anklicken.<\/p>\n<p>Hier finden Sie weitere Informationen \u00fcber die Nutzung von Daten durch Google Inc:<\/p>\n<p>https:\/\/policies.google.com\/privacy\/partners?hl=de (von Google-Partnern gesammelte Daten) https:\/\/adssettings.google.de\/authenticated (Einstellungen f\u00fcr die Anzeigen, die Sie sehen) https:\/\/policies.google.com\/technologies\/ads?hl=de (Verwendung von Cookies in Anzeigen)<\/p>\n<p><span style=\"color: #ff99cc;\"><strong>TOOL-COOKIES\/IP-ADRESSE<\/strong><\/span><br \/>\nDie oben genannten Tools k\u00f6nnen Cookies verwenden, die auf dem Zugangsger\u00e4t des Nutzers gespeichert werden, um eine Analyse der Nutzung einer Webpr\u00e4sentation zu erm\u00f6glichen. Die durch Cookies erzeugten Informationen \u00fcber die Nutzung einer Website k\u00f6nnen auf einem Server au\u00dferhalb der EU gespeichert werden, wobei die IP-Adresse unmittelbar nach der Verarbeitung und vor der Speicherung anonymisiert wird.<\/p>\n<p>Der Nutzer kann die Installation der Cookies durch eine entsprechende Einstellung seines Internetbrowsers verhindern; in diesem Fall kann er jedoch m\u00f6glicherweise nicht alle Funktionen dieser Website nutzen. Weitere Informationen finden Sie unter Cookies.<\/p>\n<p><span style=\"color: #ff99cc;\"><strong>GOOGLE-KARTEN<\/strong><\/span><br \/>\nDer Anbieter bzw. seine Website verwendet kartografisches Material des Dienstes \u201eGoogle Maps\u201c der Google LLC, 1600 Amphitheatre Parkway, Mountain View, CA 94043, USA. Deren Datenschutzbestimmungen finden Sie unter https:\/\/policies.google.com\/privacy.<\/p>\n<p>Google LLC ist f\u00fcr das Datenschutzabkommen EU-US Privacy Shield (Safe Harbor) zertifiziert, das die Einhaltung des in der EU geltenden Datenschutzniveaus gew\u00e4hrleistet.<\/p>\n<p><span style=\"color: #ff99cc;\"><strong>FACEBOOK<\/strong><\/span><br \/>\nWir nutzen die Online-Plattform von Facebook als Dienstanbieter. Sie werden von unserer Website auf unsere Facebook-Seite verlinkt. Dies geschieht ausschlie\u00dflich durch aktives Anklicken des Facebook-Symbols. Anbieter dieser Plattformen ist die Facebook Ireland Limited, 4 Grand Canal Square, Dublin, Irland. Wenn Sie die Online-Dienste von Facebook nutzen, gelten die jeweiligen Datenschutzbestimmungen von Facebook. Wenn Sie im Rahmen des Online-Angebots von Facebook zur Eingabe pers\u00f6nlicher Daten aufgefordert werden oder wenn Sie um Ihre Zustimmung zur Verwendung Ihrer pers\u00f6nlichen Daten gebeten werden, gelten die jeweiligen Datenschutzbestimmungen von Facebook. Wir selbst erheben und speichern keine personenbezogenen Daten. Wir haben auch keinen Einfluss auf die Erhebung und Verarbeitung von Daten durch Facebook. Die Datenschutzbestimmungen der Facebook Ireland Ltd. finden Sie unter der URL:<br \/>\nhttps:\/\/www.facebook.com\/privacy\/explanation<\/p>\n<p>Wenn Sie uns \u00fcber die Kommentarfunktion von Facebook oder eine andere von Facebook bereitgestellte Benachrichtigung kontaktieren, werden Ihr Nutzername und Ihr Kommentar oder Ihre Nachricht von uns verarbeitet. Die von Facebook an uns \u00fcbermittelten personenbezogenen Daten werden zur Bearbeitung Ihres Anliegens oder Ihrer Anfrage und gegebenenfalls zur Begr\u00fcndung, Ausgestaltung, Durchf\u00fchrung oder \u00c4nderung eines Vertragsverh\u00e4ltnisses verwendet. Die Rechtsgrundlage f\u00fcr diese Verarbeitung ergibt sich aus Artikel 6 Absatz 1 Buchstabe a) DSGVO (Einwilligung) und gegebenenfalls auch aus Artikel 6 Absatz 1 Buchstabe b) DSGVO (Erf\u00fcllung eines Vertrags).<\/p>\n<p>Die von Ihnen \u00fcbermittelten personenbezogenen Daten werden von uns gel\u00f6scht, sobald die Bearbeitung Ihrer Anfrage oder Ihres Auftrags abgeschlossen ist oder Sie der weiteren Bearbeitung widersprochen oder eine bereits erteilte Einwilligung widerrufen haben und der L\u00f6schung keine zwingenden gesetzlichen Vorschriften oder zwingenden schutzw\u00fcrdigen Gr\u00fcnde des Verantwortlichen entgegenstehen.<\/p>\n<p>Die Empf\u00e4nger der Daten sind unsere Mitarbeiter und die f\u00fcr uns t\u00e4tigen IT-Dienstleister.<\/p>\n<p>Sie sind weder gesetzlich noch vertraglich verpflichtet, Ihre Daten zur Verf\u00fcgung zu stellen. Die erhobenen Daten sind auch nicht notwendig, um einen Vertrag mit uns zu schlie\u00dfen. M\u00f6gliche Folgen einer Nichtbereitstellung der Daten sind, dass Sie uns nicht \u00fcber unsere Facebook-Seite kontaktieren k\u00f6nnen. Im \u00dcbrigen gelten unsere allgemeinen Datenschutzhinweise.<\/p>\n<p><span style=\"color: #ff99cc;\"><strong>BENUTZERRECHTE<\/strong><\/span><\/p>\n<p><span style=\"color: #ff99cc;\">RECHT AUF INFORMATIONEN NACH ART. 15 GDPR<\/span><br \/>\nDer Nutzer hat das Recht, unentgeltlich Auskunft \u00fcber die personenbezogenen Daten zu erhalten, die \u00fcber ihn erhoben, verarbeitet und genutzt wurden oder werden.<\/p>\n<p><span style=\"color: #ff99cc;\">DAS RECHT AUF BERICHTIGUNG NACH ARTIKEL 16 GDPR<\/span><br \/>\nDer Nutzer hat das Recht, kostenlos die Berichtigung und\/oder Aktualisierung der \u00fcber ihn gespeicherten (unrichtigen) personenbezogenen Daten zu verlangen.<\/p>\n<p><span style=\"color: #ff99cc;\">DAS RECHT AUF L\u00d6SCHUNG VON DATEN GEM\u00c4SS ARTIKEL 17 GDPR<\/span><\/p>\n<p>Der Nutzer hat das Recht, unentgeltlich die L\u00f6schung der \u00fcber ihn gespeicherten personenbezogenen Daten zu verlangen (Recht auf Vergessenwerden).<\/p>\n<p><span style=\"color: #ff99cc;\">DAS RECHT AUF EINSCHR\u00c4NKUNG DER DATENVERARBEITUNG GEM\u00c4SS ART. 18 GDPR<\/span><\/p>\n<p>Der Nutzer hat das Recht, unentgeltlich die Einschr\u00e4nkung der Verarbeitung der \u00fcber ihn gespeicherten personenbezogenen Daten zu verlangen.<\/p>\n<p><span style=\"color: #ff99cc;\">DAS RECHT AUF DATEN\u00dcBERTRAGBARKEIT GEM\u00c4SS ART. 20 GDPR<\/span><\/p>\n<p>Der Nutzer hat das Recht, kostenlos die \u00dcbermittlung seiner Daten in einem maschinenlesbaren Format an sich selbst oder an einen von ihm benannten Dritten zu verlangen.<\/p>\n<p><span style=\"color: #ff99cc;\">WIDERSPRUCHSRECHT NACH ART. 21 GDPR<\/span><br \/>\nDer Nutzer hat das Recht, auf Antrag und kostenlos der Erhebung, Verarbeitung und Nutzung seiner personenbezogenen Daten zu widersprechen.<br \/>\nDas Widerspruchsrecht kann insbesondere bei der Verarbeitung zu Zwecken der Direktwerbung ausge\u00fcbt werden.<\/p>\n<p><span style=\"color: #ff99cc;\"><strong>VERSCHIEDENES<\/strong><\/span><br \/>\nWenn Sie Fragen oder Anmerkungen zu dieser Datenschutzerkl\u00e4rung haben, wenden Sie sich bitte an den im Impressum genannten Anbieter dieses Angebots.<\/p>\n<p><strong><span style=\"color: #ff99cc;\">STATUS DER DATENSCHUTZERKL\u00c4RUNG<\/span><\/strong><br \/>\n<strong><span style=\"color: #ff99cc;\">01.02.2020<\/span><\/strong><\/p>\n\n\t\t<\/div>\n\t<\/div>\n<\/div><\/div><\/div><\/div><div class=\"vc_row wpb_row vc_row-fluid\"><div class=\"wpb_column vc_column_container vc_col-sm-12\"><div class=\"vc_column-inner\" ><div class=\"wpb_wrapper\"><div class=\"vc_empty_space\"   style=\"height: 50px\"><span class=\"vc_empty_space_inner\"><\/span><\/div><div class='intro-text'><h3>Haben Sie noch Fragen? Diskutieren Sie mit uns<\/h3><a href=\"https:\/\/frauenarztbellheim.de\/de\/contact\/\" target=\"_self\" title=\"Kontakt\" class=\"dt-sc-button medium fully-rounded-border with-icon icon-right\">Kontakt<span class='fab fa-accessible-icon'> <\/span><\/a><\/div><\/div><\/div><\/div><\/div>\n<\/div>","protected":false},"excerpt":{"rendered":"Politica de confidentialitate GENERALIT\u0102\u021aI Cabinetul Dr.-medic. Ana-Maria Niculescu acord\u0103 o mare importan\u021b\u0103 protec\u021biei datelor dumneavoastr\u0103 personale \u0219i p\u0103str\u0103rii vie\u021bii private. V\u0103 asigur\u0103m c\u0103 activit\u0103\u021bile noastre de prelucrare respect\u0103 \u00eentotdeauna \"cel [...]","protected":false},"author":1,"featured_media":0,"parent":0,"menu_order":0,"comment_status":"closed","ping_status":"closed","template":"","meta":{"footnotes":""},"_links":{"self":[{"href":"https:\/\/frauenarztbellheim.de\/de\/wp-json\/wp\/v2\/pages\/907"}],"collection":[{"href":"https:\/\/frauenarztbellheim.de\/de\/wp-json\/wp\/v2\/pages"}],"about":[{"href":"https:\/\/frauenarztbellheim.de\/de\/wp-json\/wp\/v2\/types\/page"}],"author":[{"embeddable":true,"href":"https:\/\/frauenarztbellheim.de\/de\/wp-json\/wp\/v2\/users\/1"}],"replies":[{"embeddable":true,"href":"https:\/\/frauenarztbellheim.de\/de\/wp-json\/wp\/v2\/comments?post=907"}],"version-history":[{"count":11,"href":"https:\/\/frauenarztbellheim.de\/de\/wp-json\/wp\/v2\/pages\/907\/revisions"}],"predecessor-version":[{"id":918,"href":"https:\/\/frauenarztbellheim.de\/de\/wp-json\/wp\/v2\/pages\/907\/revisions\/918"}],"wp:attachment":[{"href":"https:\/\/frauenarztbellheim.de\/de\/wp-json\/wp\/v2\/media?parent=907"}],"curies":[{"name":"wp","href":"https:\/\/api.w.org\/{rel}","templated":true}]}}