{"id":597,"date":"2024-03-10T22:07:43","date_gmt":"2024-03-10T22:07:43","guid":{"rendered":"http:\/\/frauenarztbellheim.de\/?page_id=597"},"modified":"2025-07-24T20:29:04","modified_gmt":"2025-07-24T18:29:04","slug":"dr-ana-maria-niculescu","status":"publish","type":"page","link":"https:\/\/frauenarztbellheim.de\/de\/despre-noi\/dr-ana-maria-niculescu\/","title":{"rendered":"Dr. Ana-Maria Niculescu"},"content":{"rendered":"<div class=\"wpb-content-wrapper\"><div class=\"vc_row wpb_row vc_row-fluid\"><div class=\"wpb_column vc_column_container vc_col-sm-12\"><div class=\"vc_column-inner\" ><div class=\"wpb_wrapper\"><div class=\"vc_empty_space\"   style=\"height: 50px\"><span class=\"vc_empty_space_inner\"><\/span><\/div><div class=\"vc_empty_space\"   style=\"height: 50px\"><span class=\"vc_empty_space_inner\"><\/span><\/div>\n\t<div  class=\"wpb_single_image wpb_content_element vc_align_center  wpb_animate_when_almost_visible wpb_fadeInDown fadeInDown\">\n\t\t\n\t\t<figure class=\"wpb_wrapper vc_figure\">\n\t\t\t<div class=\"vc_single_image-wrapper   vc_box_border_grey\"><img loading=\"lazy\" decoding=\"async\" width=\"208\" height=\"300\" src=\"https:\/\/frauenarztbellheim.de\/wp-content\/uploads\/2024\/02\/Dr-Ana-Maria-Niculescu-1-e1589451279516.jpg\" class=\"vc_single_image-img attachment-medium\" alt=\"\" title=\"Dr-Ana-Maria-Niculescu-1-e1589451279516\" \/><\/div>\n\t\t<\/figure>\n\t<\/div>\n<div class=\"vc_empty_space\"   style=\"height: 50px\"><span class=\"vc_empty_space_inner\"><\/span><\/div><div class=\"dt-sc-title     with-desc\"><h2>Dr. Ana - Maria Niculescu<\/h2><span><img decoding=\"async\" src=\"https:\/\/frauenarztbellheim.de\/wp-content\/uploads\/2024\/03\/title9.png\" alt=\"\" style=\"background-color:;\"><\/span><h3>Ich bin Fach\u00e4rztin f\u00fcr Gyn\u00e4kologie und Geburtshilfe mit \u00fcber 25 Jahren klinischer Erfahrung, die ich in renommierten Kliniken in Deutschland und Rum\u00e4nien gesammelt habe. Im Laufe meiner Karriere war ich \u00fcber 20 Jahre lang als Fach- und Ober\u00e4rztin in spezialisierten medizinischen Einrichtungen beider L\u00e4nder t\u00e4tig.<\/p>\n<p>Um meinen Patientinnen moderne und sichere medizinische L\u00f6sungen anbieten zu k\u00f6nnen, habe ich mich in folgenden Bereichen weitergebildet:\n\t\u2022\tGyn\u00e4kologische laparoskopische und hysteroskopische Chirurgie,\n\t\u2022\tAndrologie \u2013 intrauterine Insemination (IUI),\n\t\u2022\tMinimalinvasive Techniken in der Gyn\u00e4kologie.<\/p>\n<p>Seit dem Jahr 2020 \u00fcbe ich meinen Beruf in meiner eigenen Praxis aus, in der ich mit Engagement und Professionalit\u00e4t t\u00e4tig bin und individuell abgestimmte gyn\u00e4kologische und geburtshilfliche Leistungen anbiete.<\/p>\n<p>Meine Praxis steht f\u00fcr eine medizinische Betreuung, die auf Professionalit\u00e4t, Empathie und Respekt basiert \u2013 in einem diskreten und sicheren Umfeld, in dem jede Patientin die Aufmerksamkeit und F\u00fcrsorge erh\u00e4lt, die sie verdient.<\/h3><\/div><\/div><\/div><\/div><\/div>\n<\/div>","protected":false},"excerpt":{"rendered":"Dr. Ana - Maria NiculescuSunt medic specialist \u00een obstetric\u0103-ginecologie, cu o experien\u021b\u0103 clinic\u0103 de peste 25 de ani dob\u00e2ndit\u0103 \u00een spitale de renume din Germania \u0219i Rom\u00e2nia. De-a lungul carierei, [...]","protected":false},"author":1,"featured_media":0,"parent":260,"menu_order":0,"comment_status":"closed","ping_status":"closed","template":"","meta":{"footnotes":""},"_links":{"self":[{"href":"https:\/\/frauenarztbellheim.de\/de\/wp-json\/wp\/v2\/pages\/597"}],"collection":[{"href":"https:\/\/frauenarztbellheim.de\/de\/wp-json\/wp\/v2\/pages"}],"about":[{"href":"https:\/\/frauenarztbellheim.de\/de\/wp-json\/wp\/v2\/types\/page"}],"author":[{"embeddable":true,"href":"https:\/\/frauenarztbellheim.de\/de\/wp-json\/wp\/v2\/users\/1"}],"replies":[{"embeddable":true,"href":"https:\/\/frauenarztbellheim.de\/de\/wp-json\/wp\/v2\/comments?post=597"}],"version-history":[{"count":6,"href":"https:\/\/frauenarztbellheim.de\/de\/wp-json\/wp\/v2\/pages\/597\/revisions"}],"predecessor-version":[{"id":1146,"href":"https:\/\/frauenarztbellheim.de\/de\/wp-json\/wp\/v2\/pages\/597\/revisions\/1146"}],"up":[{"embeddable":true,"href":"https:\/\/frauenarztbellheim.de\/de\/wp-json\/wp\/v2\/pages\/260"}],"wp:attachment":[{"href":"https:\/\/frauenarztbellheim.de\/de\/wp-json\/wp\/v2\/media?parent=597"}],"curies":[{"name":"wp","href":"https:\/\/api.w.org\/{rel}","templated":true}]}}