{"id":507,"date":"2024-03-07T14:11:35","date_gmt":"2024-03-07T14:11:35","guid":{"rendered":"https:\/\/frauenarztbellheim.de\/?page_id=507"},"modified":"2024-03-30T12:03:52","modified_gmt":"2024-03-30T12:03:52","slug":"toxoplasmoza","status":"publish","type":"page","link":"https:\/\/frauenarztbellheim.de\/de\/servicii-2\/diagnostic\/diagnostic-depistare-in-timpul-sarcinii\/toxoplasmoza\/","title":{"rendered":"Toxoplasmose"},"content":{"rendered":"<div class=\"wpb-content-wrapper\"><div class=\"vc_row wpb_row vc_row-fluid\"><div class=\"wpb_column vc_column_container vc_col-sm-12\"><div class=\"vc_column-inner\" ><div class=\"wpb_wrapper\"><div class=\"vc_empty_space\"   style=\"height: 100px\"><span class=\"vc_empty_space_inner\"><\/span><\/div>\n\t<div  class=\"wpb_single_image wpb_content_element vc_align_center  wpb_animate_when_almost_visible wpb_bounceInDown bounceInDown\">\n\t\t\n\t\t<figure class=\"wpb_wrapper vc_figure\">\n\t\t\t<div class=\"vc_single_image-wrapper vc_box_shadow_border  vc_box_border_grey\"><img loading=\"lazy\" decoding=\"async\" width=\"500\" height=\"333\" src=\"https:\/\/frauenarztbellheim.de\/wp-content\/uploads\/2024\/03\/toxoplasmoza.jpg\" class=\"vc_single_image-img attachment-large\" alt=\"\" title=\"toxoplasmoza\" srcset=\"https:\/\/frauenarztbellheim.de\/wp-content\/uploads\/2024\/03\/toxoplasmoza.jpg 500w, https:\/\/frauenarztbellheim.de\/wp-content\/uploads\/2024\/03\/toxoplasmoza-300x200.jpg 300w\" sizes=\"(max-width: 500px) 100vw, 500px\" \/><\/div>\n\t\t<\/figure>\n\t<\/div>\n<div class=\"vc_empty_space\"   style=\"height: 50px\"><span class=\"vc_empty_space_inner\"><\/span><\/div><div class=\"dt-sc-title dotted    with-desc\"><h2>Toxoplasmose<\/h2><span><img decoding=\"async\" src=\"https:\/\/frauenarztbellheim.de\/wp-content\/uploads\/2024\/03\/servicii.png\" alt=\"\" style=\"background-color:;\"><\/span><h3>Die Toxoplasmose wurde 1939 als Krankheit anerkannt, nachdem der Erreger 1908 von Charles Nicolle und Louis Manceaux entdeckt worden war. Die heute bekannte \u00dcbertragbarkeit von Katzen auf den Menschen wurde Mitte der 1960er Jahre von William Hutchison entdeckt.<\/h3><\/div><div class=\"vc_empty_space\"   style=\"height: 100px\"><span class=\"vc_empty_space_inner\"><\/span><\/div>\n\t<div class=\"wpb_text_column wpb_content_element\" >\n\t\t<div class=\"wpb_wrapper\">\n\t\t\t<div id=\"output\" class=\"page-generator__output js-generator-output\">\n<p>Die Serokonversion, d.h. der Wechsel von keinen Antik\u00f6rpern gegen Toxoplasma zum Nachweis positiver Antik\u00f6rper, ist eine gute Methode, um die H\u00e4ufigkeit der Infektion in einer Population zu bestimmen. In Deutschland liegt die Serokonversionsrate bei 50 %. Die meisten Menschen infizieren sich durch den Verzehr von unzureichend gegartem Schweinefleisch, weshalb Vegetarier seltener an Toxoplasmose erkranken.<\/p>\n<p>&nbsp;<\/p>\n<p><span style=\"color: #ff0000;\"><em>Mit einem Bluttest kann festgestellt werden, ob Antik\u00f6rper gegen Toxoplasma im Blut vorhanden sind.<\/em><\/span><\/p>\n<p><span style=\"color: #ff0000;\"><em>Frauen, die eine Toxoplasmose-Infektion durchgemacht haben, entwickeln Antik\u00f6rper in ihrem Blut.<\/em><\/span><\/p>\n<p><em>\u00a0<\/em><\/p>\n<p>Sie sind daher normalerweise immun gegen eine Infektion, und es besteht fast kein Risiko f\u00fcr den F\u00f6tus. Diese Frauen k\u00f6nnen zwar eine Sekund\u00e4rinfektion mit Toxoplasmose bekommen, aber auch hier besteht kaum ein Risiko f\u00fcr den F\u00f6tus.<\/p>\n<p>Im ersten Trimester entwickeln 70 % der infizierten S\u00e4uglinge eine kongenitale Toxoplasmose, die in der Regel zu einer Fehlgeburt f\u00fchrt. Im zweiten und dritten Trimester entwickeln 30 % bzw. 10 % eine kongenitale Toxoplasmose, die sich bei 75 % bzw. 90 % zu einer latenten Toxoplasmose entwickelt und zu erheblichen Defiziten beim Kind f\u00fchrt.<\/p>\n<p>Bei infizierten Kindern kann es zu Krampfanf\u00e4llen, kognitiven Beeintr\u00e4chtigungen, Sch\u00e4den an Leber, Lunge, Gehirn, Augen, Herzmuskel und Hirnhaut kommen. Ein Viertel der Kinder, die vor der Geburt mit Toxoplasma gondii infiziert werden, haben geistige Behinderungen, Spastizit\u00e4t, Epilepsie, Wasserkopf und Verkalkung der Hirngef\u00e4\u00dfe.<\/p>\n<\/div>\n\n\t\t<\/div>\n\t<\/div>\n<\/div><\/div><\/div><\/div>\n<\/div>","protected":false},"excerpt":{"rendered":"ToxoplasmozaToxoplasmoza a fost recunoscut\u0103 ca boal\u0103 \u00een 1939, agentul patogen fiind descoperit \u00een 1908 de Charles Nicolle \u0219i Louis Manceaux. Transmisibilitatea, acum cunoscut\u0103, de la pisici la oameni a fost [...]","protected":false},"author":1,"featured_media":0,"parent":435,"menu_order":1,"comment_status":"closed","ping_status":"closed","template":"","meta":{"footnotes":""},"_links":{"self":[{"href":"https:\/\/frauenarztbellheim.de\/de\/wp-json\/wp\/v2\/pages\/507"}],"collection":[{"href":"https:\/\/frauenarztbellheim.de\/de\/wp-json\/wp\/v2\/pages"}],"about":[{"href":"https:\/\/frauenarztbellheim.de\/de\/wp-json\/wp\/v2\/types\/page"}],"author":[{"embeddable":true,"href":"https:\/\/frauenarztbellheim.de\/de\/wp-json\/wp\/v2\/users\/1"}],"replies":[{"embeddable":true,"href":"https:\/\/frauenarztbellheim.de\/de\/wp-json\/wp\/v2\/comments?post=507"}],"version-history":[{"count":4,"href":"https:\/\/frauenarztbellheim.de\/de\/wp-json\/wp\/v2\/pages\/507\/revisions"}],"predecessor-version":[{"id":832,"href":"https:\/\/frauenarztbellheim.de\/de\/wp-json\/wp\/v2\/pages\/507\/revisions\/832"}],"up":[{"embeddable":true,"href":"https:\/\/frauenarztbellheim.de\/de\/wp-json\/wp\/v2\/pages\/435"}],"wp:attachment":[{"href":"https:\/\/frauenarztbellheim.de\/de\/wp-json\/wp\/v2\/media?parent=507"}],"curies":[{"name":"wp","href":"https:\/\/api.w.org\/{rel}","templated":true}]}}