{"id":506,"date":"2024-03-07T14:11:11","date_gmt":"2024-03-07T14:11:11","guid":{"rendered":"https:\/\/frauenarztbellheim.de\/?page_id=506"},"modified":"2024-03-30T12:00:50","modified_gmt":"2024-03-30T12:00:50","slug":"ecografie-abdominala-pelvina-vaginala","status":"publish","type":"page","link":"https:\/\/frauenarztbellheim.de\/de\/servicii-2\/diagnostic\/diagnostic-general\/ecografie-abdominala-pelvina-vaginala\/","title":{"rendered":"Becken- \/ Vaginal-Ultraschall des Unterleibs"},"content":{"rendered":"<div class=\"wpb-content-wrapper\"><div class=\"vc_row wpb_row vc_row-fluid\"><div class=\"wpb_column vc_column_container vc_col-sm-12\"><div class=\"vc_column-inner\" ><div class=\"wpb_wrapper\"><div class=\"vc_empty_space\"   style=\"height: 100px\"><span class=\"vc_empty_space_inner\"><\/span><\/div>\n\t<div  class=\"wpb_single_image wpb_content_element vc_align_center  wpb_animate_when_almost_visible wpb_bounceInDown bounceInDown\">\n\t\t\n\t\t<figure class=\"wpb_wrapper vc_figure\">\n\t\t\t<div class=\"vc_single_image-wrapper vc_box_shadow_border  vc_box_border_grey\"><img loading=\"lazy\" decoding=\"async\" width=\"500\" height=\"333\" src=\"https:\/\/frauenarztbellheim.de\/wp-content\/uploads\/2024\/03\/Ecografie-abdominala-pelvina.jpg\" class=\"vc_single_image-img attachment-large\" alt=\"\" title=\"Ecografie abdominala pelvina\" srcset=\"https:\/\/frauenarztbellheim.de\/wp-content\/uploads\/2024\/03\/Ecografie-abdominala-pelvina.jpg 500w, https:\/\/frauenarztbellheim.de\/wp-content\/uploads\/2024\/03\/Ecografie-abdominala-pelvina-300x200.jpg 300w\" sizes=\"(max-width: 500px) 100vw, 500px\" \/><\/div>\n\t\t<\/figure>\n\t<\/div>\n<div class=\"vc_empty_space\"   style=\"height: 50px\"><span class=\"vc_empty_space_inner\"><\/span><\/div><div class=\"dt-sc-title dotted    with-desc\"><h2>Becken- \/ Vaginal-Ultraschall des Unterleibs<\/h2><span><img decoding=\"async\" src=\"https:\/\/frauenarztbellheim.de\/wp-content\/uploads\/2024\/03\/servicii.png\" alt=\"\" style=\"background-color:;\"><\/span><h3>Die Eierst\u00f6cke haben die Gr\u00f6\u00dfe einer Walnuss und sind nur zu ertasten, wenn die Bauchdecke sehr d\u00fcnn und entspannt ist. Bei einem durchschnittlichen K\u00f6rpergewicht ist ein Tumor in dieser Region in einer Gr\u00f6\u00dfe zwischen einer Mandarine und einer Orange tastbar. Handelt es sich um einen Krebstumor, sind meist bereits Metastasen und Wasser in der Bauchh\u00f6hle vorhanden.<\/h3><\/div><div class=\"vc_empty_space\"   style=\"height: 100px\"><span class=\"vc_empty_space_inner\"><\/span><\/div>\n\t<div class=\"wpb_text_column wpb_content_element\" >\n\t\t<div class=\"wpb_wrapper\">\n\t\t\t<div id=\"output\" class=\"page-generator__output js-generator-output\">\n<p><span style=\"color: #ff0000;\"><em>Eierstockkrebs hat den Ruf, besonders b\u00f6sartig zu sein - das stimmt nicht, er wird nur zu sp\u00e4t gef\u00fchlt und erkannt! Deshalb wird er auch operiert und behandelt<\/em> t\u00e2rziu!<\/span><\/p>\n<p>&nbsp;<\/p>\n<p>Bei einem Unterbauch-Ultraschall untersuchen wir beide Eierst\u00f6cke, die Eileiter, die Geb\u00e4rmutter und die Geb\u00e4rmutterschleimhaut; wir beurteilen auch, ob sich Fl\u00fcssigkeit (Blut, Eiter, Wasser) in der Bauchh\u00f6hle befindet, und schlie\u00dflich untersuchen wir die Blase auf Blasenkrebs. Obwohl die Blase nicht unser Fachgebiet ist, liegt sie direkt vor der Geb\u00e4rmutter und viele Blasentumore und leider auch Blasenkrebs werden im Fr\u00fchstadium ohne Symptome entdeckt und an den Facharzt, den Urologen, \u00fcberwiesen.<\/p>\n<p>&nbsp;<\/p>\n<p><span style=\"color: #ff0000;\"><em>Ver\u00e4nderungen an den Bauchorganen k\u00f6nnen mit Ultraschalluntersuchungen fr\u00fcher erkannt und somit effektiver behandelt werden!<\/em><\/span><\/p>\n<\/div>\n\n\t\t<\/div>\n\t<\/div>\n<\/div><\/div><\/div><\/div>\n<\/div>","protected":false},"excerpt":{"rendered":"Ecografie abdominala pelvina \/ vaginalaOvarele sunt de m\u0103rimea unei nuci \u0219i pot fi sim\u021bite doar atunci c\u00e2nd peretele abdominal este foarte sub\u021bire \u0219i relaxat. La o greutate corporal\u0103 medie, o [...]","protected":false},"author":1,"featured_media":0,"parent":434,"menu_order":9,"comment_status":"closed","ping_status":"closed","template":"","meta":{"footnotes":""},"_links":{"self":[{"href":"https:\/\/frauenarztbellheim.de\/de\/wp-json\/wp\/v2\/pages\/506"}],"collection":[{"href":"https:\/\/frauenarztbellheim.de\/de\/wp-json\/wp\/v2\/pages"}],"about":[{"href":"https:\/\/frauenarztbellheim.de\/de\/wp-json\/wp\/v2\/types\/page"}],"author":[{"embeddable":true,"href":"https:\/\/frauenarztbellheim.de\/de\/wp-json\/wp\/v2\/users\/1"}],"replies":[{"embeddable":true,"href":"https:\/\/frauenarztbellheim.de\/de\/wp-json\/wp\/v2\/comments?post=506"}],"version-history":[{"count":4,"href":"https:\/\/frauenarztbellheim.de\/de\/wp-json\/wp\/v2\/pages\/506\/revisions"}],"predecessor-version":[{"id":830,"href":"https:\/\/frauenarztbellheim.de\/de\/wp-json\/wp\/v2\/pages\/506\/revisions\/830"}],"up":[{"embeddable":true,"href":"https:\/\/frauenarztbellheim.de\/de\/wp-json\/wp\/v2\/pages\/434"}],"wp:attachment":[{"href":"https:\/\/frauenarztbellheim.de\/de\/wp-json\/wp\/v2\/media?parent=506"}],"curies":[{"name":"wp","href":"https:\/\/api.w.org\/{rel}","templated":true}]}}