{"id":505,"date":"2024-03-07T14:10:39","date_gmt":"2024-03-07T14:10:39","guid":{"rendered":"https:\/\/frauenarztbellheim.de\/?page_id=505"},"modified":"2024-03-30T11:59:49","modified_gmt":"2024-03-30T11:59:49","slug":"ecografie-mamara","status":"publish","type":"page","link":"https:\/\/frauenarztbellheim.de\/de\/servicii-2\/diagnostic\/diagnostic-general\/ecografie-mamara\/","title":{"rendered":"Brust-Ultraschall"},"content":{"rendered":"<div class=\"wpb-content-wrapper\"><div class=\"vc_row wpb_row vc_row-fluid\"><div class=\"wpb_column vc_column_container vc_col-sm-12\"><div class=\"vc_column-inner\" ><div class=\"wpb_wrapper\"><div class=\"vc_empty_space\"   style=\"height: 100px\"><span class=\"vc_empty_space_inner\"><\/span><\/div>\n\t<div  class=\"wpb_single_image wpb_content_element vc_align_center  wpb_animate_when_almost_visible wpb_bounceInDown bounceInDown\">\n\t\t\n\t\t<figure class=\"wpb_wrapper vc_figure\">\n\t\t\t<div class=\"vc_single_image-wrapper vc_box_shadow_border  vc_box_border_grey\"><img loading=\"lazy\" decoding=\"async\" width=\"500\" height=\"333\" src=\"https:\/\/frauenarztbellheim.de\/wp-content\/uploads\/2024\/03\/Ecografie-mamara.jpg\" class=\"vc_single_image-img attachment-large\" alt=\"\" title=\"Brust-Ultraschall\" srcset=\"https:\/\/frauenarztbellheim.de\/wp-content\/uploads\/2024\/03\/Ecografie-mamara.jpg 500w, https:\/\/frauenarztbellheim.de\/wp-content\/uploads\/2024\/03\/Ecografie-mamara-300x200.jpg 300w\" sizes=\"(max-width: 500px) 100vw, 500px\" \/><\/div>\n\t\t<\/figure>\n\t<\/div>\n<div class=\"vc_empty_space\"   style=\"height: 50px\"><span class=\"vc_empty_space_inner\"><\/span><\/div><div class=\"dt-sc-title dotted    with-desc\"><h2>Brust-Ultraschall<\/h2><span><img decoding=\"async\" src=\"https:\/\/frauenarztbellheim.de\/wp-content\/uploads\/2024\/03\/servicii.png\" alt=\"\" style=\"background-color:;\"><\/span><h3>Der Brustultraschall ist eine medizinisch-wissenschaftlich anerkannte Untersuchung der Brustdr\u00fcse mit Ultraschallwellen. Sie dient der Diagnose von Gewebever\u00e4nderungen in den Brustdr\u00fcsen und ist v\u00f6llig frei von Nebenwirkungen.<\/h3><\/div><div class=\"vc_empty_space\"   style=\"height: 100px\"><span class=\"vc_empty_space_inner\"><\/span><\/div>\n\t<div class=\"wpb_text_column wpb_content_element\" >\n\t\t<div class=\"wpb_wrapper\">\n\t\t\t<div id=\"output\" class=\"page-generator__output js-generator-output\">\n<p>Seine St\u00e4rke liegt darin, dass er unterscheiden kann, ob es sich bei einem Knoten in der Brust um eine einfache Fl\u00fcssigkeitsansammlung (Zyste) oder einen festen Tumor handelt. Zysten sind immer gutartig und ein solider Tumor kann gut- oder b\u00f6sartig sein.<\/p>\n<p>&nbsp;<\/p>\n<p>Bei weichem Dr\u00fcsengewebe kann ein erbsengro\u00dfer Klumpen in der Brust ertastet werden. Bei jungen Frauen vor der Menopause, die in der Regel ein eher festes, manchmal knotiges Dr\u00fcsengewebe haben, ist eine Fr\u00fchdiagnose mit einem 5 mm gro\u00dfen Tumor durch Abtasten praktisch nie m\u00f6glich.<\/p>\n<p>&nbsp;<\/p>\n<p><span style=\"color: #ff0000;\"><em>Brustkrebs kann nur geheilt werden, wenn der Tumor noch nicht gestreut hat! Die Ausbreitung oder Metastasierung h\u00e4ngt vor allem von der Gr\u00f6\u00dfe und B\u00f6sartigkeit des Tumors ab!<\/em><\/span><\/p>\n<p><em>\u00a0<\/em><\/p>\n<p><span style=\"color: #ff99cc;\">Wir empfehlen eine Ultraschalluntersuchung der Brust:<\/span><\/p>\n<p>F\u00fcr regelm\u00e4\u00dfige Krebsvorsorgeuntersuchungen ab dem Alter von 30 Jahren auf festes Dr\u00fcsengewebe<\/p>\n<p>Bei Ver\u00e4nderungen in der Brustdr\u00fcse - Knoten, Schwellungen, Schmerzen, Ausfluss<\/p>\n<p>W\u00e4hrend der Schwangerschaft und Stillzeit, da dann die Tastbarkeit eingeschr\u00e4nkt ist<\/p>\n<p>Im Falle von Brustkrebs in der Familie: Mutter, Schwester, Tante oder Gro\u00dfmutter<\/p>\n<p>F\u00fcr die regelm\u00e4\u00dfige Krebsvorsorge ab dem 50. Lebensjahr, aufgrund des allgemeinen Risikos des Alters<\/p>\n<p>Im Falle von knotigem Dr\u00fcsengewebe (Mastopathie) in jedem Alter<\/p>\n<p>Im Falle geschwollener Lymphknoten in der Achselh\u00f6hle<\/p>\n<p>Dank der verwendeten Schallwellen ist der Brust-Ultraschall absolut nebenwirkungsfrei und unbedenklich. Sie sollte in regelm\u00e4\u00dfigen Abst\u00e4nden wiederholt werden.<\/p>\n<p>&nbsp;<\/p>\n<p><span style=\"color: #ff0000;\"><em>Lernen Sie, Ver\u00e4nderungen zu erkennen, indem Sie Ihre Br\u00fcste regelm\u00e4\u00dfig und sorgf\u00e4ltig untersuchen und Ihre Br\u00fcste und Achselh\u00f6hlen abtasten.<\/em><\/span><\/p>\n<\/div>\n\n\t\t<\/div>\n\t<\/div>\n<\/div><\/div><\/div><\/div>\n<\/div>","protected":false},"excerpt":{"rendered":"Ecografie mamaraEcografia mamar\u0103 este o examinare recunoscut\u0103 din punct de vedere medical \u0219i \u0219tiin\u021bific a glandei mamare cu ajutorul undelor ultrasonore. Este utilizat\u0103 pentru a diagnostica modific\u0103rile tisulare din glandele [...]","protected":false},"author":1,"featured_media":0,"parent":434,"menu_order":8,"comment_status":"closed","ping_status":"closed","template":"","meta":{"footnotes":""},"_links":{"self":[{"href":"https:\/\/frauenarztbellheim.de\/de\/wp-json\/wp\/v2\/pages\/505"}],"collection":[{"href":"https:\/\/frauenarztbellheim.de\/de\/wp-json\/wp\/v2\/pages"}],"about":[{"href":"https:\/\/frauenarztbellheim.de\/de\/wp-json\/wp\/v2\/types\/page"}],"author":[{"embeddable":true,"href":"https:\/\/frauenarztbellheim.de\/de\/wp-json\/wp\/v2\/users\/1"}],"replies":[{"embeddable":true,"href":"https:\/\/frauenarztbellheim.de\/de\/wp-json\/wp\/v2\/comments?post=505"}],"version-history":[{"count":3,"href":"https:\/\/frauenarztbellheim.de\/de\/wp-json\/wp\/v2\/pages\/505\/revisions"}],"predecessor-version":[{"id":829,"href":"https:\/\/frauenarztbellheim.de\/de\/wp-json\/wp\/v2\/pages\/505\/revisions\/829"}],"up":[{"embeddable":true,"href":"https:\/\/frauenarztbellheim.de\/de\/wp-json\/wp\/v2\/pages\/434"}],"wp:attachment":[{"href":"https:\/\/frauenarztbellheim.de\/de\/wp-json\/wp\/v2\/media?parent=505"}],"curies":[{"name":"wp","href":"https:\/\/api.w.org\/{rel}","templated":true}]}}