{"id":504,"date":"2024-03-07T14:09:25","date_gmt":"2024-03-07T14:09:25","guid":{"rendered":"https:\/\/frauenarztbellheim.de\/?page_id=504"},"modified":"2024-03-30T11:57:38","modified_gmt":"2024-03-30T11:57:38","slug":"test-de-urina-depistare-cancer-de-vezica-urinara","status":"publish","type":"page","link":"https:\/\/frauenarztbellheim.de\/de\/servicii-2\/diagnostic\/diagnostic-general\/test-de-urina-depistare-cancer-de-vezica-urinara\/","title":{"rendered":"Urintest zur Fr\u00fcherkennung von Blasenkrebs"},"content":{"rendered":"<div class=\"wpb-content-wrapper\"><div class=\"vc_row wpb_row vc_row-fluid\"><div class=\"wpb_column vc_column_container vc_col-sm-12\"><div class=\"vc_column-inner\" ><div class=\"wpb_wrapper\"><div class=\"vc_empty_space\"   style=\"height: 100px\"><span class=\"vc_empty_space_inner\"><\/span><\/div>\n\t<div  class=\"wpb_single_image wpb_content_element vc_align_center  wpb_animate_when_almost_visible wpb_bounceInDown bounceInDown\">\n\t\t\n\t\t<figure class=\"wpb_wrapper vc_figure\">\n\t\t\t<div class=\"vc_single_image-wrapper vc_box_shadow_border  vc_box_border_grey\"><img loading=\"lazy\" decoding=\"async\" width=\"500\" height=\"333\" src=\"https:\/\/frauenarztbellheim.de\/wp-content\/uploads\/2024\/03\/Test-depistare-cancerde-vezica-urinara.jpg\" class=\"vc_single_image-img attachment-large\" alt=\"\" title=\"Test depistare cancerde vezica urinara\" srcset=\"https:\/\/frauenarztbellheim.de\/wp-content\/uploads\/2024\/03\/Test-depistare-cancerde-vezica-urinara.jpg 500w, https:\/\/frauenarztbellheim.de\/wp-content\/uploads\/2024\/03\/Test-depistare-cancerde-vezica-urinara-300x200.jpg 300w\" sizes=\"(max-width: 500px) 100vw, 500px\" \/><\/div>\n\t\t<\/figure>\n\t<\/div>\n<div class=\"vc_empty_space\"   style=\"height: 50px\"><span class=\"vc_empty_space_inner\"><\/span><\/div><div class=\"dt-sc-title dotted    with-desc\"><h2>Urintest zur Fr\u00fcherkennung von Blasenkrebs<\/h2><span><img decoding=\"async\" src=\"https:\/\/frauenarztbellheim.de\/wp-content\/uploads\/2024\/03\/servicii.png\" alt=\"\" style=\"background-color:;\"><\/span><h3>Der NMP22-Test (Nuklearmatrixprotein 22) wird zur Fr\u00fcherkennung von Blasenkrebs und zur Nachsorge von Blasenkrebs eingesetzt.<\/h3><\/div><div class=\"vc_empty_space\"   style=\"height: 100px\"><span class=\"vc_empty_space_inner\"><\/span><\/div>\n\t<div class=\"wpb_text_column wpb_content_element\" >\n\t\t<div class=\"wpb_wrapper\">\n\t\t\t<div id=\"output\" class=\"page-generator__output js-generator-output\">\n<p><span style=\"color: #ff0000;\"><em>Haarf\u00e4rben und Rauchen erh\u00f6hen das Auftreten von Blasenkrebs und sind bereits h\u00f6her als das Risiko von Geb\u00e4rmutterhalskrebs.<\/em><\/span><\/p>\n<p>&nbsp;<\/p>\n<p><span style=\"color: #ff99cc;\">Die folgenden Faktoren beg\u00fcnstigen die Entstehung von Blasenkrebs:<\/span><\/p>\n<p>Haarf\u00e4rbemittel (zehn Jahre Haarf\u00e4rbemittel = 3-mal h\u00f6heres Risiko f\u00fcr Blasenkrebs)<\/p>\n<p>Rauchen<\/p>\n<p>Erh\u00f6hter Alkoholkonsum<\/p>\n<p>Aromatische Amine in Arzneimitteln - z. B. Cyclophosphamid-basierte Zytostatika<\/p>\n<p>Kontakt mit Chemikalien (Petrochemie, Renovierung, Textil- oder Farbindustrie)<\/p>\n<p>Chronische Blasenentz\u00fcndungen<\/p>\n<p>Blasenkrebs bei Friseuren (Farbstoffe), Schornsteinfegern (Ru\u00df), Berufskraftfahrern (Benzin\/Diesel) und Schlossern (L\u00f6sungsmittel) wird von der Berufsgenossenschaft als Berufskrankheit anerkannt.<\/p>\n<p>&nbsp;<\/p>\n<p><span style=\"color: #ff0000;\"><em>In den fr\u00fchen Stadien der Krebsentwicklung gibt es keine Symptome, d. h. keine Warnzeichen.<\/em><\/span><\/p>\n<p>&nbsp;<\/p>\n<p>Zur Durchf\u00fchrung des Tests werden nur wenige Tropfen Urin ben\u00f6tigt.<\/p>\n<p>Der Test hat eine hohe Sensitivit\u00e4t (Erfolgsquote).<\/p>\n<p>Die Methode ist einfach und schmerzlos durchzuf\u00fchren.<\/p>\n<p>&nbsp;<\/p>\n<p><span style=\"color: #ff0000;\"><em>NMP22-Test erm\u00f6glicht fr\u00fchere Erkennung von Blasenkrebs<\/em><\/span><\/p>\n<\/div>\n\n\t\t<\/div>\n\t<\/div>\n<\/div><\/div><\/div><\/div>\n<\/div>","protected":false},"excerpt":{"rendered":"Test de urina depistare cancer de vezica urinaraTestul NMP22 (proteina matricei nucleare 22) este utilizat pentru depistarea precoce a cancerului de vezic\u0103 urinar\u0103 \u0219i pentru urm\u0103rirea cancerului de vezic\u0103 urinar\u0103. [...]","protected":false},"author":1,"featured_media":0,"parent":434,"menu_order":7,"comment_status":"closed","ping_status":"closed","template":"","meta":{"footnotes":""},"_links":{"self":[{"href":"https:\/\/frauenarztbellheim.de\/de\/wp-json\/wp\/v2\/pages\/504"}],"collection":[{"href":"https:\/\/frauenarztbellheim.de\/de\/wp-json\/wp\/v2\/pages"}],"about":[{"href":"https:\/\/frauenarztbellheim.de\/de\/wp-json\/wp\/v2\/types\/page"}],"author":[{"embeddable":true,"href":"https:\/\/frauenarztbellheim.de\/de\/wp-json\/wp\/v2\/users\/1"}],"replies":[{"embeddable":true,"href":"https:\/\/frauenarztbellheim.de\/de\/wp-json\/wp\/v2\/comments?post=504"}],"version-history":[{"count":3,"href":"https:\/\/frauenarztbellheim.de\/de\/wp-json\/wp\/v2\/pages\/504\/revisions"}],"predecessor-version":[{"id":828,"href":"https:\/\/frauenarztbellheim.de\/de\/wp-json\/wp\/v2\/pages\/504\/revisions\/828"}],"up":[{"embeddable":true,"href":"https:\/\/frauenarztbellheim.de\/de\/wp-json\/wp\/v2\/pages\/434"}],"wp:attachment":[{"href":"https:\/\/frauenarztbellheim.de\/de\/wp-json\/wp\/v2\/media?parent=504"}],"curies":[{"name":"wp","href":"https:\/\/api.w.org\/{rel}","templated":true}]}}