{"id":503,"date":"2024-03-07T14:08:44","date_gmt":"2024-03-07T14:08:44","guid":{"rendered":"https:\/\/frauenarztbellheim.de\/?page_id=503"},"modified":"2024-03-30T11:56:17","modified_gmt":"2024-03-30T11:56:17","slug":"test-depistare-cancer-de-colon","status":"publish","type":"page","link":"https:\/\/frauenarztbellheim.de\/de\/servicii-2\/diagnostic\/diagnostic-general\/test-depistare-cancer-de-colon\/","title":{"rendered":"Test zur Darmkrebsvorsorge"},"content":{"rendered":"<div class=\"wpb-content-wrapper\"><div class=\"vc_row wpb_row vc_row-fluid\"><div class=\"wpb_column vc_column_container vc_col-sm-12\"><div class=\"vc_column-inner\" ><div class=\"wpb_wrapper\"><div class=\"vc_empty_space\"   style=\"height: 100px\"><span class=\"vc_empty_space_inner\"><\/span><\/div>\n\t<div  class=\"wpb_single_image wpb_content_element vc_align_center  wpb_animate_when_almost_visible wpb_bounceInDown bounceInDown\">\n\t\t\n\t\t<figure class=\"wpb_wrapper vc_figure\">\n\t\t\t<div class=\"vc_single_image-wrapper vc_box_shadow_border  vc_box_border_grey\"><img loading=\"lazy\" decoding=\"async\" width=\"500\" height=\"333\" src=\"https:\/\/frauenarztbellheim.de\/wp-content\/uploads\/2024\/03\/Test-depistare-cancer-de-colon.jpg\" class=\"vc_single_image-img attachment-large\" alt=\"\" title=\"Test zur Darmkrebsvorsorge\" srcset=\"https:\/\/frauenarztbellheim.de\/wp-content\/uploads\/2024\/03\/Test-depistare-cancer-de-colon.jpg 500w, https:\/\/frauenarztbellheim.de\/wp-content\/uploads\/2024\/03\/Test-depistare-cancer-de-colon-300x200.jpg 300w\" sizes=\"(max-width: 500px) 100vw, 500px\" \/><\/div>\n\t\t<\/figure>\n\t<\/div>\n<div class=\"vc_empty_space\"   style=\"height: 50px\"><span class=\"vc_empty_space_inner\"><\/span><\/div><div class=\"dt-sc-title dotted    with-desc\"><h2>Test zur Darmkrebsvorsorge<\/h2><span><img decoding=\"async\" src=\"https:\/\/frauenarztbellheim.de\/wp-content\/uploads\/2024\/03\/servicii.png\" alt=\"\" style=\"background-color:;\"><\/span><h3>Der Stuhl-Immunoassay wird zur Fr\u00fcherkennung und damit zur Pr\u00e4vention von Darmkrebs eingesetzt.\nDer Test basiert auf dem immunologischen Nachweis von okkultem (verstecktem) Blut.<\/h3><\/div><div class=\"vc_empty_space\"   style=\"height: 100px\"><span class=\"vc_empty_space_inner\"><\/span><\/div>\n\t<div class=\"wpb_text_column wpb_content_element\" >\n\t\t<div class=\"wpb_wrapper\">\n\t\t\t<div id=\"output\" class=\"page-generator__output js-generator-output\">\n<p><span style=\"color: #ff99cc;\">Verfahren:<\/span><\/p>\n<p>Der Nachweis von okkultem Blut im Stuhl wird zur Diagnose von kolorektalen Karzinomen (Darmkrebs) oder kolorektalen Polypen eingesetzt.<\/p>\n<p>70-80% aller kolorektalen Polypen sind Adenome, die das Potenzial haben, b\u00f6sartig zu werden.<\/p>\n<p>Der immunologische Stuhltest ist spezifischer als der \u00fcbliche Haemoccult\u00ae-Stuhltest, da er nur menschliches H\u00e4moglobin nachweist (es muss keine spezielle Di\u00e4t eingehalten werden).<\/p>\n<p>Der Test enth\u00e4lt spezifische Antik\u00f6rper (Substanzen, die mit den besonderen Oberfl\u00e4cheneigenschaften des H\u00e4moglobins reagieren) und ist daher ein sehr empfindliches Verfahren.<\/p>\n<p>&nbsp;<\/p>\n<p><span style=\"color: #ff0000;\"><em>Ein positives Testergebnis erfordert weitere Untersuchungen.<\/em><\/span><\/p>\n<\/div>\n\n\t\t<\/div>\n\t<\/div>\n<\/div><\/div><\/div><\/div>\n<\/div>","protected":false},"excerpt":{"rendered":"Test depistare cancer de colonTestul imunologic de scaun este utilizat pentru depistarea precoce \u0219i, prin urmare, pentru prevenirea cancerului intestinal. Testul se bazeaz\u0103 pe detectarea imunologic\u0103 a s\u00e2ngelui ocult (ascuns). [...]","protected":false},"author":1,"featured_media":0,"parent":434,"menu_order":6,"comment_status":"closed","ping_status":"closed","template":"","meta":{"footnotes":""},"_links":{"self":[{"href":"https:\/\/frauenarztbellheim.de\/de\/wp-json\/wp\/v2\/pages\/503"}],"collection":[{"href":"https:\/\/frauenarztbellheim.de\/de\/wp-json\/wp\/v2\/pages"}],"about":[{"href":"https:\/\/frauenarztbellheim.de\/de\/wp-json\/wp\/v2\/types\/page"}],"author":[{"embeddable":true,"href":"https:\/\/frauenarztbellheim.de\/de\/wp-json\/wp\/v2\/users\/1"}],"replies":[{"embeddable":true,"href":"https:\/\/frauenarztbellheim.de\/de\/wp-json\/wp\/v2\/comments?post=503"}],"version-history":[{"count":3,"href":"https:\/\/frauenarztbellheim.de\/de\/wp-json\/wp\/v2\/pages\/503\/revisions"}],"predecessor-version":[{"id":827,"href":"https:\/\/frauenarztbellheim.de\/de\/wp-json\/wp\/v2\/pages\/503\/revisions\/827"}],"up":[{"embeddable":true,"href":"https:\/\/frauenarztbellheim.de\/de\/wp-json\/wp\/v2\/pages\/434"}],"wp:attachment":[{"href":"https:\/\/frauenarztbellheim.de\/de\/wp-json\/wp\/v2\/media?parent=503"}],"curies":[{"name":"wp","href":"https:\/\/api.w.org\/{rel}","templated":true}]}}