{"id":502,"date":"2024-03-07T14:08:13","date_gmt":"2024-03-07T14:08:13","guid":{"rendered":"https:\/\/frauenarztbellheim.de\/?page_id=502"},"modified":"2024-03-30T11:55:13","modified_gmt":"2024-03-30T11:55:13","slug":"test-de-fertilitate","status":"publish","type":"page","link":"https:\/\/frauenarztbellheim.de\/de\/servicii-2\/diagnostic\/diagnostic-general\/test-de-fertilitate\/","title":{"rendered":"Fruchtbarkeitstest"},"content":{"rendered":"<div class=\"wpb-content-wrapper\"><div class=\"vc_row wpb_row vc_row-fluid\"><div class=\"wpb_column vc_column_container vc_col-sm-12\"><div class=\"vc_column-inner\" ><div class=\"wpb_wrapper\"><div class=\"vc_empty_space\"   style=\"height: 100px\"><span class=\"vc_empty_space_inner\"><\/span><\/div>\n\t<div  class=\"wpb_single_image wpb_content_element vc_align_center  wpb_animate_when_almost_visible wpb_bounceInDown bounceInDown\">\n\t\t\n\t\t<figure class=\"wpb_wrapper vc_figure\">\n\t\t\t<div class=\"vc_single_image-wrapper vc_box_shadow_border  vc_box_border_grey\"><img loading=\"lazy\" decoding=\"async\" width=\"500\" height=\"333\" src=\"https:\/\/frauenarztbellheim.de\/wp-content\/uploads\/2024\/03\/Test-de-fertilitate.jpg\" class=\"vc_single_image-img attachment-large\" alt=\"\" title=\"Fruchtbarkeitstest\" srcset=\"https:\/\/frauenarztbellheim.de\/wp-content\/uploads\/2024\/03\/Test-de-fertilitate.jpg 500w, https:\/\/frauenarztbellheim.de\/wp-content\/uploads\/2024\/03\/Test-de-fertilitate-300x200.jpg 300w\" sizes=\"(max-width: 500px) 100vw, 500px\" \/><\/div>\n\t\t<\/figure>\n\t<\/div>\n<div class=\"vc_empty_space\"   style=\"height: 50px\"><span class=\"vc_empty_space_inner\"><\/span><\/div><div class=\"dt-sc-title dotted    with-desc\"><h2>Fruchtbarkeitstest<\/h2><span><img decoding=\"async\" src=\"https:\/\/frauenarztbellheim.de\/wp-content\/uploads\/2024\/03\/servicii.png\" alt=\"\" style=\"background-color:;\"><\/span><h3>Anti-M\u00fcller-Hormon (AMH) wird in den Eierst\u00f6cken der geschlechtsreifen Frau gebildet und kann jederzeit mit hoher Zuverl\u00e4ssigkeit aus dem Blutserum bestimmt werden.<\/h3><\/div><div class=\"vc_empty_space\"   style=\"height: 100px\"><span class=\"vc_empty_space_inner\"><\/span><\/div>\n\t<div class=\"wpb_text_column wpb_content_element\" >\n\t\t<div class=\"wpb_wrapper\">\n\t\t\t<div id=\"output\" class=\"page-generator__output js-generator-output\">\n<p><em><span style=\"color: #ff99cc;\">Fruchtbarkeitstest:<\/span> <\/em><\/p>\n<p>Wie funktionieren meine Eierst\u00f6cke?<\/p>\n<p>Kann ich noch schwanger werden oder ist es schon zu sp\u00e4t?<\/p>\n<p><em><span style=\"color: #ff99cc;\">Empf\u00e4ngnisverh\u00fctung:<\/span> <\/em><\/p>\n<p>Kann ich trotzdem ungewollt schwanger werden oder brauche ich keine Verh\u00fctung mehr?<\/p>\n<\/div>\n\n\t\t<\/div>\n\t<\/div>\n<\/div><\/div><\/div><\/div>\n<\/div>","protected":false},"excerpt":{"rendered":"Test de fertilitateHormonul anti-m\u00fcllerian (AMH) este produs \u00een ovare la femeile mature din punct de vedere sexual \u0219i poate fi determinat \u00een orice moment cu un grad ridicat de fiabilitate, [...]","protected":false},"author":1,"featured_media":0,"parent":434,"menu_order":5,"comment_status":"closed","ping_status":"closed","template":"","meta":{"footnotes":""},"_links":{"self":[{"href":"https:\/\/frauenarztbellheim.de\/de\/wp-json\/wp\/v2\/pages\/502"}],"collection":[{"href":"https:\/\/frauenarztbellheim.de\/de\/wp-json\/wp\/v2\/pages"}],"about":[{"href":"https:\/\/frauenarztbellheim.de\/de\/wp-json\/wp\/v2\/types\/page"}],"author":[{"embeddable":true,"href":"https:\/\/frauenarztbellheim.de\/de\/wp-json\/wp\/v2\/users\/1"}],"replies":[{"embeddable":true,"href":"https:\/\/frauenarztbellheim.de\/de\/wp-json\/wp\/v2\/comments?post=502"}],"version-history":[{"count":6,"href":"https:\/\/frauenarztbellheim.de\/de\/wp-json\/wp\/v2\/pages\/502\/revisions"}],"predecessor-version":[{"id":826,"href":"https:\/\/frauenarztbellheim.de\/de\/wp-json\/wp\/v2\/pages\/502\/revisions\/826"}],"up":[{"embeddable":true,"href":"https:\/\/frauenarztbellheim.de\/de\/wp-json\/wp\/v2\/pages\/434"}],"wp:attachment":[{"href":"https:\/\/frauenarztbellheim.de\/de\/wp-json\/wp\/v2\/media?parent=502"}],"curies":[{"name":"wp","href":"https:\/\/api.w.org\/{rel}","templated":true}]}}