{"id":501,"date":"2024-03-07T14:07:37","date_gmt":"2024-03-07T14:07:37","guid":{"rendered":"https:\/\/frauenarztbellheim.de\/?page_id=501"},"modified":"2024-03-30T11:54:10","modified_gmt":"2024-03-30T11:54:10","slug":"ecografie-de-sarcina","status":"publish","type":"page","link":"https:\/\/frauenarztbellheim.de\/de\/servicii-2\/diagnostic\/diagnostic-general\/ecografie-de-sarcina\/","title":{"rendered":"Ultraschall in der Schwangerschaft"},"content":{"rendered":"<div class=\"wpb-content-wrapper\"><div class=\"vc_row wpb_row vc_row-fluid\"><div class=\"wpb_column vc_column_container vc_col-sm-12\"><div class=\"vc_column-inner\" ><div class=\"wpb_wrapper\"><div class=\"vc_empty_space\"   style=\"height: 100px\"><span class=\"vc_empty_space_inner\"><\/span><\/div>\n\t<div  class=\"wpb_single_image wpb_content_element vc_align_center  wpb_animate_when_almost_visible wpb_bounceInDown bounceInDown\">\n\t\t\n\t\t<figure class=\"wpb_wrapper vc_figure\">\n\t\t\t<div class=\"vc_single_image-wrapper vc_box_shadow_border  vc_box_border_grey\"><img loading=\"lazy\" decoding=\"async\" width=\"500\" height=\"333\" src=\"https:\/\/frauenarztbellheim.de\/wp-content\/uploads\/2024\/03\/Ecografie-de-sarcina.jpg\" class=\"vc_single_image-img attachment-large\" alt=\"\" title=\"Ultraschall in der Schwangerschaft\" srcset=\"https:\/\/frauenarztbellheim.de\/wp-content\/uploads\/2024\/03\/Ecografie-de-sarcina.jpg 500w, https:\/\/frauenarztbellheim.de\/wp-content\/uploads\/2024\/03\/Ecografie-de-sarcina-300x200.jpg 300w\" sizes=\"(max-width: 500px) 100vw, 500px\" \/><\/div>\n\t\t<\/figure>\n\t<\/div>\n<div class=\"vc_empty_space\"   style=\"height: 50px\"><span class=\"vc_empty_space_inner\"><\/span><\/div><div class=\"dt-sc-title dotted    with-desc\"><h2>Ultraschall in der Schwangerschaft<\/h2><span><img decoding=\"async\" src=\"https:\/\/frauenarztbellheim.de\/wp-content\/uploads\/2024\/03\/servicii.png\" alt=\"\" style=\"background-color:;\"><\/span><h3>Ultraschall ist ein bildgebendes Verfahren zur schonenden Untersuchung von Geweben und Organen.<\/h3><\/div><div class=\"vc_empty_space\"   style=\"height: 100px\"><span class=\"vc_empty_space_inner\"><\/span><\/div>\n\t<div class=\"wpb_text_column wpb_content_element\" >\n\t\t<div class=\"wpb_wrapper\">\n\t\t\t<div id=\"output\" class=\"page-generator__output js-generator-output\">\n<p><span style=\"color: #ff99cc;\"><em>Ein Vorteil des Ultraschalls gegen\u00fcber R\u00f6ntgenstrahlen ist, dass die verwendeten Schallwellen unsch\u00e4dlich sind.<\/em><\/span><\/p>\n<p>&nbsp;<\/p>\n<p>Wir bieten Ultraschalluntersuchungen der Bauchorgane und der Brustdr\u00fcsen an.<\/p>\n<p>Ihre Eierst\u00f6cke sind etwa so gro\u00df wie Waln\u00fcsse. Sie k\u00f6nnen sie nur bei sehr d\u00fcnnen und v\u00f6llig entspannten Frauen sp\u00fcren. Normalerweise ist ein Eierstocktumor von der Gr\u00f6\u00dfe einer Mandarine bei d\u00fcnnen Patientinnen zu ertasten, bei Patientinnen mit einer festen Bauchdecke von der Gr\u00f6\u00dfe einer Orange und bei fettleibigen Patientinnen fr\u00fchestens von der Gr\u00f6\u00dfe einer Grapefruit!<\/p>\n<p>&nbsp;<\/p>\n<p><span style=\"color: #ff0000;\"><em>Das ist der Grund, warum Eierstockkrebs seit einem Jahrhundert immer zu sp\u00e4t erkannt wird!<\/em><\/span><\/p>\n<p><span style=\"color: #ff0000;\"><em>Ultraschalluntersuchungen erm\u00f6glichen eine fr\u00fchere Diagnose und rechtzeitige Behandlung von Krankheiten<\/em>.<\/span><\/p>\n<p><em>\u00a0<\/em><\/p>\n<p>Im Gegensatz zum Tastbefund kann der Ultraschall schon bei einem 6-mm-Baby in der Fr\u00fchschwangerschaft z.B. Herzklappenbewegungen, d.h. Herzschl\u00e4ge, zeigen; so gut ist die Aufl\u00f6sung moderner und leider sehr teurer Ger\u00e4te. Nach den gesetzlichen Richtlinien d\u00fcrfen wir nur dann eine Ultraschalluntersuchung (US) durchf\u00fchren, wenn es bei der Palpation einen verd\u00e4chtigen Befund gibt!<\/p>\n<p>&nbsp;<\/p>\n<p>Ein Knoten in der Brust kann fr\u00fchestens ab einem Durchmesser von 5 mm ertastet werden, sofern es sich um gleichm\u00e4\u00dfig weiches Dr\u00fcsengewebe handelt; handelt es sich um Krebs, ist er je nach B\u00f6sartigkeit bereits 10 bis 15 Jahre alt!<\/p>\n<p>&nbsp;<\/p>\n<p>Bei knotigem Brustgewebe, d. h. bei den meisten jungen Frauen vor der Menopause, ist die Ultraschalluntersuchung der Abtastung oder der Mammographie weit \u00fcberlegen.<\/p>\n<\/div>\n\n\t\t<\/div>\n\t<\/div>\n<\/div><\/div><\/div><\/div>\n<\/div>","protected":false},"excerpt":{"rendered":"Ecografie de sarcinaEcografia este o procedur\u0103 de imagistic\u0103 pentru examinarea delicat\u0103 a \u021besuturilor \u0219i a organelor. Un avantaj al ultrasunetelor fa\u021b\u0103 de razele X este c\u0103 undele sonore utilizate sunt [...]","protected":false},"author":1,"featured_media":0,"parent":434,"menu_order":4,"comment_status":"closed","ping_status":"closed","template":"","meta":{"footnotes":""},"_links":{"self":[{"href":"https:\/\/frauenarztbellheim.de\/de\/wp-json\/wp\/v2\/pages\/501"}],"collection":[{"href":"https:\/\/frauenarztbellheim.de\/de\/wp-json\/wp\/v2\/pages"}],"about":[{"href":"https:\/\/frauenarztbellheim.de\/de\/wp-json\/wp\/v2\/types\/page"}],"author":[{"embeddable":true,"href":"https:\/\/frauenarztbellheim.de\/de\/wp-json\/wp\/v2\/users\/1"}],"replies":[{"embeddable":true,"href":"https:\/\/frauenarztbellheim.de\/de\/wp-json\/wp\/v2\/comments?post=501"}],"version-history":[{"count":4,"href":"https:\/\/frauenarztbellheim.de\/de\/wp-json\/wp\/v2\/pages\/501\/revisions"}],"predecessor-version":[{"id":825,"href":"https:\/\/frauenarztbellheim.de\/de\/wp-json\/wp\/v2\/pages\/501\/revisions\/825"}],"up":[{"embeddable":true,"href":"https:\/\/frauenarztbellheim.de\/de\/wp-json\/wp\/v2\/pages\/434"}],"wp:attachment":[{"href":"https:\/\/frauenarztbellheim.de\/de\/wp-json\/wp\/v2\/media?parent=501"}],"curies":[{"name":"wp","href":"https:\/\/api.w.org\/{rel}","templated":true}]}}