{"id":500,"date":"2024-03-07T14:06:29","date_gmt":"2024-03-07T14:06:29","guid":{"rendered":"https:\/\/frauenarztbellheim.de\/?page_id=500"},"modified":"2024-03-30T11:52:57","modified_gmt":"2024-03-30T11:52:57","slug":"diagnosticul-sterilitatii","status":"publish","type":"page","link":"https:\/\/frauenarztbellheim.de\/de\/servicii-2\/diagnostic\/diagnostic-general\/diagnosticul-sterilitatii\/","title":{"rendered":"Diagnose der Sterilit\u00e4t"},"content":{"rendered":"<div class=\"wpb-content-wrapper\"><div class=\"vc_row wpb_row vc_row-fluid\"><div class=\"wpb_column vc_column_container vc_col-sm-12\"><div class=\"vc_column-inner\" ><div class=\"wpb_wrapper\"><div class=\"vc_empty_space\"   style=\"height: 100px\"><span class=\"vc_empty_space_inner\"><\/span><\/div>\n\t<div  class=\"wpb_single_image wpb_content_element vc_align_center  wpb_animate_when_almost_visible wpb_bounceInDown bounceInDown\">\n\t\t\n\t\t<figure class=\"wpb_wrapper vc_figure\">\n\t\t\t<div class=\"vc_single_image-wrapper vc_box_shadow_border  vc_box_border_grey\"><img loading=\"lazy\" decoding=\"async\" width=\"500\" height=\"333\" src=\"https:\/\/frauenarztbellheim.de\/wp-content\/uploads\/2024\/03\/Diagnosticul-sterilitatii.jpg\" class=\"vc_single_image-img attachment-large\" alt=\"\" title=\"Diagnose der Sterilit\u00e4t\" srcset=\"https:\/\/frauenarztbellheim.de\/wp-content\/uploads\/2024\/03\/Diagnosticul-sterilitatii.jpg 500w, https:\/\/frauenarztbellheim.de\/wp-content\/uploads\/2024\/03\/Diagnosticul-sterilitatii-300x200.jpg 300w\" sizes=\"(max-width: 500px) 100vw, 500px\" \/><\/div>\n\t\t<\/figure>\n\t<\/div>\n<div class=\"vc_empty_space\"   style=\"height: 50px\"><span class=\"vc_empty_space_inner\"><\/span><\/div><div class=\"dt-sc-title dotted    with-desc\"><h2>Diagnose der Sterilit\u00e4t<\/h2><span><img decoding=\"async\" src=\"https:\/\/frauenarztbellheim.de\/wp-content\/uploads\/2024\/03\/servicii.png\" alt=\"\" style=\"background-color:;\"><\/span><h3>In 70% der F\u00e4lle wird eine Frau, die sich ein Kind w\u00fcnscht, nach einem Jahr schwanger sein. Wenn dies nicht der Fall ist, k\u00f6nnen wir mit der Unfruchtbarkeitsdiagnose beginnen.<\/h3><\/div><div class=\"vc_empty_space\"   style=\"height: 100px\"><span class=\"vc_empty_space_inner\"><\/span><\/div>\n\t<div class=\"wpb_text_column wpb_content_element\" >\n\t\t<div class=\"wpb_wrapper\">\n\t\t\t<div id=\"output\" class=\"page-generator__output js-generator-output\">\n<p>Die Basaltemperatur zeigt mir, ob und wann der Eisprung stattfindet und wie lang und stark die einzelnen Phasen des Zyklus sind.<\/p>\n<p>Bei der Hormondiagnostik \u00fcberpr\u00fcfen wir die Funktion des Zwischenhirns, der Hypophyse, der Schilddr\u00fcse, der Eierst\u00f6cke und der Nebennieren.<\/p>\n<p>Sowohl Untergewicht als auch \u00dcbergewicht sind sch\u00e4dlich f\u00fcr die Schwangerschaft.<\/p>\n<p>Untersuchung der Geb\u00e4rmutter und der Eierst\u00f6cke mit Ultraschall<\/p>\n<p>In der H\u00e4lfte aller F\u00e4lle liegt die Ursache der Unfruchtbarkeit beim Mann. Aus diesem Grund wird eine Untersuchung der Samenqualit\u00e4t durch einen Urologen oder Dermatologen durchgef\u00fchrt.<\/p>\n<p>Damit dies f\u00fcr das \"starke und sehr sensible Geschlecht\" nicht zu stressig wird, bespreche ich das Vorgehen mit Ihnen.<\/p>\n<p>Bleibt die Unfruchtbarkeitsbehandlung erfolglos, werden die Eileiter im Krankenhaus untersucht und gegebenenfalls in dem Unfruchtbarkeitszentrum, mit dem wir eng zusammenarbeiten, weiter behandelt.<\/p>\n<\/div>\n\n\t\t<\/div>\n\t<\/div>\n<\/div><\/div><\/div><\/div>\n<\/div>","protected":false},"excerpt":{"rendered":"Diagnosticul sterilitatii\u00cen 70% din cazuri, o femeie care dore\u0219te s\u0103 aib\u0103 copii va fi \u00eens\u0103rcinat\u0103 dup\u0103 un an. Dac\u0103 nu este cazul, putem incepe diagnosticul nostru de infertilitate . Temperatura [...]","protected":false},"author":1,"featured_media":0,"parent":434,"menu_order":3,"comment_status":"closed","ping_status":"closed","template":"","meta":{"footnotes":""},"_links":{"self":[{"href":"https:\/\/frauenarztbellheim.de\/de\/wp-json\/wp\/v2\/pages\/500"}],"collection":[{"href":"https:\/\/frauenarztbellheim.de\/de\/wp-json\/wp\/v2\/pages"}],"about":[{"href":"https:\/\/frauenarztbellheim.de\/de\/wp-json\/wp\/v2\/types\/page"}],"author":[{"embeddable":true,"href":"https:\/\/frauenarztbellheim.de\/de\/wp-json\/wp\/v2\/users\/1"}],"replies":[{"embeddable":true,"href":"https:\/\/frauenarztbellheim.de\/de\/wp-json\/wp\/v2\/comments?post=500"}],"version-history":[{"count":4,"href":"https:\/\/frauenarztbellheim.de\/de\/wp-json\/wp\/v2\/pages\/500\/revisions"}],"predecessor-version":[{"id":824,"href":"https:\/\/frauenarztbellheim.de\/de\/wp-json\/wp\/v2\/pages\/500\/revisions\/824"}],"up":[{"embeddable":true,"href":"https:\/\/frauenarztbellheim.de\/de\/wp-json\/wp\/v2\/pages\/434"}],"wp:attachment":[{"href":"https:\/\/frauenarztbellheim.de\/de\/wp-json\/wp\/v2\/media?parent=500"}],"curies":[{"name":"wp","href":"https:\/\/api.w.org\/{rel}","templated":true}]}}