{"id":497,"date":"2024-03-07T14:03:01","date_gmt":"2024-03-07T14:03:01","guid":{"rendered":"https:\/\/frauenarztbellheim.de\/?page_id=497"},"modified":"2024-03-26T21:13:49","modified_gmt":"2024-03-26T21:13:49","slug":"consiliere-sexuala","status":"publish","type":"page","link":"https:\/\/frauenarztbellheim.de\/de\/servicii-2\/preventie-si-tratament\/consiliere-sexuala\/","title":{"rendered":"Sexualberatung"},"content":{"rendered":"<div class=\"wpb-content-wrapper\"><div class=\"vc_row wpb_row vc_row-fluid\"><div class=\"wpb_column vc_column_container vc_col-sm-12\"><div class=\"vc_column-inner\" ><div class=\"wpb_wrapper\"><div class=\"vc_empty_space\"   style=\"height: 100px\"><span class=\"vc_empty_space_inner\"><\/span><\/div>\n\t<div  class=\"wpb_single_image wpb_content_element vc_align_center  wpb_animate_when_almost_visible wpb_bounceInDown bounceInDown\">\n\t\t\n\t\t<figure class=\"wpb_wrapper vc_figure\">\n\t\t\t<div class=\"vc_single_image-wrapper vc_box_shadow_border  vc_box_border_grey\"><img loading=\"lazy\" decoding=\"async\" width=\"500\" height=\"333\" src=\"https:\/\/frauenarztbellheim.de\/wp-content\/uploads\/2024\/03\/consiliere-sexuala.jpg\" class=\"vc_single_image-img attachment-large\" alt=\"\" title=\"consiliere-sexuala\" srcset=\"https:\/\/frauenarztbellheim.de\/wp-content\/uploads\/2024\/03\/consiliere-sexuala.jpg 500w, https:\/\/frauenarztbellheim.de\/wp-content\/uploads\/2024\/03\/consiliere-sexuala-300x200.jpg 300w\" sizes=\"(max-width: 500px) 100vw, 500px\" \/><\/div>\n\t\t<\/figure>\n\t<\/div>\n<div class=\"vc_empty_space\"   style=\"height: 50px\"><span class=\"vc_empty_space_inner\"><\/span><\/div><div class=\"dt-sc-title dotted    with-desc\"><h2>Sexualberatung<\/h2><span><img decoding=\"async\" src=\"https:\/\/frauenarztbellheim.de\/wp-content\/uploads\/2024\/03\/servicii.png\" alt=\"\" style=\"background-color:;\"><\/span><h3>Sexuelle St\u00f6rungen sind weit verbreitet. Laut einer US-amerikanischen Studie* aus dem Jahr 1999 litten etwa 43 % der befragten Frauen im Alter von 18 bis 59 Jahren unter sexuellen St\u00f6rungen.<\/h3><\/div><div class=\"vc_empty_space\"   style=\"height: 100px\"><span class=\"vc_empty_space_inner\"><\/span><\/div>\n\t<div class=\"wpb_text_column wpb_content_element\" >\n\t\t<div class=\"wpb_wrapper\">\n\t\t\t<div id=\"output\" class=\"page-generator__output js-generator-output\">\n<p>33% leiden unter Libidoverlust<\/p>\n<p>10% leiden unter Scheidentrockenheit<\/p>\n<p>24% leiden unter Orgasmusst\u00f6rungen<\/p>\n<p>14% haben Schmerzen beim Sex<\/p>\n<p>&nbsp;<\/p>\n<p>Libidoverlust ist ein weit verbreitetes Problem und kann verschiedene Ursachen haben.<\/p>\n<p>&nbsp;<\/p>\n<p>Sexuelle St\u00f6rungen treten oft als Neben- oder Folgeerscheinung anderer Krankheiten auf. Dies ist f\u00fcr die Diagnose von gro\u00dfer Bedeutung, da auch die zugrunde liegende Krankheit erkannt und behandelt werden muss. Diabetes zum Beispiel kann zu Sensibilit\u00e4tsst\u00f6rungen im Genitalbereich f\u00fchren.<\/p>\n<p>&nbsp;<\/p>\n<p>Die wichtigsten Krankheiten:<\/p>\n<p>Hoher Blutdruck<\/p>\n<p>Diabetes mellitus<\/p>\n<p>Depression<\/p>\n<p>Vaginitis<\/p>\n<p>Urininkontinenz<\/p>\n<p>Hormonelle St\u00f6rungen aufgrund von Eierstockerkrankungen<\/p>\n<p>Schilddr\u00fcse<\/p>\n<p>Auch Vaginismus (Scheidenkr\u00e4mpfe) und ein steifes, straffes Jungfernh\u00e4utchen (Hymen) k\u00f6nnen zu einem Problem werden.<\/p>\n<p>&nbsp;<\/p>\n<p><span style=\"color: #ff0000;\"><em>Der erste Schritt ist, die Ursache zu finden und dann gezielt zu behandeln.<\/em><\/span><\/p>\n<\/div>\n\n\t\t<\/div>\n\t<\/div>\n<\/div><\/div><\/div><\/div>\n<\/div>","protected":false},"excerpt":{"rendered":"Consiliere sexualaTulbur\u0103rile sexuale sunt frecvente. Potrivit unui studiu american* din 1999, aproximativ 43% dintre femeile intervievate cu v\u00e2rste cuprinse \u00eentre 18 \u0219i 59 de ani sufereau de tulbur\u0103ri sexuale. 33% [...]","protected":false},"author":1,"featured_media":0,"parent":361,"menu_order":7,"comment_status":"closed","ping_status":"closed","template":"","meta":{"footnotes":""},"_links":{"self":[{"href":"https:\/\/frauenarztbellheim.de\/de\/wp-json\/wp\/v2\/pages\/497"}],"collection":[{"href":"https:\/\/frauenarztbellheim.de\/de\/wp-json\/wp\/v2\/pages"}],"about":[{"href":"https:\/\/frauenarztbellheim.de\/de\/wp-json\/wp\/v2\/types\/page"}],"author":[{"embeddable":true,"href":"https:\/\/frauenarztbellheim.de\/de\/wp-json\/wp\/v2\/users\/1"}],"replies":[{"embeddable":true,"href":"https:\/\/frauenarztbellheim.de\/de\/wp-json\/wp\/v2\/comments?post=497"}],"version-history":[{"count":4,"href":"https:\/\/frauenarztbellheim.de\/de\/wp-json\/wp\/v2\/pages\/497\/revisions"}],"predecessor-version":[{"id":806,"href":"https:\/\/frauenarztbellheim.de\/de\/wp-json\/wp\/v2\/pages\/497\/revisions\/806"}],"up":[{"embeddable":true,"href":"https:\/\/frauenarztbellheim.de\/de\/wp-json\/wp\/v2\/pages\/361"}],"wp:attachment":[{"href":"https:\/\/frauenarztbellheim.de\/de\/wp-json\/wp\/v2\/media?parent=497"}],"curies":[{"name":"wp","href":"https:\/\/api.w.org\/{rel}","templated":true}]}}