{"id":495,"date":"2024-03-07T14:03:08","date_gmt":"2024-03-07T14:03:08","guid":{"rendered":"https:\/\/frauenarztbellheim.de\/?page_id=495"},"modified":"2025-04-13T09:59:46","modified_gmt":"2025-04-13T07:59:46","slug":"urmarire-post-cancer","status":"publish","type":"page","link":"https:\/\/frauenarztbellheim.de\/de\/servicii-2\/preventie-si-tratament\/urmarire-post-cancer\/","title":{"rendered":"Nachsorge nach Krebs"},"content":{"rendered":"<div class=\"wpb-content-wrapper\"><div class=\"vc_row wpb_row vc_row-fluid\"><div class=\"wpb_column vc_column_container vc_col-sm-12\"><div class=\"vc_column-inner\" ><div class=\"wpb_wrapper\"><div class=\"vc_empty_space\"   style=\"height: 100px\"><span class=\"vc_empty_space_inner\"><\/span><\/div>\n\t<div  class=\"wpb_single_image wpb_content_element vc_align_center  wpb_animate_when_almost_visible wpb_bounceInDown bounceInDown\">\n\t\t\n\t\t<figure class=\"wpb_wrapper vc_figure\">\n\t\t\t<div class=\"vc_single_image-wrapper vc_box_shadow_border  vc_box_border_grey\"><img loading=\"lazy\" decoding=\"async\" width=\"500\" height=\"333\" src=\"https:\/\/frauenarztbellheim.de\/wp-content\/uploads\/2024\/03\/Urmarire-post-cancer.jpg\" class=\"vc_single_image-img attachment-large\" alt=\"\" title=\"Urmarire-post-cancer\" srcset=\"https:\/\/frauenarztbellheim.de\/wp-content\/uploads\/2024\/03\/Urmarire-post-cancer.jpg 500w, https:\/\/frauenarztbellheim.de\/wp-content\/uploads\/2024\/03\/Urmarire-post-cancer-300x200.jpg 300w\" sizes=\"(max-width: 500px) 100vw, 500px\" \/><\/div>\n\t\t<\/figure>\n\t<\/div>\n<div class=\"vc_empty_space\"   style=\"height: 50px\"><span class=\"vc_empty_space_inner\"><\/span><\/div><div class=\"dt-sc-title dotted    with-desc\"><h2>Nachsorge nach Krebs<\/h2><span><img decoding=\"async\" src=\"https:\/\/frauenarztbellheim.de\/wp-content\/uploads\/2024\/03\/servicii.png\" alt=\"\" style=\"background-color:;\"><\/span><h3>Brustkrebs ist die h\u00e4ufigste Krebserkrankung bei Frauen. Jedes Jahr wird bei etwa 57.000 Frauen in Deutschland Brustkrebs neu diagnostiziert. Das ist jede 8. Frau! Die Wahrscheinlichkeit, an Brustkrebs zu sterben, liegt bei 30%. 20.000 Frauen sterben jedes Jahr an der Krankheit.<\/h3><\/div><div class=\"vc_empty_space\"   style=\"height: 100px\"><span class=\"vc_empty_space_inner\"><\/span><\/div>\n\t<div class=\"wpb_text_column wpb_content_element\" >\n\t\t<div class=\"wpb_wrapper\">\n\t\t\t<div id=\"output\" class=\"page-generator__output js-generator-output\">\n<p>Trotz des medizinischen Fortschritts in Diagnose und Therapie ist die Diagnose von Brustkrebs eine besondere Belastung f\u00fcr Frauen und eine Herausforderung f\u00fcr die Medizin. Das DMP-Brustkrebs Strukturiertes Behandlungsprogramm zielt darauf ab, die Versorgung \u00fcber das derzeitige Angebot hinaus deutlich zu verbessern. Dies soll insbesondere durch eine verst\u00e4rkte Kooperation und Koordination zwischen den einzelnen Leistungserbringern sowie eine generelle Orientierung an wissenschaftlich gesicherten und aktuellen (\"evidenzbasierten\") Behandlungsempfehlungen erreicht werden. Die Therapiefreiheit des Arztes und damit eine auf die individuellen Bed\u00fcrfnisse der Versicherten zugeschnittene Versorgung bleibt gew\u00e4hrleistet.<\/p>\n<p>Da Brustkrebs die h\u00e4ufigste b\u00f6sartige Tumorerkrankung bei Frauen ist, werden f\u00fcr diese Erkrankung DMPs (= \"chronic disease programs\") angeboten, obwohl Krebs keine chronische Erkrankung im engeren Sinne ist.<\/p>\n<p><span style=\"color: #ff0000;\">Ziel der individualisierten Krebsbehandlung ist es, R\u00fcckf\u00e4lle (Rezidive) oder Metastasen (Zweittumore) fr\u00fchzeitig zu erkennen, das \u00dcberleben zu verl\u00e4ngern und die Lebensqualit\u00e4t zu verbessern.<\/span><\/p>\n<p>Erg\u00e4nzend zur kassen\u00e4rztlichen Versorgung (Reparativmedizin) helfen wir Ihnen in unseren Pr\u00e4ventionsberatungen mit evidenzbasierten Strategien, seltener an Krebs zu erkranken und zeigen Ihnen Verbesserungen in der Fr\u00fcherkennung, Therapie und vor allem in der Nachsorge auf.<\/p>\n<\/div>\n\n\t\t<\/div>\n\t<\/div>\n<\/div><\/div><\/div><\/div>\n<\/div>","protected":false},"excerpt":{"rendered":"Urmarire post cancerCancerul de s\u00e2n este cel mai frecvent cancer la femei. \u00cen fiecare an, aproximativ 57.000 de femei din Germania sunt diagnosticate recent cu cancer de s\u00e2n. Adic\u0103 fiecare [...]","protected":false},"author":1,"featured_media":0,"parent":361,"menu_order":5,"comment_status":"closed","ping_status":"closed","template":"","meta":{"footnotes":""},"_links":{"self":[{"href":"https:\/\/frauenarztbellheim.de\/de\/wp-json\/wp\/v2\/pages\/495"}],"collection":[{"href":"https:\/\/frauenarztbellheim.de\/de\/wp-json\/wp\/v2\/pages"}],"about":[{"href":"https:\/\/frauenarztbellheim.de\/de\/wp-json\/wp\/v2\/types\/page"}],"author":[{"embeddable":true,"href":"https:\/\/frauenarztbellheim.de\/de\/wp-json\/wp\/v2\/users\/1"}],"replies":[{"embeddable":true,"href":"https:\/\/frauenarztbellheim.de\/de\/wp-json\/wp\/v2\/comments?post=495"}],"version-history":[{"count":5,"href":"https:\/\/frauenarztbellheim.de\/de\/wp-json\/wp\/v2\/pages\/495\/revisions"}],"predecessor-version":[{"id":984,"href":"https:\/\/frauenarztbellheim.de\/de\/wp-json\/wp\/v2\/pages\/495\/revisions\/984"}],"up":[{"embeddable":true,"href":"https:\/\/frauenarztbellheim.de\/de\/wp-json\/wp\/v2\/pages\/361"}],"wp:attachment":[{"href":"https:\/\/frauenarztbellheim.de\/de\/wp-json\/wp\/v2\/media?parent=495"}],"curies":[{"name":"wp","href":"https:\/\/api.w.org\/{rel}","templated":true}]}}