{"id":494,"date":"2024-03-07T14:03:12","date_gmt":"2024-03-07T14:03:12","guid":{"rendered":"https:\/\/frauenarztbellheim.de\/?page_id=494"},"modified":"2024-03-26T21:10:59","modified_gmt":"2024-03-26T21:10:59","slug":"metode-de-prevenire-a-cancerului","status":"publish","type":"page","link":"https:\/\/frauenarztbellheim.de\/de\/servicii-2\/preventie-si-tratament\/metode-de-prevenire-a-cancerului\/","title":{"rendered":"Methoden zur Krebspr\u00e4vention"},"content":{"rendered":"<div class=\"wpb-content-wrapper\"><div class=\"vc_row wpb_row vc_row-fluid\"><div class=\"wpb_column vc_column_container vc_col-sm-12\"><div class=\"vc_column-inner\" ><div class=\"wpb_wrapper\"><div class=\"vc_empty_space\"   style=\"height: 100px\"><span class=\"vc_empty_space_inner\"><\/span><\/div>\n\t<div  class=\"wpb_single_image wpb_content_element vc_align_center  wpb_animate_when_almost_visible wpb_bounceInDown bounceInDown\">\n\t\t\n\t\t<figure class=\"wpb_wrapper vc_figure\">\n\t\t\t<div class=\"vc_single_image-wrapper vc_box_shadow_border  vc_box_border_grey\"><img loading=\"lazy\" decoding=\"async\" width=\"500\" height=\"333\" src=\"https:\/\/frauenarztbellheim.de\/wp-content\/uploads\/2024\/03\/metode-de-prevenire-a-cancerului.jpg\" class=\"vc_single_image-img attachment-large\" alt=\"\" title=\"metode-de-prevenire-a-cancerului\" srcset=\"https:\/\/frauenarztbellheim.de\/wp-content\/uploads\/2024\/03\/metode-de-prevenire-a-cancerului.jpg 500w, https:\/\/frauenarztbellheim.de\/wp-content\/uploads\/2024\/03\/metode-de-prevenire-a-cancerului-300x200.jpg 300w\" sizes=\"(max-width: 500px) 100vw, 500px\" \/><\/div>\n\t\t<\/figure>\n\t<\/div>\n<div class=\"vc_empty_space\"   style=\"height: 50px\"><span class=\"vc_empty_space_inner\"><\/span><\/div><div class=\"dt-sc-title dotted    with-desc\"><h2>Methoden zur Krebspr\u00e4vention<\/h2><span><img decoding=\"async\" src=\"https:\/\/frauenarztbellheim.de\/wp-content\/uploads\/2024\/03\/servicii.png\" alt=\"\" style=\"background-color:;\"><\/span><h3>Krebs kann \u00fcberall im K\u00f6rper auftreten, je nach individuellem Krebsrisiko. Je nach K\u00f6rperregion oder Organ sollten regelm\u00e4\u00dfige Vorsorgeuntersuchungen zur Krebsfr\u00fcherkennung durchgef\u00fchrt werden. Eine b\u00f6sartige Neubildung im menschlichen K\u00f6rper wird allgemein als Krebs oder Tumor bezeichnet.<\/h3><\/div><div class=\"vc_empty_space\"   style=\"height: 100px\"><span class=\"vc_empty_space_inner\"><\/span><\/div>\n\t<div class=\"wpb_text_column wpb_content_element\" >\n\t\t<div class=\"wpb_wrapper\">\n\t\t\t<div id=\"output\" class=\"page-generator__output js-generator-output\">\n<p>Die Krebsvorsorgeuntersuchung - f\u00fcr Frauen nach dem 20. Lebensjahr - dient der Pr\u00e4vention von Geb\u00e4rmutterhalskrebs (Zervixkarzinom).<\/p>\n<p>Die folgenden Untersuchungen werden j\u00e4hrlich vom Gyn\u00e4kologen durchgef\u00fchrt:<\/p>\n<p>&nbsp;<\/p>\n<p><span style=\"color: #ff99cc;\"><strong><u>Gezielte Abfrage<\/u><\/strong><\/span><\/p>\n<p>Abtasten des Unterleibs<\/p>\n<p>Zellabstrich vom Geb\u00e4rmutterhals (PAP-Test)<\/p>\n<p>Die Krebsvorsorge - f\u00fcr Frauen \u00fcber 30 - dient auch der Fr\u00fcherkennung von Brustkrebs (Mammakarzinom). Die folgenden Untersuchungen werden j\u00e4hrlich von Ihrem Gyn\u00e4kologen durchgef\u00fchrt:<\/p>\n<p><span style=\"color: #ff99cc;\"><strong><u>Gezielte Abfrage<\/u><\/strong><\/span><\/p>\n<p>Abtasten der Br\u00fcste<\/p>\n<p>Palpation der regionalen Lymphknoten<\/p>\n<p>Die Krebsvorsorgeuntersuchung - ab dem 50. Lebensjahr - dient auch der Fr\u00fcherkennung von Enddarmkrebs (kolorektalem Karzinom). Die folgenden Untersuchungen werden j\u00e4hrlich durchgef\u00fchrt.<\/p>\n<p><span style=\"color: #ff99cc;\"><strong><u>Rektale Palpation<\/u><\/strong><\/span><\/p>\n<p>Untersuchung des Stuhls auf okkultes (unsichtbares) Blut<\/p>\n<p>Ab einem Alter von 55 Jahren k\u00f6nnen Sie sich f\u00fcr eine Darmspiegelung (alle 10 Jahre) oder einen Test auf okkultes Blut im Stuhl (alle 2 Jahre) entscheiden.<\/p>\n<p>&nbsp;<\/p>\n<p><span style=\"color: #ff0000;\">Die Krebsvorsorge erm\u00f6glicht die Fr\u00fcherkennung von Krebserkrankungen, so dass sie rechtzeitig behandelt werden k\u00f6nnen.<\/span><\/p>\n<p>Um Ihre Krebsvorsorge zu optimieren, bieten wir innovative diagnostische Dienstleistungen an, siehe Abschnitt <a href=\"https:\/\/frauenarztbellheim.de\/de\/servicii-2\/diagnostic\/diagnostic-general\/\" target=\"_blank\" rel=\"noopener\"><strong>DIAGNOSTISCH<\/strong><\/a><\/p>\n<\/div>\n\n\t\t<\/div>\n\t<\/div>\n<\/div><\/div><\/div><\/div>\n<\/div>","protected":false},"excerpt":{"rendered":"Metode de prevenire a canceruluiCancerul poate ap\u0103rea oriunde \u00een organism, \u00een func\u021bie de riscul individual de cancer. \u00cen func\u021bie de regiunea corpului sau de organ, trebuie efectuate controale regulate pentru [...]","protected":false},"author":1,"featured_media":0,"parent":361,"menu_order":4,"comment_status":"closed","ping_status":"closed","template":"","meta":{"footnotes":""},"_links":{"self":[{"href":"https:\/\/frauenarztbellheim.de\/de\/wp-json\/wp\/v2\/pages\/494"}],"collection":[{"href":"https:\/\/frauenarztbellheim.de\/de\/wp-json\/wp\/v2\/pages"}],"about":[{"href":"https:\/\/frauenarztbellheim.de\/de\/wp-json\/wp\/v2\/types\/page"}],"author":[{"embeddable":true,"href":"https:\/\/frauenarztbellheim.de\/de\/wp-json\/wp\/v2\/users\/1"}],"replies":[{"embeddable":true,"href":"https:\/\/frauenarztbellheim.de\/de\/wp-json\/wp\/v2\/comments?post=494"}],"version-history":[{"count":6,"href":"https:\/\/frauenarztbellheim.de\/de\/wp-json\/wp\/v2\/pages\/494\/revisions"}],"predecessor-version":[{"id":803,"href":"https:\/\/frauenarztbellheim.de\/de\/wp-json\/wp\/v2\/pages\/494\/revisions\/803"}],"up":[{"embeddable":true,"href":"https:\/\/frauenarztbellheim.de\/de\/wp-json\/wp\/v2\/pages\/361"}],"wp:attachment":[{"href":"https:\/\/frauenarztbellheim.de\/de\/wp-json\/wp\/v2\/media?parent=494"}],"curies":[{"name":"wp","href":"https:\/\/api.w.org\/{rel}","templated":true}]}}