{"id":493,"date":"2024-03-07T14:00:10","date_gmt":"2024-03-07T14:00:10","guid":{"rendered":"https:\/\/frauenarztbellheim.de\/?page_id=493"},"modified":"2024-03-26T21:12:52","modified_gmt":"2024-03-26T21:12:52","slug":"urmarirea-sarcinii","status":"publish","type":"page","link":"https:\/\/frauenarztbellheim.de\/de\/servicii-2\/preventie-si-tratament\/urmarirea-sarcinii\/","title":{"rendered":"Schwangerschafts\u00fcberwachung"},"content":{"rendered":"<div class=\"wpb-content-wrapper\"><div class=\"vc_row wpb_row vc_row-fluid\"><div class=\"wpb_column vc_column_container vc_col-sm-12\"><div class=\"vc_column-inner\" ><div class=\"wpb_wrapper\"><div class=\"vc_empty_space\"   style=\"height: 100px\"><span class=\"vc_empty_space_inner\"><\/span><\/div>\n\t<div  class=\"wpb_single_image wpb_content_element vc_align_center  wpb_animate_when_almost_visible wpb_bounceInDown bounceInDown\">\n\t\t\n\t\t<figure class=\"wpb_wrapper vc_figure\">\n\t\t\t<div class=\"vc_single_image-wrapper vc_box_shadow_border  vc_box_border_grey\"><img loading=\"lazy\" decoding=\"async\" width=\"500\" height=\"333\" src=\"https:\/\/frauenarztbellheim.de\/wp-content\/uploads\/2024\/03\/Urmarirea-sarcinii.jpg\" class=\"vc_single_image-img attachment-large\" alt=\"\" title=\"Urmarirea-sarcinii\" srcset=\"https:\/\/frauenarztbellheim.de\/wp-content\/uploads\/2024\/03\/Urmarirea-sarcinii.jpg 500w, https:\/\/frauenarztbellheim.de\/wp-content\/uploads\/2024\/03\/Urmarirea-sarcinii-300x200.jpg 300w\" sizes=\"(max-width: 500px) 100vw, 500px\" \/><\/div>\n\t\t<\/figure>\n\t<\/div>\n<div class=\"vc_empty_space\"   style=\"height: 50px\"><span class=\"vc_empty_space_inner\"><\/span><\/div><div class=\"dt-sc-title dotted    with-desc\"><h2>Schwangerschafts\u00fcberwachung<\/h2><span><img decoding=\"async\" src=\"https:\/\/frauenarztbellheim.de\/wp-content\/uploads\/2024\/03\/servicii.png\" alt=\"\" style=\"background-color:;\"><\/span><h3>Bei der Schwangerschaftsbetreuung durch den Gyn\u00e4kologen k\u00f6nnen viele Krankheiten, die die Gesundheit des Kindes und der Mutter gef\u00e4hrden, fr\u00fchzeitig erkannt und behandelt werden.<\/h3><\/div><div class=\"vc_empty_space\"   style=\"height: 100px\"><span class=\"vc_empty_space_inner\"><\/span><\/div>\n\t<div class=\"wpb_text_column wpb_content_element\" >\n\t\t<div class=\"wpb_wrapper\">\n\t\t\t<div id=\"output\" class=\"page-generator__output js-generator-output\">\n<p>Die Schwangerschaftsnachsorge umfasst zum Beispiel einen kostenlosen Schwangerschaftstest, Ultraschalluntersuchungen, umfangreiche Blutuntersuchungen und verschiedene andere Untersuchungen. Nach der Erstuntersuchung zur Feststellung der Schwangerschaft finden alle vier Wochen und in den letzten beiden Schwangerschaftsmonaten alle zwei Wochen Mutterschaftsvorsorgeuntersuchungen statt. Der Arzt tr\u00e4gt die Ergebnisse dieser Untersuchungen in den Mutterpass ein.<\/p>\n<p>&nbsp;<\/p>\n<p>Ich erkl\u00e4re Ihnen gerne im Detail, welche Leistungen zur Mutterschaftsvorsorge geh\u00f6ren.<\/p>\n<p>Einen detaillierten \u00dcberblick \u00fcber alle Untersuchungen finden Sie auch auf der Website des Berufsverbandes der Frauen\u00e4rzte unter:<\/p>\n<p><a href=\"http:\/\/www.bvf.de\">www.bvf.de<\/a><\/p>\n<\/div>\n\n\t\t<\/div>\n\t<\/div>\n<\/div><\/div><\/div><\/div>\n<\/div>","protected":false},"excerpt":{"rendered":"Urmarirea sarcinii\u00cen cadrul urmaririi sarcinii la ginecolog, multe boli care pun \u00een pericol s\u0103n\u0103tatea copilului \u0219i a mamei pot fi depistate \u0219i tratate \u00eentr-un stadiu incipient. De exemplu, urmarirea sarcinii [...]","protected":false},"author":1,"featured_media":0,"parent":361,"menu_order":3,"comment_status":"closed","ping_status":"closed","template":"","meta":{"footnotes":""},"_links":{"self":[{"href":"https:\/\/frauenarztbellheim.de\/de\/wp-json\/wp\/v2\/pages\/493"}],"collection":[{"href":"https:\/\/frauenarztbellheim.de\/de\/wp-json\/wp\/v2\/pages"}],"about":[{"href":"https:\/\/frauenarztbellheim.de\/de\/wp-json\/wp\/v2\/types\/page"}],"author":[{"embeddable":true,"href":"https:\/\/frauenarztbellheim.de\/de\/wp-json\/wp\/v2\/users\/1"}],"replies":[{"embeddable":true,"href":"https:\/\/frauenarztbellheim.de\/de\/wp-json\/wp\/v2\/comments?post=493"}],"version-history":[{"count":4,"href":"https:\/\/frauenarztbellheim.de\/de\/wp-json\/wp\/v2\/pages\/493\/revisions"}],"predecessor-version":[{"id":805,"href":"https:\/\/frauenarztbellheim.de\/de\/wp-json\/wp\/v2\/pages\/493\/revisions\/805"}],"up":[{"embeddable":true,"href":"https:\/\/frauenarztbellheim.de\/de\/wp-json\/wp\/v2\/pages\/361"}],"wp:attachment":[{"href":"https:\/\/frauenarztbellheim.de\/de\/wp-json\/wp\/v2\/media?parent=493"}],"curies":[{"name":"wp","href":"https:\/\/api.w.org\/{rel}","templated":true}]}}