{"id":492,"date":"2024-03-07T13:59:45","date_gmt":"2024-03-07T13:59:45","guid":{"rendered":"https:\/\/frauenarztbellheim.de\/?page_id=492"},"modified":"2024-03-26T21:05:47","modified_gmt":"2024-03-26T21:05:47","slug":"vaccinari","status":"publish","type":"page","link":"https:\/\/frauenarztbellheim.de\/de\/servicii-2\/preventie-si-tratament\/vaccinari\/","title":{"rendered":"Impfungen"},"content":{"rendered":"<div class=\"wpb-content-wrapper\"><div class=\"vc_row wpb_row vc_row-fluid\"><div class=\"wpb_column vc_column_container vc_col-sm-12\"><div class=\"vc_column-inner\" ><div class=\"wpb_wrapper\"><div class=\"vc_empty_space\"   style=\"height: 100px\"><span class=\"vc_empty_space_inner\"><\/span><\/div>\n\t<div  class=\"wpb_single_image wpb_content_element vc_align_center  wpb_animate_when_almost_visible wpb_bounceInDown bounceInDown\">\n\t\t\n\t\t<figure class=\"wpb_wrapper vc_figure\">\n\t\t\t<div class=\"vc_single_image-wrapper vc_box_shadow_border  vc_box_border_grey\"><img loading=\"lazy\" decoding=\"async\" width=\"500\" height=\"333\" src=\"https:\/\/frauenarztbellheim.de\/wp-content\/uploads\/2024\/03\/vaccinari.jpg\" class=\"vc_single_image-img attachment-large\" alt=\"\" title=\"vaccinari\" srcset=\"https:\/\/frauenarztbellheim.de\/wp-content\/uploads\/2024\/03\/vaccinari.jpg 500w, https:\/\/frauenarztbellheim.de\/wp-content\/uploads\/2024\/03\/vaccinari-300x200.jpg 300w\" sizes=\"(max-width: 500px) 100vw, 500px\" \/><\/div>\n\t\t<\/figure>\n\t<\/div>\n<div class=\"vc_empty_space\"   style=\"height: 50px\"><span class=\"vc_empty_space_inner\"><\/span><\/div><div class=\"dt-sc-title dotted    with-desc\"><h2>Impfungen<\/h2><span><img decoding=\"async\" src=\"https:\/\/frauenarztbellheim.de\/wp-content\/uploads\/2024\/03\/servicii.png\" alt=\"\" style=\"background-color:;\"><\/span><h3>In Deutschland werden derzeit von der St\u00e4ndigen Impfkommission (STIKO) die folgenden Impfungen empfohlen:<\/h3><\/div><div class=\"vc_empty_space\"   style=\"height: 100px\"><span class=\"vc_empty_space_inner\"><\/span><\/div>\n\t<div class=\"wpb_text_column wpb_content_element\" >\n\t\t<div class=\"wpb_wrapper\">\n\t\t\t<div id=\"output\" class=\"page-generator__output js-generator-output\">\n<p>FSME f\u00fcr Personen mit Zeckenkontakt in FSME-Risikogebieten (einschlie\u00dflich ganz Baden-W\u00fcrttemberg)<\/p>\n<p>Hepatitis B bis zum Alter von 18 Jahren und A (infekti\u00f6se Gelbsucht) f\u00fcr Menschen mit chronischen Krankheiten<\/p>\n<p>HPV-Impfung f\u00fcr M\u00e4dchen und Jungen im Alter von 9-14 Jahren<\/p>\n<p>Influenza (Virusgrippe) im Allgemeinen f\u00fcr alle (j\u00e4hrliche Impfung)<\/p>\n<p>Keuchhusten f\u00fcr alle Personen, die Kontakt zu Neugeborenen und Kleinkindern haben (Eltern, Gro\u00dfeltern) und f\u00fcr schwangere Frauen im 3.<\/p>\n<p>Meningokokken (bakterielle Meningitis) bis zum Alter von 18 Jahren<\/p>\n<p>Pneumokokken (Erreger der Lungenentz\u00fcndung) f\u00fcr alle \u00fcber 60-J\u00e4hrigen und f\u00fcr chronisch Kranke<\/p>\n<p>Polio (Kinderl\u00e4hmung) allgemein f\u00fcr alle (Auffrischung bis zu 4 Impfungen)<\/p>\n<p>Tetanus und Diphtherie im Allgemeinen f\u00fcr alle (Auffrischung alle 10 Jahre)<\/p>\n<p>Windpocken f\u00fcr alle Frauen, die ein Kind bekommen wollen<\/p>\n<p>\u00d6ffentlich empfohlene Schutzimpfungen werden von den gesetzlichen Krankenkassen bezahlt.<\/p>\n<p>&nbsp;<\/p>\n<p><span style=\"color: #ff0000;\"><em>Regelm\u00e4\u00dfige Impfungen im Kindes- und Jugendalter sind die Impfungen, die ein Kind gem\u00e4\u00df den Impfempfehlungen der St\u00e4ndigen Impfkommission (STIKO) des Robert Koch-Instituts routinem\u00e4\u00dfig erhalten sollte.<\/em><\/span><\/p>\n<p>&nbsp;<\/p>\n<p>Nach der aktuellen STIKO-Empfehlung sollten alle Kinder bis zum Alter von 18 Jahren die Grundimmunisierung abgeschlossen haben:<\/p>\n<p>&nbsp;<\/p>\n<p>Diphtherie (Krupp)<\/p>\n<p>Haemophilus influenza Typ b - ein Bakterium, das h\u00e4ufig Meningitis (Entz\u00fcndung der Hirnhaut) und Epiglottitis (Kehlkopfentz\u00fcndung) verursacht<\/p>\n<p>Hepatitis B (Entz\u00fcndung der Leber)<\/p>\n<p>HP-Virus (Humanes Papillomavirus) - verursacht unter anderem Geb\u00e4rmutterhalskrebs (Zervixkarzinom)<\/p>\n<p>Meningokokken - Bakterien, die h\u00e4ufig zu Meningitis (Entz\u00fcndung der Hirnhaut) und anderen schweren Infektionen f\u00fchren<\/p>\n<p>Pertussis (Keuchhusten)<\/p>\n<p>Pneumokokken - Bakterien, die h\u00e4ufig zu Lungenentz\u00fcndung, Meningitis (Hirnhautentz\u00fcndung) und Infektionen der Augen und Ohren f\u00fchren<\/p>\n<p>Poliomyelitis (Kinderl\u00e4hmung)<\/p>\n<p>Tetanus (Zittern)<\/p>\n<p>Windpocken (Varizellen)<\/p>\n<p>Masern, Mumps und R\u00f6teln<\/p>\n<p>Es ist jetzt m\u00f6glich, kombinierte Impfungen durchzuf\u00fchren, so dass Kinder mit relativ wenigen Impfungen wirksam gegen Infektionskrankheiten gesch\u00fctzt sind.<\/p>\n<p>&nbsp;<\/p>\n<p><span style=\"color: #ff0000;\"><em>Die Standardimpfungen f\u00fcr Kinder und Jugendliche werden von den gesetzlichen Krankenkassen \u00fcbernommen.<\/em><\/span><\/p>\n<p>&nbsp;<\/p>\n<p>Es gibt auch eine Reihe von Impfungen, die bei Reisen ins Ausland erforderlich sind. Wir beraten Sie gerne in unserer reisemedizinischen Sprechstunde.<\/p>\n<\/div>\n\n\t\t<\/div>\n\t<\/div>\n<\/div><\/div><\/div><\/div>\n<\/div>","protected":false},"excerpt":{"rendered":"Vaccinari\u00cen Germania, urm\u0103toarele vaccin\u0103ri sunt recomandate \u00een prezent de c\u0103tre Comitetul permanent pentru vaccinare (STIKO): TBE pentru persoanele expuse la c\u0103pu\u0219e \u00een zonele cu risc de TBE (inclusiv \u00eentregul land [...]","protected":false},"author":1,"featured_media":0,"parent":361,"menu_order":2,"comment_status":"closed","ping_status":"closed","template":"","meta":{"footnotes":""},"_links":{"self":[{"href":"https:\/\/frauenarztbellheim.de\/de\/wp-json\/wp\/v2\/pages\/492"}],"collection":[{"href":"https:\/\/frauenarztbellheim.de\/de\/wp-json\/wp\/v2\/pages"}],"about":[{"href":"https:\/\/frauenarztbellheim.de\/de\/wp-json\/wp\/v2\/types\/page"}],"author":[{"embeddable":true,"href":"https:\/\/frauenarztbellheim.de\/de\/wp-json\/wp\/v2\/users\/1"}],"replies":[{"embeddable":true,"href":"https:\/\/frauenarztbellheim.de\/de\/wp-json\/wp\/v2\/comments?post=492"}],"version-history":[{"count":5,"href":"https:\/\/frauenarztbellheim.de\/de\/wp-json\/wp\/v2\/pages\/492\/revisions"}],"predecessor-version":[{"id":800,"href":"https:\/\/frauenarztbellheim.de\/de\/wp-json\/wp\/v2\/pages\/492\/revisions\/800"}],"up":[{"embeddable":true,"href":"https:\/\/frauenarztbellheim.de\/de\/wp-json\/wp\/v2\/pages\/361"}],"wp:attachment":[{"href":"https:\/\/frauenarztbellheim.de\/de\/wp-json\/wp\/v2\/media?parent=492"}],"curies":[{"name":"wp","href":"https:\/\/api.w.org\/{rel}","templated":true}]}}