{"id":491,"date":"2024-03-07T13:59:17","date_gmt":"2024-03-07T13:59:17","guid":{"rendered":"https:\/\/frauenarztbellheim.de\/?page_id=491"},"modified":"2025-04-13T00:30:10","modified_gmt":"2025-04-12T22:30:10","slug":"metode-contraceptive","status":"publish","type":"page","link":"https:\/\/frauenarztbellheim.de\/de\/servicii-2\/preventie-si-tratament\/metode-contraceptive\/","title":{"rendered":"Verh\u00fctungsmethoden"},"content":{"rendered":"<div class=\"wpb-content-wrapper\"><div class=\"vc_row wpb_row vc_row-fluid\"><div class=\"wpb_column vc_column_container vc_col-sm-12\"><div class=\"vc_column-inner\" ><div class=\"wpb_wrapper\"><div class=\"vc_empty_space\"   style=\"height: 10px\"><span class=\"vc_empty_space_inner\"><\/span><\/div>\n\t<div  class=\"wpb_single_image wpb_content_element vc_align_center  wpb_animate_when_almost_visible wpb_bounceInDown bounceInDown\">\n\t\t\n\t\t<figure class=\"wpb_wrapper vc_figure\">\n\t\t\t<div class=\"vc_single_image-wrapper vc_box_shadow_border  vc_box_border_grey\"><img loading=\"lazy\" decoding=\"async\" width=\"500\" height=\"333\" src=\"https:\/\/frauenarztbellheim.de\/wp-content\/uploads\/2024\/03\/Metode-contraceptive.jpg\" class=\"vc_single_image-img attachment-large\" alt=\"\" title=\"Metode-contraceptive\" srcset=\"https:\/\/frauenarztbellheim.de\/wp-content\/uploads\/2024\/03\/Metode-contraceptive.jpg 500w, https:\/\/frauenarztbellheim.de\/wp-content\/uploads\/2024\/03\/Metode-contraceptive-300x200.jpg 300w\" sizes=\"(max-width: 500px) 100vw, 500px\" \/><\/div>\n\t\t<\/figure>\n\t<\/div>\n<div class=\"vc_empty_space\"   style=\"height: 10px\"><span class=\"vc_empty_space_inner\"><\/span><\/div><div class=\"dt-sc-title dotted    with-desc\"><h2>Verh\u00fctungsmethoden<\/h2><span><img decoding=\"async\" src=\"https:\/\/frauenarztbellheim.de\/wp-content\/uploads\/2024\/03\/servicii.png\" alt=\"\" style=\"background-color:;\"><\/span><h3>Neben den nat\u00fcrlichen Verh\u00fctungsmethoden gibt es verschiedene chemische und mechanische Verh\u00fctungsm\u00f6glichkeiten, die ich hier vorstellen m\u00f6chte.<\/h3><\/div><div class=\"vc_empty_space\"   style=\"height: 10px\"><span class=\"vc_empty_space_inner\"><\/span><\/div>\n\t<div class=\"wpb_text_column wpb_content_element\" >\n\t\t<div class=\"wpb_wrapper\">\n\t\t\t<p><strong><u><span style=\"color: #ff00ff;\">Nat\u00fcrliche Empf\u00e4ngnisverh\u00fctungsmethoden:<\/span><br \/>\n<\/u><\/strong><\/p>\n<p><strong style=\"color: #ff99cc;\"><u>Temperatur-Methode<\/u><\/strong><\/p>\n<div id=\"output\" class=\"page-generator__output js-generator-output\">\n<p>Die Frau misst jeden Morgen zur gleichen Zeit ihre K\u00f6rpertemperatur und tr\u00e4gt diese Werte in ein Diagramm ein.<\/p>\n<p>Durch die Analyse des Verlaufs der resultierenden Kurve kann sie oft r\u00fcckwirkend den Zeitpunkt des Eisprungs bestimmen und auf Tage schlie\u00dfen, an denen die Wahrscheinlichkeit einer Empf\u00e4ngnis gering ist.<\/p>\n<p><span style=\"color: #ff99cc;\"><strong><u>Schleim-Methode<\/u><\/strong><\/span> (auch bekannt als Mucus-Methode oder Billings-Methode)<\/p>\n<p>Die Eigenschaften des Zervixschleims \u00e4ndern sich w\u00e4hrend des Menstruationszyklus: Der Schleimpfropf im Geb\u00e4rmutterkanal wird allm\u00e4hlich d\u00fcnner, und das Gef\u00fchl von N\u00e4sse am Scheideneingang signalisiert das Herannahen des Eisprungs.<\/p>\n<p>Durch die t\u00e4gliche Untersuchung des Schleims (die Ergebnisse werden in einer Tabelle festgehalten) kann eine Frau die fruchtbaren Tage erkennen und so die Zeiten mit erh\u00f6htem Empf\u00e4ngnisrisiko steuern.<\/p>\n<p><span style=\"color: #ff99cc;\"><strong><u>Kombinierte Methode<\/u><\/strong><\/span><\/p>\n<p>die auch als synthethermale Methode bekannt ist, beinhaltet die Integration der Temperaturmethode und der Schleimmethode. Mit diesem kombinierten Ansatz ist es m\u00f6glich, den nahen Zeitpunkt des Eisprungs vorherzusagen und festzustellen, wann er beendet ist.<\/p>\n<p><span style=\"color: #ff0000;\"><em>Die oben genannten Verh\u00fctungsmethoden kommen ohne Hormone aus und sind erschwinglicher, erfordern aber eine strenge Disziplin und sind leider mit einem h\u00f6heren Ma\u00df an Unsicherheit behaftet:<\/em><\/span><\/p>\n<p><span style=\"color: #ff00ff;\"><strong><u>Empf\u00e4ngnisverh\u00fctungsmethoden mit Hormonen<\/u>:<\/strong><\/span><\/p>\n<p><span style=\"color: #ff99cc;\"><strong>Die Pille zur Empf\u00e4ngnisverh\u00fctung<\/strong><\/span><\/p>\n<p>Diese Form der hormonellen Empf\u00e4ngnisverh\u00fctung ist seit 60 Jahren auf dem Markt und viele Frauen, die sie anwenden, kennen die damit verbundenen Nebenwirkungen. Es gibt eine Vielzahl von Formulierungen, und auf dem deutschen Markt sind viele verschiedene Pillenpr\u00e4parate erh\u00e4ltlich. Die Vertr\u00e4glichkeit kann je nach Zusammensetzung variieren, da Frauen auf verschiedene Stoffe unterschiedlich reagieren k\u00f6nnen.<\/p>\n<p>Die meisten Frauen in Deutschland entscheiden sich f\u00fcr einphasige Kombinationspr\u00e4parate, bei denen jede Tablette in der Packung die gleiche Menge an \u00d6strogen und Gestagen enth\u00e4lt.Sie bestehen aus einem 21-t\u00e4gigen Pillen-Zyklus, gefolgt von einer siebent\u00e4gigen Pause.Auch w\u00e4hrend dieser Pause ist der Verh\u00fctungsschutz gew\u00e4hrleistet.<\/p>\n<p>Nach der Pause beginnt ein neuer Zyklus, und die Verh\u00fctung bleibt wirksam, solange die Pille weiter eingenommen wird.<\/p>\n<p><span style=\"color: #ff99cc;\"><strong>Evra Verh\u00fctungspflaster<\/strong><\/span><\/p>\n<p>ist f\u00fcr einen w\u00f6chentlichen Wechsel vorgesehen. Legen Sie nach 3 Wochen eine einw\u00f6chige Pause ein.<\/p>\n<p><strong><span style=\"color: #ff99cc;\">Empf\u00e4ngnisverh\u00fctungsring (Nuvaring)<\/span><\/strong><\/p>\n<p>wird am ersten Tag des Zyklus in die Vagina eingef\u00fchrt und setzt 3 Wochen lang Hormone frei. Danach wird eine einw\u00f6chige Pause eingelegt, die dem gleichen Prinzip folgt.<\/p>\n<p><span style=\"color: #ff00ff;\"><strong><u>Langfristige Verh\u00fctungsmethoden:<\/u><\/strong><\/span><\/p>\n<p><span style=\"color: #ff99cc;\"><strong>IUP (Intrauterinpessar)<\/strong><\/span><\/p>\n<p>besteht aus einem flexiblen, gewebefreundlichen Material und ist T-f\u00f6rmig. Der vertikale Arm ist mit Kupfer umwickelt, das kontinuierlich an die Umgebung abgegeben wird. Die Wirkung beruht auf der Reizung des Fremdk\u00f6rpers der Geb\u00e4rmutterschleimhaut (Endometrium) durch Kupferionen.<\/p>\n<p>Die Folge ist eine aseptische (sterile) oberfl\u00e4chliche Entz\u00fcndung der Geb\u00e4rmutterschleimhaut (Endometritis) mit vermehrter Infiltration von Makrophagen und Leukozyten (Abwehrzellen des K\u00f6rpers). Dies hemmt die Einnistung der Eizelle in die Schleimhaut.<\/p>\n<p>Dar\u00fcber hinaus haben Kupferionen eine toxische Wirkung sowohl auf die Spermien als auch auf die Blastozyste (befruchtete Eizelle). Die verschiedenen Modelle unterscheiden sich in der Gr\u00f6\u00dfe der Kupferoberfl\u00e4che. Die normale Lebensdauer einer Kupferspirale liegt zwischen 3 und 5 Jahren.<\/p>\n<p><span style=\"color: #ff99cc;\"><strong>Sogenannte Gestagenspirale (Hormonspirale, Mirena)<\/strong><\/span> ist eine Intrauterinpille, die das Gelbk\u00f6rperhormon Levonorgestrel in einem vertikalen Kunststoffzylinder enth\u00e4lt, der kontinuierlich in die Geb\u00e4rmutter abgegeben wird. Da die Substanz direkt in die Geb\u00e4rmutterh\u00f6hle abgegeben wird, sind nur geringe Hormonkonzentrationen f\u00fcr die empf\u00e4ngnisverh\u00fctende Wirkung erforderlich. Dies bedeutet, dass die resorbierten (ins Blut aufgenommenen) Mengen und damit die Blutspiegel sehr niedrig sind und somit auch die Gesamtrate der Nebenwirkungen des Hormons.<\/p>\n<p>Die Wirkung der Gestagen-Spirale beruht in erster Linie auf einer gestagenbedingten Verdickung des Zervixschleims (Zervixbarriere), die das Eindringen von Spermien in die Geb\u00e4rmutter verhindert, einer Verringerung der Eileiterbeweglichkeit - was zu einer Unterbrechung des Eitransports in die Geb\u00e4rmutterh\u00f6hle f\u00fchrt - und einer Inaktivierung der Spermien. Das Hormon Corpus luteum verhindert au\u00dferdem, dass sich die Geb\u00e4rmutterschleimhaut zyklusgem\u00e4\u00df bildet. Wenn eine Eizelle befruchtet wird, kann sie sich nicht in der Geb\u00e4rmutterschleimhaut einnisten.<\/p>\n<p>Die verringerte Schleimhautdicke geht in der Regel mit einer schw\u00e4cheren Regelblutung (Hypomenorrhoe) einher, was viele Frauen begr\u00fc\u00dfen. Gelegentlich bleibt die Menstruation auch ganz aus. Da es fast keine Befruchtung gibt, ist das Risiko einer Eileiterschwangerschaft \u00e4u\u00dferst gering.<\/p>\n<p>Das Einsetzen einer Spirale ist ein sensibler Vorgang, der eine intensive Vorbereitung und Erfahrung des behandelnden Arztes erfordert. Regelm\u00e4\u00dfige Lagekontrollen verhindern Komplikationen w\u00e4hrend und nach dem Einsetzen.<\/p>\n<p><span style=\"color: #ff0000;\">Wann ist die Spirale eine geeignete Methode zur Empf\u00e4ngnisverh\u00fctung?<\/span><\/p>\n<p>- wenn die regelm\u00e4\u00dfige Einnahme von oralen Verh\u00fctungsmitteln (Pille) nicht gew\u00e4hrleistet ist<\/p>\n<p>- bei Patientinnen, die keine oralen Verh\u00fctungsmittel verwenden k\u00f6nnen, z. B. aufgrund einer Thromboseneigung (eine Gef\u00e4\u00dferkrankung, bei der sich ein Blutgerinnsel (Thrombus) in einem Blutgef\u00e4\u00df bildet)<\/p>\n<p>- bei Frauen in der sp\u00e4ten fruchtbaren (fertilen) Phase, wenn orale Verh\u00fctungsmittel aufgrund von Alter oder Krankheit oder zur Vermeidung einer Sterilisation nicht mehr ben\u00f6tigt werden<\/p>\n<p>- F\u00fcr Frauen, die unter Menstruationsschmerzen (Dysmenorrhoe) oder verst\u00e4rkter Menstruationsblutung (Hypermenorrhoe) leiden, ist die reine Progesteronspirale eine besonders geeignete Verh\u00fctungsmethode<\/p>\n<p>- f\u00fcr junge Frauen, die unbesorgt verh\u00fcten wollen.<\/p>\n<p>Die Spirale ist eine bew\u00e4hrte Methode zur Empf\u00e4ngnisverh\u00fctung. Das Einsetzen der Spirale garantiert eine zuverl\u00e4ssige Langzeitverh\u00fctung.<\/p>\n<p><span style=\"color: #ff99cc;\"><strong>Implanon NXT<\/strong><\/span><\/p>\n<p>Seit 1999 vertrauen Frauen, die bei der Verh\u00fctung Wert auf Unabh\u00e4ngigkeit und Freiheit legen, auf Implanon. Und das zu Recht: Mit einem in kontrollierten klinischen Studien ermittelten Pearl-Index von 0,00 (95%-Konfidenzintervall: 0,00-0,14) gilt das subkutane, \u00f6strogenfreie Verh\u00fctungsst\u00e4bchen als sehr zuverl\u00e4ssiges Langzeitverh\u00fctungsmittel.<\/p>\n<p>Implanon NXT ist 40 x 2 mm gro\u00df und hat eine wei\u00dfe bis cremefarbene Farbe. Der Applikator ist f\u00fcr die einh\u00e4ndige Anwendung konzipiert und erleichtert das korrekte subkutane Einsetzen des Implantats.<\/p>\n<p>Implanon kann eine \u00e4u\u00dferst sichere Langzeitverh\u00fctung mit vielen weiteren Vorteilen bieten, insbesondere wenn aus medizinischen oder pers\u00f6nlichen Gr\u00fcnden eine \u00f6strogenfreie Verh\u00fctung erforderlich ist.<\/p>\n<p>Sehen Sie sich das Video unten an!<\/p>\n<p><iframe loading=\"lazy\" title=\"Implant Insertion Video\" width=\"1200\" height=\"675\" src=\"https:\/\/www.youtube.com\/embed\/NwYeF0inNbw?feature=oembed\" frameborder=\"0\" allow=\"accelerometer; autoplay; clipboard-write; encrypted-media; gyroscope; picture-in-picture; web-share\" allowfullscreen><\/iframe><\/p>\n<\/div>\n\n\t\t<\/div>\n\t<\/div>\n<\/div><\/div><\/div><\/div><div class=\"vc_row wpb_row vc_row-fluid\"><div class=\"wpb_column vc_column_container vc_col-sm-12\"><div class=\"vc_column-inner\" ><div class=\"wpb_wrapper\"><div class=\"vc_empty_space\"   style=\"height: 50px\"><span class=\"vc_empty_space_inner\"><\/span><\/div><div class='intro-text'><h3>Haben Sie noch Fragen? Diskutieren Sie mit uns<\/h3><a href=\"https:\/\/frauenarztbellheim.de\/de\/contact\/\" target=\"_self\" title=\"Kontakt\" class=\"dt-sc-button medium fully-rounded-border with-icon icon-right\">Kontakt<span class='fab fa-accessible-icon'> <\/span><\/a><\/div><\/div><\/div><\/div><\/div>\n<\/div>","protected":false},"excerpt":{"rendered":"Metode contraceptivePe l\u00e2ng\u0103 metodele contraceptive naturale, exist\u0103 diverse op\u021biuni chimice \u0219i mecanice de contracep\u021bie, pe care doresc s\u0103 le prezint aici. Metode contraceptive naturale: Metoda temperaturii Femeia \u00ee\u0219i m\u0103soar\u0103 temperatura [...]","protected":false},"author":1,"featured_media":0,"parent":361,"menu_order":1,"comment_status":"closed","ping_status":"closed","template":"","meta":{"footnotes":""},"_links":{"self":[{"href":"https:\/\/frauenarztbellheim.de\/de\/wp-json\/wp\/v2\/pages\/491"}],"collection":[{"href":"https:\/\/frauenarztbellheim.de\/de\/wp-json\/wp\/v2\/pages"}],"about":[{"href":"https:\/\/frauenarztbellheim.de\/de\/wp-json\/wp\/v2\/types\/page"}],"author":[{"embeddable":true,"href":"https:\/\/frauenarztbellheim.de\/de\/wp-json\/wp\/v2\/users\/1"}],"replies":[{"embeddable":true,"href":"https:\/\/frauenarztbellheim.de\/de\/wp-json\/wp\/v2\/comments?post=491"}],"version-history":[{"count":11,"href":"https:\/\/frauenarztbellheim.de\/de\/wp-json\/wp\/v2\/pages\/491\/revisions"}],"predecessor-version":[{"id":978,"href":"https:\/\/frauenarztbellheim.de\/de\/wp-json\/wp\/v2\/pages\/491\/revisions\/978"}],"up":[{"embeddable":true,"href":"https:\/\/frauenarztbellheim.de\/de\/wp-json\/wp\/v2\/pages\/361"}],"wp:attachment":[{"href":"https:\/\/frauenarztbellheim.de\/de\/wp-json\/wp\/v2\/media?parent=491"}],"curies":[{"name":"wp","href":"https:\/\/api.w.org\/{rel}","templated":true}]}}