{"id":489,"date":"2024-03-07T14:14:21","date_gmt":"2024-03-07T14:14:21","guid":{"rendered":"https:\/\/frauenarztbellheim.de\/?page_id=489"},"modified":"2024-03-26T21:23:58","modified_gmt":"2024-03-26T21:23:58","slug":"terapie-hormonala-2","status":"publish","type":"page","link":"https:\/\/frauenarztbellheim.de\/de\/servicii-2\/terapie\/terapie-hormonala-2\/","title":{"rendered":"Hormonelle Therapie"},"content":{"rendered":"<div class=\"wpb-content-wrapper\"><div class=\"vc_row wpb_row vc_row-fluid\"><div class=\"wpb_column vc_column_container vc_col-sm-12\"><div class=\"vc_column-inner\" ><div class=\"wpb_wrapper\"><div class=\"vc_empty_space\"   style=\"height: 100px\"><span class=\"vc_empty_space_inner\"><\/span><\/div>\n\t<div  class=\"wpb_single_image wpb_content_element vc_align_center  wpb_animate_when_almost_visible wpb_bounceInDown bounceInDown\">\n\t\t\n\t\t<figure class=\"wpb_wrapper vc_figure\">\n\t\t\t<div class=\"vc_single_image-wrapper vc_box_shadow_border  vc_box_border_grey\"><img loading=\"lazy\" decoding=\"async\" width=\"500\" height=\"333\" src=\"https:\/\/frauenarztbellheim.de\/wp-content\/uploads\/2024\/03\/terapie-hormonala.jpg\" class=\"vc_single_image-img attachment-large\" alt=\"\" title=\"terapie-hormonala\" srcset=\"https:\/\/frauenarztbellheim.de\/wp-content\/uploads\/2024\/03\/terapie-hormonala.jpg 500w, https:\/\/frauenarztbellheim.de\/wp-content\/uploads\/2024\/03\/terapie-hormonala-300x200.jpg 300w\" sizes=\"(max-width: 500px) 100vw, 500px\" \/><\/div>\n\t\t<\/figure>\n\t<\/div>\n<div class=\"vc_empty_space\"   style=\"height: 50px\"><span class=\"vc_empty_space_inner\"><\/span><\/div><div class=\"dt-sc-title dotted    with-desc\"><h2>Hormonelle Therapie<\/h2><span><img decoding=\"async\" src=\"https:\/\/frauenarztbellheim.de\/wp-content\/uploads\/2024\/03\/servicii.png\" alt=\"\" style=\"background-color:;\"><\/span><h3>Pflanzliche Arzneimittel und Hormonersatztherapie<\/h3><\/div><div class=\"vc_empty_space\"   style=\"height: 100px\"><span class=\"vc_empty_space_inner\"><\/span><\/div>\n\t<div class=\"wpb_text_column wpb_content_element\" >\n\t\t<div class=\"wpb_wrapper\">\n\t\t\t<div id=\"output\" class=\"page-generator__output js-generator-output\">\n<p>Bei leichten Symptomen k\u00f6nnen auch pflanzliche Arzneimittel eine Alternative zur Hormontherapie sein.<\/p>\n<p>Es gibt viele pflanzliche Wirkstoffe, die als Nahrungserg\u00e4nzungsmittel erh\u00e4ltlich sind und bei Wechseljahrsbeschwerden helfen.<\/p>\n<p>Bei milderen Formen von Hitzewallungen und Schwei\u00dfausbr\u00fcchen sind pflanzliche Wirkstoffe oft die erste Wahl.<\/p>\n<p>&nbsp;<\/p>\n<p><span style=\"color: #ff99cc;\"><em>Die wichtigsten verwendeten Stoffe sind<\/em><\/span><\/p>\n<p>Phyto\u00f6strogene (insbesondere Isoflavone aus Soja und Rotklee)<\/p>\n<p>Schwarze Kokosnuss<\/p>\n<p>Klingeln<\/p>\n<p>Dong Quai<\/p>\n<p>Yamswurzel<\/p>\n<p>Nachtkerzen\u00f6l<\/p>\n<p>Ginseng<\/p>\n<p>Kava<\/p>\n<p>Ginkgo<\/p>\n<p>S\u00fc\u00dfholz<\/p>\n<p>Baldrian<\/p>\n<p>Hopfen<\/p>\n<p>Vitamin E<\/p>\n<p>Sie sind als Nahrungserg\u00e4nzungsmittel erh\u00e4ltlich, zum Beispiel als Tabletten, Kapseln oder Dragees.<\/p>\n<p>&nbsp;<\/p>\n<p><span style=\"color: #ff0000;\"><em>Wenn die Wechseljahrsbeschwerden anhalten, bittet der K\u00f6rper um Hilfe f\u00fcr den Hormonmangel, der durch die ersch\u00f6pften Eierst\u00f6cke entsteht.<\/em><\/span><\/p>\n<p>&nbsp;<\/p>\n<p>Dies ist der Zeitpunkt, um eine milde Hormonerg\u00e4nzung mit nat\u00fcrlichen, bioidentischen Substanzen, d.h. k\u00f6rpereigenem \u00d6strogen und ggf. Gelbk\u00f6rperhormon (Progesteron), in Betracht zu ziehen.<\/p>\n<p>Die Anwendung von nat\u00fcrlichem Progesteron in Kombination mit \u00d6strogenen \u00fcber die Haut, in Form von Gelen oder Pflastern, wird nicht mit einem erh\u00f6hten Brustkrebsrisiko in Verbindung gebracht, so die Ergebnisse einer Studie aus Frankreich.<\/p>\n<p>Auch bei einer Schilddr\u00fcsenunterfunktion (Hypothyreose) ist, wie bei einer Unterfunktion der Bauchspeicheldr\u00fcse (Diabetes mellitus\/Diabetes), ein Zuviel oder Zuwenig mit Nachteilen verbunden.<\/p>\n<p>&nbsp;<\/p>\n<p>Dadurch kann das Risiko von Krankheiten, die durch Hormonmangel verursacht werden, wie z.B. Arteriosklerose, die zu Herzinfarkt und Schlaganfall f\u00fchrt, oder Osteoporose mit Knochenbr\u00fcchen, sowie Demenz und Alzheimer, verringert und bis ins hohe Alter hinausgeschoben werden!<\/p>\n<\/div>\n\n\t\t<\/div>\n\t<\/div>\n<\/div><\/div><\/div><\/div>\n<\/div>","protected":false},"excerpt":{"rendered":"Terapie hormonalaMedicamente pe baz\u0103 de plante \u0219i terapia de substitu\u021bie hormonal\u0103 Pentru simptomele u\u0219oare, medicamentele pe baz\u0103 de plante pot fi, de asemenea, o alternativ\u0103 la terapia hormonal\u0103. Exist\u0103 multe [...]","protected":false},"author":1,"featured_media":0,"parent":404,"menu_order":2,"comment_status":"closed","ping_status":"closed","template":"","meta":{"footnotes":""},"_links":{"self":[{"href":"https:\/\/frauenarztbellheim.de\/de\/wp-json\/wp\/v2\/pages\/489"}],"collection":[{"href":"https:\/\/frauenarztbellheim.de\/de\/wp-json\/wp\/v2\/pages"}],"about":[{"href":"https:\/\/frauenarztbellheim.de\/de\/wp-json\/wp\/v2\/types\/page"}],"author":[{"embeddable":true,"href":"https:\/\/frauenarztbellheim.de\/de\/wp-json\/wp\/v2\/users\/1"}],"replies":[{"embeddable":true,"href":"https:\/\/frauenarztbellheim.de\/de\/wp-json\/wp\/v2\/comments?post=489"}],"version-history":[{"count":4,"href":"https:\/\/frauenarztbellheim.de\/de\/wp-json\/wp\/v2\/pages\/489\/revisions"}],"predecessor-version":[{"id":813,"href":"https:\/\/frauenarztbellheim.de\/de\/wp-json\/wp\/v2\/pages\/489\/revisions\/813"}],"up":[{"embeddable":true,"href":"https:\/\/frauenarztbellheim.de\/de\/wp-json\/wp\/v2\/pages\/404"}],"wp:attachment":[{"href":"https:\/\/frauenarztbellheim.de\/de\/wp-json\/wp\/v2\/media?parent=489"}],"curies":[{"name":"wp","href":"https:\/\/api.w.org\/{rel}","templated":true}]}}