{"id":488,"date":"2024-03-07T14:13:27","date_gmt":"2024-03-07T14:13:27","guid":{"rendered":"https:\/\/frauenarztbellheim.de\/?page_id=488"},"modified":"2024-03-26T21:22:42","modified_gmt":"2024-03-26T21:22:42","slug":"montare-indepartare-sterilet","status":"publish","type":"page","link":"https:\/\/frauenarztbellheim.de\/de\/servicii-2\/terapie\/montare-indepartare-sterilet\/","title":{"rendered":"Anbringen \/ Entfernen von sterilen"},"content":{"rendered":"<div class=\"wpb-content-wrapper\"><div class=\"vc_row wpb_row vc_row-fluid\"><div class=\"wpb_column vc_column_container vc_col-sm-12\"><div class=\"vc_column-inner\" ><div class=\"wpb_wrapper\"><div class=\"vc_empty_space\"   style=\"height: 100px\"><span class=\"vc_empty_space_inner\"><\/span><\/div>\n\t<div  class=\"wpb_single_image wpb_content_element vc_align_center  wpb_animate_when_almost_visible wpb_bounceInDown bounceInDown\">\n\t\t\n\t\t<figure class=\"wpb_wrapper vc_figure\">\n\t\t\t<div class=\"vc_single_image-wrapper vc_box_shadow_border  vc_box_border_grey\"><img loading=\"lazy\" decoding=\"async\" width=\"500\" height=\"333\" src=\"https:\/\/frauenarztbellheim.de\/wp-content\/uploads\/2024\/03\/Montare-_-indepartare-sterilet.jpg\" class=\"vc_single_image-img attachment-large\" alt=\"\" title=\"Montare-_-indepartare-sterilet\" srcset=\"https:\/\/frauenarztbellheim.de\/wp-content\/uploads\/2024\/03\/Montare-_-indepartare-sterilet.jpg 500w, https:\/\/frauenarztbellheim.de\/wp-content\/uploads\/2024\/03\/Montare-_-indepartare-sterilet-300x200.jpg 300w\" sizes=\"(max-width: 500px) 100vw, 500px\" \/><\/div>\n\t\t<\/figure>\n\t<\/div>\n<div class=\"vc_empty_space\"   style=\"height: 50px\"><span class=\"vc_empty_space_inner\"><\/span><\/div><div class=\"dt-sc-title dotted    with-desc\"><h2>Anbringen \/ Entfernen von sterilen<\/h2><span><img decoding=\"async\" src=\"https:\/\/frauenarztbellheim.de\/wp-content\/uploads\/2024\/03\/servicii.png\" alt=\"\" style=\"background-color:;\"><\/span><h3>Das so genannte Intrauterinpessar (IUP) ist eine der modernen Methoden der Empf\u00e4ngnisverh\u00fctung.<\/h3><\/div><div class=\"vc_empty_space\"   style=\"height: 100px\"><span class=\"vc_empty_space_inner\"><\/span><\/div>\n\t<div class=\"wpb_text_column wpb_content_element\" >\n\t\t<div class=\"wpb_wrapper\">\n\t\t\t<div id=\"output\" class=\"page-generator__output js-generator-output\">\n<p>Die Spirale wird auch als IUP bezeichnet, weil der Prototyp die Form eines Spiralrings hatte. Bis heute wurden \u00fcber 30 verschiedene Designs entwickelt, und die meisten IUPs enthalten Kupfer oder Hormone. Die Verh\u00fctungsmethode ist reversibel und im Allgemeinen 3-5 Jahre lang wirksam.<\/p>\n<p>&nbsp;<\/p>\n<p><span style=\"color: #ff00ff;\">Der Wirkmechanismus ist je nach IUP-Modell unterschiedlich:<\/span><\/p>\n<p>&nbsp;<\/p>\n<p><span style=\"color: #ff99cc;\">Kupferspirale:<\/span><\/p>\n<p>Diese Spirale besteht aus einem flexiblen, gewebefreundlichen Material und hat die Form eines T. Der vertikale Arm ist mit Kupfer umh\u00fcllt, das kontinuierlich an die Umgebung abgegeben wird. Die Wirkung beruht auf der Reizung des Fremdk\u00f6rpers der Geb\u00e4rmutterschleimhaut (Endometrium) durch Kupferionen. Die Folge ist eine aseptische (sterile), oberfl\u00e4chliche Entz\u00fcndung der Geb\u00e4rmutterschleimhaut. Diese hemmt die Einnistung der Eizelle in die Schleimhaut. Au\u00dferdem haben Kupferionen eine toxische Wirkung sowohl auf die Spermien als auch auf die Blastozyste (befruchtete Eizelle). Die verschiedenen Formen und Ausf\u00fchrungen unterscheiden sich in der Gr\u00f6\u00dfe der Kupferoberfl\u00e4che.<\/p>\n<p>&nbsp;<\/p>\n<p><span style=\"color: #ff99cc;\">Mirena Hormonspirale - auch bekannt als IUS (Intrauterinsystem):<\/span><\/p>\n<p>Es handelt sich um eine Intrauterinpille, die das Gelbk\u00f6rperhormon Levonorgestrel in einem vertikalen Kunststoffzylinder enth\u00e4lt, der kontinuierlich in die Geb\u00e4rmutter abgegeben wird. Da die Substanz direkt in die Geb\u00e4rmutterh\u00f6hle abgegeben wird, sind nur geringe Konzentrationen des Hormons f\u00fcr die empf\u00e4ngnisverh\u00fctende Wirkung erforderlich. Dies bedeutet, dass die resorbierten (ins Blut aufgenommenen) Mengen und damit die Blutspiegel sehr niedrig sind und damit auch die Gesamtrate der Nebenwirkungen des Hormons. Neben der Reizung des Gelbk\u00f6rpers beruht die Wirkung der Gestagen-Spirale auf einer Verdickung des mit dem Gelbk\u00f6rper verbundenen Geb\u00e4rmutterhalsschleims (Zervixbarriere), der das Eindringen von Spermien in die Geb\u00e4rmutter verhindert. Dies ist der gleiche Zustand, der auch im nat\u00fcrlichen Zyklus kurz vor und nach dem Eisprung besteht. Im Falle einer Hormonspirale gilt dies auch w\u00e4hrend des Eisprungs. Das Hormon Corpus luteum verhindert auch die Bildung der Geb\u00e4rmutterschleimhaut (Endometrium) im Einklang mit dem Zyklus. Die geringere Dicke der Geb\u00e4rmutterschleimhaut geht in der Regel mit einer schw\u00e4cheren Regelblutung (Hypomenorrhoe) einher, was viele Frauen begr\u00fc\u00dfen. Gelegentlich bleibt die Menstruation auch ganz aus.<\/p>\n<p>&nbsp;<\/p>\n<p><span style=\"color: #ff0000;\"><em>Das Einsetzen von IUPs ist ein sensibler Vorgang, der eine intensive Vorbereitung und Erfahrung des behandelnden Arztes erfordert. Regelm\u00e4\u00dfige Kontrollen der IUP-Position verhindern Komplikationen w\u00e4hrend und nach dem Einsetzen.<\/em><\/span><\/p>\n<p>&nbsp;<\/p>\n<p>Wann ist die Spirale eine geeignete Verh\u00fctungsmethode?<\/p>\n<p>- wenn die regelm\u00e4\u00dfige Einnahme von oralen Verh\u00fctungsmitteln (Pille) nicht gew\u00e4hrleistet ist<\/p>\n<p>- bei Patientinnen, die keine oralen Verh\u00fctungsmittel verwenden k\u00f6nnen, z. B. wegen einer Neigung zu - Thrombose (Gef\u00e4\u00dferkrankung, bei der sich ein Blutgerinnsel (Thrombus) in einem Gef\u00e4\u00df bildet), z. B. bei starken Rauchern<\/p>\n<p>- bei Frauen in der sp\u00e4ten fruchtbaren (fertilen) Phase, wenn orale Verh\u00fctungsmittel aufgrund von Alter oder Krankheit oder zur Vermeidung einer Sterilisation nicht mehr ben\u00f6tigt werden<\/p>\n<p>- f\u00fcr Frauen, die unter Menstruationsschmerzen (Dysmenorrhoe) oder verst\u00e4rkter Menstruationsblutung (Hypermenorrhoe) leiden, ist die reine Gestagenspirale eine besonders geeignete Verh\u00fctungsmethode<\/p>\n<p>&nbsp;<\/p>\n<p><span style=\"color: #ff0000;\"><em>Vor allem die Hormonspirale garantiert eine sichere Verh\u00fctung. Sie ist sicherer als die Pille, und da kaum Hormone in den Blutkreislauf gelangen, funktionieren Ihre Eierst\u00f6cke weiterhin auf nat\u00fcrliche Weise. Die Freisetzung von Gelbk\u00f6rperhormonen in die unmittelbare Umgebung macht die Geb\u00e4rmutterschleimhaut unempfindlich gegen\u00fcber hormonellen Schwankungen in den Eierst\u00f6cken, was in der Regel zu sehr leichten Blutungen f\u00fchrt, die viele Frauen als \"befreiend\" empfinden.<\/em><\/span><\/p>\n<p><span style=\"color: #ff0000;\"><em>\u00a0<\/em><\/span><\/p>\n<\/div>\n\n\t\t<\/div>\n\t<\/div>\n<\/div><\/div><\/div><\/div>\n<\/div>","protected":false},"excerpt":{"rendered":"Montare \/ Indepartare steriletA\u0219a-numitul dispozitiv intrauterin (DIU) este una dintre metodele contraceptive moderne. DIU este cunoscut \u0219i sub denumirea de sterilet , deoarece prototipul avea forma unui inel spiralat. P\u00e2n\u0103 [...]","protected":false},"author":1,"featured_media":0,"parent":404,"menu_order":1,"comment_status":"closed","ping_status":"closed","template":"","meta":{"footnotes":""},"_links":{"self":[{"href":"https:\/\/frauenarztbellheim.de\/de\/wp-json\/wp\/v2\/pages\/488"}],"collection":[{"href":"https:\/\/frauenarztbellheim.de\/de\/wp-json\/wp\/v2\/pages"}],"about":[{"href":"https:\/\/frauenarztbellheim.de\/de\/wp-json\/wp\/v2\/types\/page"}],"author":[{"embeddable":true,"href":"https:\/\/frauenarztbellheim.de\/de\/wp-json\/wp\/v2\/users\/1"}],"replies":[{"embeddable":true,"href":"https:\/\/frauenarztbellheim.de\/de\/wp-json\/wp\/v2\/comments?post=488"}],"version-history":[{"count":7,"href":"https:\/\/frauenarztbellheim.de\/de\/wp-json\/wp\/v2\/pages\/488\/revisions"}],"predecessor-version":[{"id":811,"href":"https:\/\/frauenarztbellheim.de\/de\/wp-json\/wp\/v2\/pages\/488\/revisions\/811"}],"up":[{"embeddable":true,"href":"https:\/\/frauenarztbellheim.de\/de\/wp-json\/wp\/v2\/pages\/404"}],"wp:attachment":[{"href":"https:\/\/frauenarztbellheim.de\/de\/wp-json\/wp\/v2\/media?parent=488"}],"curies":[{"name":"wp","href":"https:\/\/api.w.org\/{rel}","templated":true}]}}