{"id":486,"date":"2024-03-07T14:12:19","date_gmt":"2024-03-07T14:12:19","guid":{"rendered":"https:\/\/frauenarztbellheim.de\/?page_id=486"},"modified":"2024-03-30T12:07:04","modified_gmt":"2024-03-30T12:07:04","slug":"citomegalie","status":"publish","type":"page","link":"https:\/\/frauenarztbellheim.de\/de\/servicii-2\/diagnostic\/diagnostic-depistare-in-timpul-sarcinii\/citomegalie\/","title":{"rendered":"Zytomegalie"},"content":{"rendered":"<div class=\"wpb-content-wrapper\"><div class=\"vc_row wpb_row vc_row-fluid\"><div class=\"wpb_column vc_column_container vc_col-sm-12\"><div class=\"vc_column-inner\" ><div class=\"wpb_wrapper\"><div class=\"vc_empty_space\"   style=\"height: 100px\"><span class=\"vc_empty_space_inner\"><\/span><\/div>\n\t<div  class=\"wpb_single_image wpb_content_element vc_align_center  wpb_animate_when_almost_visible wpb_bounceInDown bounceInDown\">\n\t\t\n\t\t<figure class=\"wpb_wrapper vc_figure\">\n\t\t\t<div class=\"vc_single_image-wrapper vc_box_shadow_border  vc_box_border_grey\"><img loading=\"lazy\" decoding=\"async\" width=\"500\" height=\"333\" src=\"https:\/\/frauenarztbellheim.de\/wp-content\/uploads\/2024\/03\/Citomegalie.jpg\" class=\"vc_single_image-img attachment-large\" alt=\"\" title=\"Zytomegalie\" srcset=\"https:\/\/frauenarztbellheim.de\/wp-content\/uploads\/2024\/03\/Citomegalie.jpg 500w, https:\/\/frauenarztbellheim.de\/wp-content\/uploads\/2024\/03\/Citomegalie-300x200.jpg 300w\" sizes=\"(max-width: 500px) 100vw, 500px\" \/><\/div>\n\t\t<\/figure>\n\t<\/div>\n<div class=\"vc_empty_space\"   style=\"height: 50px\"><span class=\"vc_empty_space_inner\"><\/span><\/div><div class=\"dt-sc-title dotted    with-desc\"><h2>Zytomegalie<\/h2><span><img decoding=\"async\" src=\"https:\/\/frauenarztbellheim.de\/wp-content\/uploads\/2024\/03\/servicii.png\" alt=\"\" style=\"background-color:;\"><\/span><h3>Zytomegalie ist eine menschliche Krankheit, die durch das humane Zytomegalievirus (HCMV), auch bekannt als humanes Herpesvirus 5 (HHV 5), verursacht wird.\nDas humane Zytomegalievirus ist f\u00fcr gesunde Erwachsene in der Regel harmlos, aber das Virus ist w\u00e4hrend der Schwangerschaft besonders gef\u00e4hrlich und kann sogar das Leben des ungeborenen Kindes gef\u00e4hrden.<\/h3><\/div><div class=\"vc_empty_space\"   style=\"height: 100px\"><span class=\"vc_empty_space_inner\"><\/span><\/div>\n\t<div class=\"wpb_text_column wpb_content_element\" >\n\t\t<div class=\"wpb_wrapper\">\n\t\t\t<div id=\"output\" class=\"page-generator__output js-generator-output\">\n<p>Die Infektion mit dem humanen Zytomegalievirus (HCMV) ist die h\u00e4ufigste Infektion, die w\u00e4hrend der Schwangerschaft von der Mutter auf den F\u00f6tus \u00fcbertragen wird. Etwa 0,3 - 1 % aller schwangeren Frauen infizieren sich mit diesem Virus, und in 40 % der F\u00e4lle wird die Infektion an das ungeborene Kind weitergegeben. Tritt eine Infektion im ersten oder zweiten Schwangerschaftsdrittel auf, kann sie zu Fehlbildungen beim Kind f\u00fchren. Diese treten besonders h\u00e4ufig im Bereich des Herz-Kreislauf-Systems, des Magen-Darm-Trakts, des Skeletts und der Muskeln auf. Auch Hepatosplenomegalie (Vergr\u00f6\u00dferung der Leber und der Milz), Petechien, Mikrozephalie, intrazerebrale Verkalkungen und Chorioretinitis (Entz\u00fcndung der Netzhaut) sind beobachtet worden.<\/p>\n<p>&nbsp;<\/p>\n<p>Das Risiko einer HCMV-Infektion w\u00e4hrend der Schwangerschaft betrifft Frauen, die \"HCMV-seronegativ\" sind, d. h. die noch keine HCMV-Infektion hatten. Um eine HCMV-Infektion bei diesen Frauen fr\u00fchzeitig zu erkennen, sollte w\u00e4hrend der Schwangerschaft regelm\u00e4\u00dfig ein Test auf Anti-HCMV-Antik\u00f6rper (HCMV-IgG) durchgef\u00fchrt werden, der jedoch noch nicht Teil des Schwangerschaftstests ist.<\/p>\n<\/div>\n\n\t\t<\/div>\n\t<\/div>\n<\/div><\/div><\/div><\/div>\n<\/div>","protected":false},"excerpt":{"rendered":"CitomegalieCitomegalia este o boal\u0103 uman\u0103 cauzat\u0103 de citomegalovirusul uman (HCMV), cunoscut \u0219i sub numele de herpesvirus uman 5 (HHV 5). Citomegalovirusul uman este, \u00een general, inofensiv pentru adul\u021bii s\u0103n\u0103to\u0219i, dar [...]","protected":false},"author":1,"featured_media":0,"parent":435,"menu_order":3,"comment_status":"closed","ping_status":"closed","template":"","meta":{"footnotes":""},"_links":{"self":[{"href":"https:\/\/frauenarztbellheim.de\/de\/wp-json\/wp\/v2\/pages\/486"}],"collection":[{"href":"https:\/\/frauenarztbellheim.de\/de\/wp-json\/wp\/v2\/pages"}],"about":[{"href":"https:\/\/frauenarztbellheim.de\/de\/wp-json\/wp\/v2\/types\/page"}],"author":[{"embeddable":true,"href":"https:\/\/frauenarztbellheim.de\/de\/wp-json\/wp\/v2\/users\/1"}],"replies":[{"embeddable":true,"href":"https:\/\/frauenarztbellheim.de\/de\/wp-json\/wp\/v2\/comments?post=486"}],"version-history":[{"count":3,"href":"https:\/\/frauenarztbellheim.de\/de\/wp-json\/wp\/v2\/pages\/486\/revisions"}],"predecessor-version":[{"id":835,"href":"https:\/\/frauenarztbellheim.de\/de\/wp-json\/wp\/v2\/pages\/486\/revisions\/835"}],"up":[{"embeddable":true,"href":"https:\/\/frauenarztbellheim.de\/de\/wp-json\/wp\/v2\/pages\/435"}],"wp:attachment":[{"href":"https:\/\/frauenarztbellheim.de\/de\/wp-json\/wp\/v2\/media?parent=486"}],"curies":[{"name":"wp","href":"https:\/\/api.w.org\/{rel}","templated":true}]}}