{"id":485,"date":"2024-03-07T14:12:01","date_gmt":"2024-03-07T14:12:01","guid":{"rendered":"https:\/\/frauenarztbellheim.de\/?page_id=485"},"modified":"2025-04-13T10:23:21","modified_gmt":"2025-04-13T08:23:21","slug":"ecografia-copilului-3d-4d","status":"publish","type":"page","link":"https:\/\/frauenarztbellheim.de\/de\/servicii-2\/diagnostic\/diagnostic-depistare-in-timpul-sarcinii\/ecografia-copilului-3d-4d\/","title":{"rendered":"Baby-Ultraschall"},"content":{"rendered":"<div class=\"wpb-content-wrapper\"><div class=\"vc_row wpb_row vc_row-fluid\"><div class=\"wpb_column vc_column_container vc_col-sm-12\"><div class=\"vc_column-inner\" ><div class=\"wpb_wrapper\"><div class=\"vc_empty_space\"   style=\"height: 100px\"><span class=\"vc_empty_space_inner\"><\/span><\/div>\n\t<div  class=\"wpb_single_image wpb_content_element vc_align_center  wpb_animate_when_almost_visible wpb_bounceInDown bounceInDown\">\n\t\t\n\t\t<figure class=\"wpb_wrapper vc_figure\">\n\t\t\t<div class=\"vc_single_image-wrapper vc_box_shadow_border  vc_box_border_grey\"><img loading=\"lazy\" decoding=\"async\" width=\"500\" height=\"333\" src=\"https:\/\/frauenarztbellheim.de\/wp-content\/uploads\/2024\/03\/3D_-4D-baby.jpg\" class=\"vc_single_image-img attachment-large\" alt=\"\" title=\"3D_ 4D baby\" srcset=\"https:\/\/frauenarztbellheim.de\/wp-content\/uploads\/2024\/03\/3D_-4D-baby.jpg 500w, https:\/\/frauenarztbellheim.de\/wp-content\/uploads\/2024\/03\/3D_-4D-baby-300x200.jpg 300w\" sizes=\"(max-width: 500px) 100vw, 500px\" \/><\/div>\n\t\t<\/figure>\n\t<\/div>\n<div class=\"vc_empty_space\"   style=\"height: 50px\"><span class=\"vc_empty_space_inner\"><\/span><\/div><div class=\"dt-sc-title dotted    with-desc\"><h2>Baby-Ultraschall<\/h2><span><img decoding=\"async\" src=\"https:\/\/frauenarztbellheim.de\/wp-content\/uploads\/2024\/03\/servicii.png\" alt=\"\" style=\"background-color:;\"><\/span><h3>Regelm\u00e4\u00dfige Ultraschalluntersuchungen sind ein besonderes Erlebnis f\u00fcr die werdende Mutter. Auch f\u00fcr den werdenden Vater sind diese Termine sehr wichtig. Die visuelle Erfahrung hilft ihnen, eine Beziehung zu ihrem Baby aufzubauen.<\/h3><\/div><div class=\"vc_empty_space\"   style=\"height: 100px\"><span class=\"vc_empty_space_inner\"><\/span><\/div>\n\t<div class=\"wpb_text_column wpb_content_element\" >\n\t\t<div class=\"wpb_wrapper\">\n\t\t\t<div id=\"output\" class=\"page-generator__output js-generator-output\">\n<p>Bislang war Ultraschall jedoch nur in zwei Dimensionen m\u00f6glich. Mit der Entwicklung des 3D-Ultraschalls ist es nun m\u00f6glich, das wachsende Baby im Raum - also dreidimensional - wie auf einem Foto zu sehen.<\/p>\n<p>&nbsp;<\/p>\n<p>Im Mittelpunkt dieser Ultraschalluntersuchung steht das Erleben der Eltern mit ihrem ungeborenen Kind. Dar\u00fcber hinaus liefert der 3D-Ultraschall wichtige diagnostische Ergebnisse, wenn Auff\u00e4lligkeiten in der normalen Ultraschalluntersuchung weitere Abkl\u00e4rungen erfordern.<\/p>\n<p>Der g\u00fcnstigste Zeitpunkt f\u00fcr 3D-Aufnahmen liegt bei 12-16 Schwangerschaftswochen (f\u00fcr Aufnahmen des gesamten Ungeborenen) und 25-33 Schwangerschaftswochen (f\u00fcr eindrucksvolle Detailaufnahmen einzelner Organe und K\u00f6rperteile des Ungeborenen). Prinzipiell sind auch fr\u00fchere oder sp\u00e4tere Untersuchungszeitpunkte m\u00f6glich.<\/p>\n<p>&nbsp;<\/p>\n<p><span style=\"color: #ff0000;\"><em>Beim weiterentwickelten 4-D-Ultraschall (auch Life-3D-Ultraschall genannt) kommt die zeitliche Dimension hinzu, so dass ein st\u00e4ndig aktualisiertes dreidimensionales Bild (Film) auf dem Ultraschallmonitor entsteht, in dem die Bewegungen des Babys praktisch verz\u00f6gerungsfrei dargestellt werden k\u00f6nnen.<\/em><\/span><\/p>\n<p>&nbsp;<\/p>\n<p>Besonders eindrucksvoll sind die Bilder, wenn das Baby bereits etwas weiter entwickelt ist (29-32 Schwangerschaftswochen). Gesichtsz\u00fcge und verst\u00e4ndliche Bewegungen k\u00f6nnen sichtbar gemacht werden und vermitteln den Eltern ein anschauliches Bild des Babys im Mutterleib. Aber auch zwischen der 12. und 16. Schwangerschaftswoche ist unter g\u00fcnstigen Bedingungen eine 4D-Ultraschalluntersuchung m\u00f6glich.<\/p>\n<p>&nbsp;<\/p>\n<p><em><span style=\"color: #ff0000;\">Die dreidimensionale Darstellung des Gesichts des ungeborenen Kindes erm\u00f6glicht sowohl eine genauere Untersuchung und Darstellung der Gesichtsstrukturen des Kindes als auch den Ausschluss von Anomalien in diesem Bereich.\u00a0<\/span> <\/em><\/div>\n\n\t\t<\/div>\n\t<\/div>\n<\/div><\/div><\/div><\/div>\n<\/div>","protected":false},"excerpt":{"rendered":"Ecografia copiluluiExamin\u0103rile ecografice regulate sunt o experien\u021b\u0103 special\u0103 pentru mama \u00eens\u0103rcinat\u0103. Aceste program\u0103ri sunt, de asemenea, foarte importante pentru viitorul tat\u0103. Experien\u021ba vizual\u0103 \u00eei ajut\u0103 s\u0103 construiasc\u0103 o rela\u021bie cu [...]","protected":false},"author":1,"featured_media":0,"parent":435,"menu_order":2,"comment_status":"closed","ping_status":"closed","template":"","meta":{"footnotes":""},"_links":{"self":[{"href":"https:\/\/frauenarztbellheim.de\/de\/wp-json\/wp\/v2\/pages\/485"}],"collection":[{"href":"https:\/\/frauenarztbellheim.de\/de\/wp-json\/wp\/v2\/pages"}],"about":[{"href":"https:\/\/frauenarztbellheim.de\/de\/wp-json\/wp\/v2\/types\/page"}],"author":[{"embeddable":true,"href":"https:\/\/frauenarztbellheim.de\/de\/wp-json\/wp\/v2\/users\/1"}],"replies":[{"embeddable":true,"href":"https:\/\/frauenarztbellheim.de\/de\/wp-json\/wp\/v2\/comments?post=485"}],"version-history":[{"count":6,"href":"https:\/\/frauenarztbellheim.de\/de\/wp-json\/wp\/v2\/pages\/485\/revisions"}],"predecessor-version":[{"id":987,"href":"https:\/\/frauenarztbellheim.de\/de\/wp-json\/wp\/v2\/pages\/485\/revisions\/987"}],"up":[{"embeddable":true,"href":"https:\/\/frauenarztbellheim.de\/de\/wp-json\/wp\/v2\/pages\/435"}],"wp:attachment":[{"href":"https:\/\/frauenarztbellheim.de\/de\/wp-json\/wp\/v2\/media?parent=485"}],"curies":[{"name":"wp","href":"https:\/\/api.w.org\/{rel}","templated":true}]}}