{"id":334,"date":"2024-03-06T13:17:55","date_gmt":"2024-03-06T13:17:55","guid":{"rendered":"http:\/\/frauenarztbellheim.de\/?page_id=334"},"modified":"2025-04-13T11:25:04","modified_gmt":"2025-04-13T09:25:04","slug":"servicii-2","status":"publish","type":"page","link":"https:\/\/frauenarztbellheim.de\/de\/servicii-2\/","title":{"rendered":"Dienstleistungen"},"content":{"rendered":"<div class=\"wpb-content-wrapper\"><div class=\"vc_row wpb_row vc_row-fluid\"><div class=\"wpb_column vc_column_container vc_col-sm-12\"><div class=\"vc_column-inner\" ><div class=\"wpb_wrapper\"><div class=\"vc_empty_space\"   style=\"height: 10px\"><span class=\"vc_empty_space_inner\"><\/span><\/div><div class=\"vc_empty_space\"   style=\"height: 50px\"><span class=\"vc_empty_space_inner\"><\/span><\/div><div class=\"dt-sc-title dotted    with-desc\"><h2>Dienstleistungen<\/h2><span><img decoding=\"async\" src=\"https:\/\/frauenarztbellheim.de\/wp-content\/uploads\/2024\/03\/servicii.png\" alt=\"\" style=\"background-color:;\"><\/span><h3>In unserer Praxis bieten wir eine Vielzahl von Dienstleistungen an, darunter gyn\u00e4kologische Beratungen, pr\u00e4natale Betreuung und vieles mehr. Unser Team ist darauf spezialisiert, Sie in jeder Phase dieser Dienstleistungen zu unterst\u00fctzen, indem wir Ihnen Ratschl\u00e4ge und Unterst\u00fctzung bieten. Unser Ziel ist es, gemeinsam mit unserem Team eine vertrauensvolle Atmosph\u00e4re f\u00fcr Sie zu schaffen.<\/h3><\/div><div class=\"vc_empty_space\"   style=\"height: 10px\"><span class=\"vc_empty_space_inner\"><\/span><\/div><\/div><\/div><\/div><\/div><div class=\"vc_row wpb_row vc_row-fluid\"><div class=\"wpb_column vc_column_container vc_col-sm-4\"><div class=\"vc_column-inner\" ><div class=\"wpb_wrapper\"><div class=\"dt-sc-colored-icon-box  pink\" ><img loading=\"lazy\" decoding=\"async\" width=\"500\" height=\"333\" src=\"https:\/\/frauenarztbellheim.de\/wp-content\/uploads\/2024\/03\/preventie-si-tratament.jpg\" class=\"attachment-full\" alt=\"\" title=\"preventie-si-tratament\" srcset=\"https:\/\/frauenarztbellheim.de\/wp-content\/uploads\/2024\/03\/preventie-si-tratament.jpg 500w, https:\/\/frauenarztbellheim.de\/wp-content\/uploads\/2024\/03\/preventie-si-tratament-300x200.jpg 300w\" sizes=\"(max-width: 500px) 100vw, 500px\" \/><div class='dt-sc-colored-content'>\n\t\t\t\t\t\t<a class='icon-image' target='_self' title='Pr\u00e4vention und Behandlung' href='https:\/\/frauenarztbellheim.de\/de\/servicii-2\/preventie-si-tratament\/'><img loading=\"lazy\" decoding=\"async\" width=\"70\" height=\"70\" src=\"https:\/\/frauenarztbellheim.de\/wp-content\/uploads\/2024\/03\/preventie-si-tratament.png\" class=\"attachment-full\" alt=\"\" title=\"preventie si tratament\" \/><\/a><div class='dt-sc-colored-content-title'>\n\t\t\t\t\t\t<h3><a target='_self' title='Pr\u00e4vention und Behandlung' href='https:\/\/frauenarztbellheim.de\/de\/servicii-2\/preventie-si-tratament\/'>Pr\u00e4vention und Behandlung\t<\/a><\/h3>\n\t\t\t\t\t <\/div>\n\t\t\t\t\t <\/div>\n\t\t\t    <\/div><\/div><\/div><\/div><div class=\"wpb_column vc_column_container vc_col-sm-4\"><div class=\"vc_column-inner\" ><div class=\"wpb_wrapper\"><div class=\"dt-sc-colored-icon-box  pink\" ><img loading=\"lazy\" decoding=\"async\" width=\"500\" height=\"333\" src=\"https:\/\/frauenarztbellheim.de\/wp-content\/uploads\/2024\/03\/Diagnostic.jpg\" class=\"attachment-full\" alt=\"\" title=\"Diagnose\" srcset=\"https:\/\/frauenarztbellheim.de\/wp-content\/uploads\/2024\/03\/Diagnostic.jpg 500w, https:\/\/frauenarztbellheim.de\/wp-content\/uploads\/2024\/03\/Diagnostic-300x200.jpg 300w\" sizes=\"(max-width: 500px) 100vw, 500px\" \/><div class='dt-sc-colored-content'>\n\t\t\t\t\t\t<a class='icon-image' target='_self' title='Diagnose' href='https:\/\/frauenarztbellheim.de\/de\/servicii-2\/diagnostic\/'><img loading=\"lazy\" decoding=\"async\" width=\"70\" height=\"70\" src=\"https:\/\/frauenarztbellheim.de\/wp-content\/uploads\/2024\/03\/diagnostic.png\" class=\"attachment-full\" alt=\"\" title=\"diagnostic\" \/><\/a><div class='dt-sc-colored-content-title'>\n\t\t\t\t\t\t<h3><a target='_self' title='Diagnose' href='https:\/\/frauenarztbellheim.de\/de\/servicii-2\/diagnostic\/'>Diagnose\t<\/a><\/h3>\n\t\t\t\t\t <\/div>\n\t\t\t\t\t <\/div>\n\t\t\t    <\/div><\/div><\/div><\/div><div class=\"wpb_column vc_column_container vc_col-sm-4\"><div class=\"vc_column-inner\" ><div class=\"wpb_wrapper\"><div class=\"dt-sc-colored-icon-box  pink\" ><img loading=\"lazy\" decoding=\"async\" width=\"500\" height=\"333\" src=\"https:\/\/frauenarztbellheim.de\/wp-content\/uploads\/2024\/03\/terapie.jpg\" class=\"attachment-full\" alt=\"\" title=\"terapie\" srcset=\"https:\/\/frauenarztbellheim.de\/wp-content\/uploads\/2024\/03\/terapie.jpg 500w, https:\/\/frauenarztbellheim.de\/wp-content\/uploads\/2024\/03\/terapie-300x200.jpg 300w\" sizes=\"(max-width: 500px) 100vw, 500px\" \/><div class='dt-sc-colored-content'>\n\t\t\t\t\t\t<a class='icon-image' target='_self' title='Therapie' href='https:\/\/frauenarztbellheim.de\/de\/servicii-2\/terapie\/'><img loading=\"lazy\" decoding=\"async\" width=\"70\" height=\"70\" src=\"https:\/\/frauenarztbellheim.de\/wp-content\/uploads\/2024\/03\/terapie.png\" class=\"attachment-full\" alt=\"\" title=\"terapie\" \/><\/a><div class='dt-sc-colored-content-title'>\n\t\t\t\t\t\t<h3><a target='_self' title='Therapie' href='https:\/\/frauenarztbellheim.de\/de\/servicii-2\/terapie\/'>Therapie\t<\/a><\/h3>\n\t\t\t\t\t <\/div>\n\t\t\t\t\t <\/div>\n\t\t\t    <\/div><\/div><\/div><\/div><\/div>\n<\/div>","protected":false},"excerpt":{"rendered":"ServiciiIn cabinetul nostru oferim o varietate de servicii, printre care se num\u0103r\u0103 consulturi ginecologice, \u00eengrijire prenatal\u0103 \u0219i multe altele. Echipa noastr\u0103 se angajeaz\u0103 s\u0103 v\u0103 asiste \u00een fiecare etap\u0103 a [...]","protected":false},"author":1,"featured_media":0,"parent":0,"menu_order":0,"comment_status":"closed","ping_status":"closed","template":"","meta":{"footnotes":""},"_links":{"self":[{"href":"https:\/\/frauenarztbellheim.de\/de\/wp-json\/wp\/v2\/pages\/334"}],"collection":[{"href":"https:\/\/frauenarztbellheim.de\/de\/wp-json\/wp\/v2\/pages"}],"about":[{"href":"https:\/\/frauenarztbellheim.de\/de\/wp-json\/wp\/v2\/types\/page"}],"author":[{"embeddable":true,"href":"https:\/\/frauenarztbellheim.de\/de\/wp-json\/wp\/v2\/users\/1"}],"replies":[{"embeddable":true,"href":"https:\/\/frauenarztbellheim.de\/de\/wp-json\/wp\/v2\/comments?post=334"}],"version-history":[{"count":31,"href":"https:\/\/frauenarztbellheim.de\/de\/wp-json\/wp\/v2\/pages\/334\/revisions"}],"predecessor-version":[{"id":991,"href":"https:\/\/frauenarztbellheim.de\/de\/wp-json\/wp\/v2\/pages\/334\/revisions\/991"}],"wp:attachment":[{"href":"https:\/\/frauenarztbellheim.de\/de\/wp-json\/wp\/v2\/media?parent=334"}],"curies":[{"name":"wp","href":"https:\/\/api.w.org\/{rel}","templated":true}]}}