{"id":314,"date":"2024-03-04T20:47:41","date_gmt":"2024-03-04T20:47:41","guid":{"rendered":"http:\/\/frauenarztbellheim.de\/?page_id=314"},"modified":"2024-05-16T11:04:41","modified_gmt":"2024-05-16T11:04:41","slug":"terapie-pe-baza-de-pessar-2","status":"publish","type":"page","link":"https:\/\/frauenarztbellheim.de\/de\/servicii-2\/terapie\/terapie-pe-baza-de-pessar-2\/","title":{"rendered":"Pessar-basierte Therapie"},"content":{"rendered":"<div class=\"wpb-content-wrapper\"><div class=\"vc_row wpb_row vc_row-fluid\"><div class=\"wpb_column vc_column_container vc_col-sm-12\"><div class=\"vc_column-inner\" ><div class=\"wpb_wrapper\"><div class=\"vc_empty_space\"   style=\"height: 100px\"><span class=\"vc_empty_space_inner\"><\/span><\/div>\n\t<div  class=\"wpb_single_image wpb_content_element vc_align_center  wpb_animate_when_almost_visible wpb_bounceInDown bounceInDown\">\n\t\t\n\t\t<figure class=\"wpb_wrapper vc_figure\">\n\t\t\t<div class=\"vc_single_image-wrapper vc_box_shadow_border  vc_box_border_grey\"><img loading=\"lazy\" decoding=\"async\" width=\"500\" height=\"333\" src=\"https:\/\/frauenarztbellheim.de\/wp-content\/uploads\/2024\/03\/Terapie-pe-baza-de-pessar.jpg\" class=\"vc_single_image-img attachment-large\" alt=\"\" title=\"Terapie-pe-baza-de-pessar2\" srcset=\"https:\/\/frauenarztbellheim.de\/wp-content\/uploads\/2024\/03\/Terapie-pe-baza-de-pessar.jpg 500w, https:\/\/frauenarztbellheim.de\/wp-content\/uploads\/2024\/03\/Terapie-pe-baza-de-pessar-300x200.jpg 300w\" sizes=\"(max-width: 500px) 100vw, 500px\" \/><\/div>\n\t\t<\/figure>\n\t<\/div>\n<div class=\"vc_empty_space\"   style=\"height: 50px\"><span class=\"vc_empty_space_inner\"><\/span><\/div><div class=\"dt-sc-title dotted    with-desc\"><h2>Pessar-basierte Therapie<\/h2><span><img decoding=\"async\" src=\"https:\/\/frauenarztbellheim.de\/wp-content\/uploads\/2024\/03\/servicii.png\" alt=\"\" style=\"background-color:;\"><\/span><h3>Behandlung von Stressharninkontinenz und Prolaps mit instabilem Beckenboden<\/h3><\/div><div class=\"vc_empty_space\"   style=\"height: 100px\"><span class=\"vc_empty_space_inner\"><\/span><\/div>\n\t<div class=\"wpb_text_column wpb_content_element\" >\n\t\t<div class=\"wpb_wrapper\">\n\t\t\t<div id=\"output\" class=\"page-generator__output js-generator-output\">\n<p>Das Pessar wird zur Behandlung von Patientinnen mit Belastungsinkontinenz oder Mischformen von Harn- und Belastungsinkontinenz eingesetzt, die zuvor nicht operiert wurden. Die Tr\u00e4gerin sollte \u00fcber einen stabilen Beckenboden verf\u00fcgen. Das Urethra-Pessar hat eine ringf\u00f6rmige Federkerneinlage, die das Pessar elastisch und formstabil macht. Die Pessarschale soll die Harnr\u00f6hre anheben, den \u00dcbergang zwischen Blase und Harnr\u00f6hre nach oben und vorne verschieben und so verhindern, dass sich die obere Harnr\u00f6hre in Stresssituationen (Husten, Bewegung) \u00f6ffnet. Einige Gewichte sind f\u00fcr den selbst\u00e4ndigen Austausch durch die Patientin geeignet.<\/p>\n<p>&nbsp;<\/p>\n<p>Auch Patientinnen mit Belastungsinkontinenz werden mit dem Schalenpessar behandelt; ein Prolaps in Kombination mit Inkontinenz kann durch die Schale besser zur\u00fcckgehalten werden.<\/p>\n<p>&nbsp;<\/p>\n<p><span style=\"color: #ff99cc;\"><strong><u>Kubisches Gewicht<\/u><\/strong><\/span><\/p>\n<p>Das W\u00fcrfelpessar kann zur Behandlung von Vaginal- und Uterusprolaps unterschiedlichen Grades eingesetzt werden. Die Saugwirkung der konkaven Fl\u00e4chen sorgt f\u00fcr Haftung und Erfolg bei starkem Prolaps und geringer Beckenbodenstabilit\u00e4t. W\u00fcrfelpessare eignen sich auch zur Narbenauflockerung und Erweiterung von Scheidenstrikturen in Kombination mit lokalen \u00d6strogenpr\u00e4paraten bei Entleerungs- oder Kohabitationsst\u00f6rungen und vor geplanten Operationen.<\/p>\n<p>Die Flexibilit\u00e4t des Materials erm\u00f6glicht eine Selbstbehandlung.<\/p>\n<p>Perforierte Matrizen erleichtern den Austausch und die Drainage von Sekreten.<\/p>\n<p>Der Haltefaden zum leichteren Wechseln wird durch eine Ecke des W\u00fcrfels gezogen und kann bei Bedarf auch an einem zentralen Knopf befestigt werden.<\/p>\n<p>&nbsp;<\/p>\n<p><span style=\"color: #ff0000;\"><em>Ihr Vorteil:<br \/>\n<\/em><\/span><\/p>\n<p><span style=\"color: #ff0000;\"><em>Beseitigen Sie Prolaps und Harninkontinenz ohne Operation.<\/em><\/span><\/p>\n<\/div>\n\n\t\t<\/div>\n\t<\/div>\n<\/div><\/div><\/div><\/div>\n<\/div>","protected":false},"excerpt":{"rendered":"Terapie pe baza de pessarTratamentul incontinen\u021bei urinare de stres \u0219i a prolapsului cu o podea pelvian\u0103 instabil\u0103 Pesarul este utilizat pentru a trata pacientele cu incontinen\u021b\u0103 de efort sau forme [...]","protected":false},"author":1,"featured_media":0,"parent":404,"menu_order":3,"comment_status":"closed","ping_status":"closed","template":"","meta":{"footnotes":""},"_links":{"self":[{"href":"https:\/\/frauenarztbellheim.de\/de\/wp-json\/wp\/v2\/pages\/314"}],"collection":[{"href":"https:\/\/frauenarztbellheim.de\/de\/wp-json\/wp\/v2\/pages"}],"about":[{"href":"https:\/\/frauenarztbellheim.de\/de\/wp-json\/wp\/v2\/types\/page"}],"author":[{"embeddable":true,"href":"https:\/\/frauenarztbellheim.de\/de\/wp-json\/wp\/v2\/users\/1"}],"replies":[{"embeddable":true,"href":"https:\/\/frauenarztbellheim.de\/de\/wp-json\/wp\/v2\/comments?post=314"}],"version-history":[{"count":27,"href":"https:\/\/frauenarztbellheim.de\/de\/wp-json\/wp\/v2\/pages\/314\/revisions"}],"predecessor-version":[{"id":880,"href":"https:\/\/frauenarztbellheim.de\/de\/wp-json\/wp\/v2\/pages\/314\/revisions\/880"}],"up":[{"embeddable":true,"href":"https:\/\/frauenarztbellheim.de\/de\/wp-json\/wp\/v2\/pages\/404"}],"wp:attachment":[{"href":"https:\/\/frauenarztbellheim.de\/de\/wp-json\/wp\/v2\/media?parent=314"}],"curies":[{"name":"wp","href":"https:\/\/api.w.org\/{rel}","templated":true}]}}