{"id":260,"date":"2024-02-27T12:23:57","date_gmt":"2024-02-27T12:23:57","guid":{"rendered":"http:\/\/frauenarztbellheim.de\/?page_id=260"},"modified":"2025-11-18T15:51:03","modified_gmt":"2025-11-18T14:51:03","slug":"despre-noi","status":"publish","type":"page","link":"https:\/\/frauenarztbellheim.de\/de\/despre-noi\/","title":{"rendered":"\u00dcber uns"},"content":{"rendered":"<div class=\"wpb-content-wrapper\"><div class=\"vc_row wpb_row vc_row-fluid\"><div class=\"wpb_column vc_column_container vc_col-sm-12\"><div class=\"vc_column-inner\" ><div class=\"wpb_wrapper\"><div class=\"vc_empty_space\"   style=\"height: 50px\"><span class=\"vc_empty_space_inner\"><\/span><\/div><div class=\"dt-sc-title     with-desc\"><h2>\u00dcber uns<\/h2><span><img decoding=\"async\" src=\"https:\/\/frauenarztbellheim.de\/wp-content\/uploads\/2024\/03\/title9.png\" alt=\"\" style=\"background-color:;\"><\/span><h3>Die Praxis Dr. Niculescu entstand, nachdem die gr\u00fcndende \u00c4rztin Ana-Maria Niculescu \u00fcber 20 Jahre Erfahrung auf dem Gebiet der Geburtshilfe-Gyn\u00e4kologie und verwandter Fachgebiete gesammelt hat, mit dem Ziel, den Patientinnen eine komplexe Ausbildung und eine reiche praktische Erfahrung zu bieten, die von einer menschlichen Komponente begleitet wird.<\/h3><\/div><\/div><\/div><\/div><\/div><div class=\"vc_row wpb_row vc_row-fluid\"><div class=\"wpb_column vc_column_container vc_col-sm-4\"><div class=\"vc_column-inner\" ><div class=\"wpb_wrapper\"><\/div><\/div><\/div><div class=\"wpb_column vc_column_container vc_col-sm-4\"><div class=\"vc_column-inner\" ><div class=\"wpb_wrapper\"><div class=\"flip-box-wrap\" style=\"\"><div class=\"flip-box ifb-jq-height  horizontal_flip_left flip-ifb-jq-height\" data-animation=\"\" data-animation-delay=\"03\" style=\"\" ><div class=\"ifb-flip-box\" id=\"flip-box-wrap-1165\"><div class=\"ifb-face ifb-front\" style=\"color:#00a4e0;background:#efefef; border-style: solid;border-width: 2px; border-color:#3eb5e0; border-radius: 1px;\">\r\n\t\t\t\t\t\t\t<div class=\"ifb-flip-box-section\">\r\n\t\t\t\t\t\t\t<div class=\"flip-box-icon\"><div class=\"ult-just-icon-wrapper\"><div class=\"align-icon\" style=\"text-align:center;\">\n<div class=\"aio-icon-img\" style=\"font-size:445px;display:inline-block;\" >\n\t<img decoding=\"async\" class=\"img-icon\" alt=\"null\" src=\"https:\/\/frauenarztbellheim.de\/wp-content\/uploads\/2024\/02\/Dr-Ana-Maria-Niculescu-1-e1589451279516.jpg\"\/>\n<\/div><\/div><\/div><\/div><h3 class=\"ult-responsive flipbox_heading\"  data-ultimate-target='#flip-box-wrap-1165 .ult-responsive.flipbox_heading'  data-responsive-json-new='{\"font-size\":\"\",\"line-height\":\"\"}'  style=\"color:#00a4e0; \">Dr. Ana-Maria Niculescu<\/h3><\/div><\/div><!-- END .front -->\r\n\t\t\t\t\t\t<div class=\"ifb-face ifb-back\" style=\"color:#00a4e0;background:#efefef; border-style: solid;border-width: 2px; border-color:#3eb5e0; border-radius: 1px;\">\r\n\t\t\t\t\t\t\t<div class=\"ifb-flip-box-section\"><h3 class=\"ult-responsive flipbox_heading\"  data-ultimate-target='#flip-box-wrap-1165 .ult-responsive.flipbox_heading'  data-responsive-json-new='{\"font-size\":\"\",\"line-height\":\"\"}'  style=\"color:#00a4e0; \">\u00dcber Dr. Ana-Maria Niculescu<\/h3><div class=\"ifb-desc-back\"><div class=\"ifb-flip-box-section-content ult-responsive\"  data-ultimate-target='#flip-box-wrap-1165 .ifb-flip-box-section-content.ult-responsive'  data-responsive-json-new='{\"font-size\":\"\",\"line-height\":\"\"}'  style=\"color:#00a4e0;\"><p>Ich bin Fach\u00e4rztin f\u00fcr Gyn\u00e4kologie und Geburtshilfe mit \u00fcber 25 Jahren klinischer Erfahrung, die ich in renommierten Kliniken in Deutschland und Rum\u00e4nien gesammelt habe. Im Laufe meiner Karriere war ich \u00fcber 20 Jahre lang als Fach- und Ober\u00e4rztin in spezialisierten medizinischen Einrichtungen beider L\u00e4nder t\u00e4tig.<\/p><\/div><\/div><div class=\"flip_link\"><a href=\"https:\/\/frauenarztbellheim.de\/de\/despre-noi\/dr-ana-maria-niculescu\/\" title=\"Dienstleistungen\"  style=\"background:#ffffff; color:#020000;\">Weitere Informationen<\/a><\/div><\/div><\/div><!-- END .back --><\/div> <!-- ifb-flip-box --><\/div> <!-- flip-box --><\/div><!-- End icon block --><\/div><\/div><\/div><div class=\"wpb_column vc_column_container vc_col-sm-4\"><div class=\"vc_column-inner\" ><div class=\"wpb_wrapper\"><\/div><\/div><\/div><\/div><div class=\"vc_row wpb_row vc_row-fluid\"><div class=\"wpb_column vc_column_container vc_col-sm-12\"><div class=\"vc_column-inner\" ><div class=\"wpb_wrapper\"><div class=\"vc_empty_space\"   style=\"height: 50px\"><span class=\"vc_empty_space_inner\"><\/span><\/div><div class=\"vc_empty_space\"   style=\"height: 50px\"><span class=\"vc_empty_space_inner\"><\/span><\/div><div class='intro-text'><h3>Haben Sie noch Fragen? Diskutieren Sie mit uns<\/h3><a href=\"https:\/\/frauenarztbellheim.de\/de\/contact\/\" target=\"_self\" title=\"Kontakt\" class=\"dt-sc-button medium fully-rounded-border with-icon icon-right\">Kontakt<span class='fab fa-accessible-icon'> <\/span><\/a><\/div><\/div><\/div><\/div><\/div>\n<\/div>","protected":false},"excerpt":{"rendered":"Despre noiPraxis Dr. Niculescu a luat fiinta dupa acumularea medicului fondator, Ana-Maria Niculescu a peste 20 ani de experienta in domeniul obstreticii \u2013ginecologiei, dar si a domeniilor de expertiza conexe, [...]","protected":false},"author":1,"featured_media":0,"parent":0,"menu_order":0,"comment_status":"closed","ping_status":"closed","template":"","meta":{"footnotes":""},"_links":{"self":[{"href":"https:\/\/frauenarztbellheim.de\/de\/wp-json\/wp\/v2\/pages\/260"}],"collection":[{"href":"https:\/\/frauenarztbellheim.de\/de\/wp-json\/wp\/v2\/pages"}],"about":[{"href":"https:\/\/frauenarztbellheim.de\/de\/wp-json\/wp\/v2\/types\/page"}],"author":[{"embeddable":true,"href":"https:\/\/frauenarztbellheim.de\/de\/wp-json\/wp\/v2\/users\/1"}],"replies":[{"embeddable":true,"href":"https:\/\/frauenarztbellheim.de\/de\/wp-json\/wp\/v2\/comments?post=260"}],"version-history":[{"count":28,"href":"https:\/\/frauenarztbellheim.de\/de\/wp-json\/wp\/v2\/pages\/260\/revisions"}],"predecessor-version":[{"id":1540,"href":"https:\/\/frauenarztbellheim.de\/de\/wp-json\/wp\/v2\/pages\/260\/revisions\/1540"}],"wp:attachment":[{"href":"https:\/\/frauenarztbellheim.de\/de\/wp-json\/wp\/v2\/media?parent=260"}],"curies":[{"name":"wp","href":"https:\/\/api.w.org\/{rel}","templated":true}]}}